{"id":60,"date":"2023-07-28T06:31:36","date_gmt":"2023-07-28T06:31:36","guid":{"rendered":"https:\/\/mundomagnoliophyta.com\/tienda\/?post_type=product&#038;p=60"},"modified":"2023-07-29T06:16:50","modified_gmt":"2023-07-29T12:16:50","slug":"pachypodium-lamerei-3-pulgadas-pack-25-piezas-mayoreo","status":"publish","type":"product","link":"https:\/\/mundomagnoliophyta.com\/tienda\/mayoreo\/pachypodium-lamerei-3in-25pz\/","title":{"rendered":"Pachypodium Lamerei 3 Pulgadas &#8211; Pack 25 Piezas [Mayoreo]"},"content":{"rendered":"<p>El Pachypodium Lamerei 3 Pulgadas (Palma Africana o Palma de Madagascar) es un g\u00e9nero de plantas que pertenece a la familia Apocynaceae.<\/p>\n<p><strong>IMPORTANTE:<\/strong><\/p>\n<p><strong>\u00bfQu\u00e9 incluye?<\/strong> 25 Piezas de Pachypodium en presentaci\u00f3n de maceta de 3 Pulgadas.<\/p>\n<p><strong>\u00bfC\u00f3mo se env\u00eda?<\/strong> Este Pachypodium se env\u00eda en su envase. El envase es el que se muestra en las im\u00e1genes del producto.<\/p>\n<p>La planta se env\u00eda ya tratada, es decir, aplicamos fungicidas para proteger la ra\u00edz de la planta y que te llegue en \u00f3ptimas condiciones.<\/p>\n<p>Esta planta es caducifolia, quiere decir que de forma natural pierde su follaje en oto\u00f1o\/invierno. En primavera\/verano tiene follaje. Como cualquier otra planta, al momento de empacarla y enviarla, puede perder follaje, esto es normal cuando se env\u00edan por paqueter\u00eda. Eso no afecta a la planta en lo m\u00e1s m\u00ednimo. Tu planta no va a morir durante el tiempo de traslado. Hemos mantenido en tr\u00e1nsito a estas plantas hasta por 20 d\u00edas y no mueren. Son muy resistentes.<\/p>\n<p><strong>\u00bfQu\u00e9 hacer cuando recibo mi planta?<\/strong><br \/>\nSi recibes tu planta a ra\u00edz desnuda, lo que vas a hacer una vez que recibes el paquete es lo siguiente:<br \/>\n1.- Abrir el paquete y sacar las plantas.<br \/>\n2.- Si recibes tus plantas a ra\u00edz desnuda entonces las vas a rociar con abundante agua hasta empaparlas. Si recibes tus plantas con maceta las vas a regar con abundante agua. Dejarlas reposar un par de horas bajo la sombra. Esto les ayuda a aclimatarse al nuevo ambiente del lugar donde te encuentras.<br \/>\n3.- Envasar tu planta. Nosotros utilizamos un sustrato preparado con las siguientes porciones de materiales: 50% Tierra negra, 25% Tepojal y 25% Tierra de hoja. Procura envasarla en una maceta proporcional a su tama\u00f1o. Puedes usar maceta de pl\u00e1stico o del material de tu preferencia.<br \/>\n4.- Regarla con abundante agua a diario para que se vaya rehidratando.<\/p>\n<p><strong>Sugerencias extras (independientemente si la recibes en maceta o a ra\u00edz desnuda):<\/strong><br \/>\nEn la primer semana en que hayas recibido tu planta sugerimos lo siguiente.<br \/>\n1.- Aplicar fungicida. Este es un preventivo. Lo vas a aplicar 1 vez por semana. Durante un periodo de 1 mes. Por lo tanto vas a aplicarlo 4 veces en todo el mes. Elige el fungicida de tu preferencia. Esto es simplemente por prevenci\u00f3n. No importa si no lo aplicas.<\/p>\n<p>2.- Aplicar enraizador. Este es para darle un impulso a tu planta. Lo vas a aplicar 1 vez cada 2 semanas. Durante un periodo de 1 mes. Por lo tanto vas a aplicarlo 2 veces en todo el mes. Elige el fungicida de tu preferencia. Esto es simplemente para impulsar a la planta. No importa si no lo aplicas.<\/p>\n<p>&nbsp;<\/p>\n<h2>Descripci\u00f3n del Producto.<\/h2>\n<p>El Pachypodium (Palma Africana o Palma de Madagascar) es un g\u00e9nero de plantas que pertenece a la familia Apocynaceae.<\/p>\n<p>Esta planta es originaria del pa\u00eds de <strong>Madagascar, \u00c1frica<\/strong>. Un lugar des\u00e9rtico en la gran mayor\u00eda de su extensi\u00f3n territorial. Donde la planta crece y <strong>se adapta a los climas extremos<\/strong> que el desierto propicia en sus diferentes \u00e9pocas del a\u00f1o.<\/p>\n<p>Somos productores, nos encontramos en el estado de Morelos, M\u00e9xico.<\/p>\n<p><strong>Nombre com\u00fan de esta planta:<\/strong><br \/>\nPalma de Madagascar.<br \/>\nPalma Africana.<br \/>\nPalmera de Madagascar.<br \/>\nPalmera Africana.<br \/>\nCactus de Madagascar.<br \/>\nCactus Africano.<br \/>\nPlanta de Madagascar.<br \/>\n\u00c1rbol de Madagascar.<br \/>\nPachy.<\/p>\n<p><strong>Lectura recomendada: <a href=\"https:\/\/mundomagnoliophyta.com\/flor-de-pachypodium-lamerei-como-es\/\">\u00bfC\u00f3mo es la flor de este Pachypodium Lamerei?<\/a><\/strong><\/p>\n<p>&nbsp;<\/p>\n<h2>Caracter\u00edsticas del Pachypodium Lamerei 3&#8243;.<\/h2>\n<p>Altura total (promedio): 12cm<\/p>\n<p>Altura solo del tallo y el follaje (promedio): 6cm.<\/p>\n<p>*La altura es promedio ya que cada planta es \u00fanica, puede haber ligeras variaciones en tama\u00f1o y presentaci\u00f3n visual.<\/p>\n<p>&nbsp;<\/p>\n<h2>Lugar ideal.<\/h2>\n<p>Para esta planta se recomiendan colocarla en un lugar donde reciba el sol ya sea de la ma\u00f1ana o de la tarde. Tambi\u00e9n es ideal colocarla en un domo. Ya que el calor y el sol es un elemento principal para un buen desarrollo y crecimiento de la planta.<\/p>\n<p>&nbsp;<\/p>\n<h2>Riego.<\/h2>\n<p>Al colocar la planta en estas condiciones, se recomienda regarla con agua a diario. En temporadas de lluvia y de invierno, el riego puede disminuir a \u00a03 veces por semana. Dependiendo c\u00f3mo se observe la humedad en la tierra de la planta.<\/p>\n<p>&nbsp;<\/p>\n<h2>Vida Adulta.<\/h2>\n<p>La vida adulta del Pachypodium Lamerei 3 Pulgadas. <strong>\u00bfC\u00f3mo es?<\/strong> Se convierte en un arbolito que puede medir entre 3 y 5 metros de altura. Aproximadamente a la edad de 7 u 8 a\u00f1os el Pachypodium Lamerei comienza a florear. Produce un ramillete con flores blancas. Este ramillete de flores puede durar de 3 a 4 meses. La flor sale en la punta del tallo del Pachypodium, posteriormente el tallo (o tronco) se ramifica, normalmente salen 2 ramas (a veces 3 ramas). Por eso es que despu\u00e9s de varias floraciones la planta se llega a convertir en una especie de arbolito ramificado.<\/p>\n<p>Mira a fotograf\u00eda en seguida para que te des una idea de c\u00f3mo es la flor de Pachypodium Lamerei y c\u00f3mo es su forma una vez que alcanza la vida adulta.<\/p>\n<h2>\u00bfC\u00f3mo es el proceso de crecimiento y producci\u00f3n en nuestro vivero?<\/h2>\n<p>Ver el video a continuaci\u00f3n.<\/p>\n<p>&nbsp;<\/p>\n<blockquote class=\"embedly-card\">\n<h4><a href=\"https:\/\/youtu.be\/V7VPjxjo-8s\">Proceso de crecimiento de Pachypodium Lamerei.<\/a><\/h4>\n<p>Descubre c\u00f3mo es el proceso de producci\u00f3n del Pachypodium Lamerei o Palma de Madagascar. En este video observamos el desarrollo de la planta desde la semilla&#8230;<\/p><\/blockquote>\n<p><script async=\"\" src=\"\/\/cdn.embedly.com\/widgets\/platform.js\" charset=\"UTF-8\"><\/script><\/p>\n<h2>\u00bfC\u00f3mo crece y c\u00f3mo es la flor del Pachypodium Lamerei?<\/h2>\n<figure id=\"attachment_2235\" aria-describedby=\"caption-attachment-2235\" style=\"width: 800px\" class=\"wp-caption alignnone\"><a href=\"https:\/\/mundomagnoliophyta.com\/wp-content\/uploads\/2020\/05\/Ramificaci\u00f3n-de-un-Pachypodium-Lamerei-Vivero-Magnoliophyta.jpg\"><img loading=\"lazy\" decoding=\"async\" class=\"wp-image-2235 size-full\" src=\"https:\/\/mundomagnoliophyta.com\/wp-content\/uploads\/2020\/05\/Ramificaci\u00f3n-de-un-Pachypodium-Lamerei-Vivero-Magnoliophyta.jpg\" alt=\"Ramificaci\u00f3n del Pachypodium Lamerei en vida adulta.\" width=\"800\" height=\"450\" \/><\/a><figcaption id=\"caption-attachment-2235\" class=\"wp-caption-text\">Aqu\u00ed observamos c\u00f3mo florece y ramifica el Pachypodium Lamerei cuando es adulto.<\/figcaption><\/figure>\n<p>&nbsp;<\/p>\n<figure id=\"attachment_1983\" aria-describedby=\"caption-attachment-1983\" style=\"width: 1024px\" class=\"wp-caption alignnone\"><a href=\"https:\/\/mundomagnoliophyta.com\/wp-content\/uploads\/2020\/04\/Flor-de-Pachypodium-Lamerei-2-vivero-magnoliophyta-web.jpg\"><img loading=\"lazy\" decoding=\"async\" class=\"wp-image-1983 size-large\" src=\"https:\/\/mundomagnoliophyta.com\/wp-content\/uploads\/2020\/04\/Flor-de-Pachypodium-Lamerei-2-vivero-magnoliophyta-web-1024x768.jpg\" alt=\"Flor de Pachypodium Lamerei\" width=\"1024\" height=\"768\" \/><\/a><figcaption id=\"caption-attachment-1983\" class=\"wp-caption-text\">As\u00ed es la flor del Pachypodium Lamerei. Hermosa flor blanca con un centro en tonos amarillos.<\/figcaption><\/figure>\n<h2>\u00bfTienes dudas?<\/h2>\n<p>[wpforms id=\u00bb3788&#8243; title=\u00bbfalse\u00bb description=\u00bbtrue\u00bb]<\/p>\n","protected":false},"excerpt":{"rendered":"<ul>\n<li style=\"color: #2e9b03;\">Compra segura y protegida con SSL.<\/li>\n<li style=\"color: #2e9b03;\">Paga en OXXO, con Tarjeta o Transferencia.<\/li>\n<li style=\"color: #2e9b03;\">Recibe el producto que esperas o te devolvemos tu dinero.<\/li>\n<\/ul>\n<div id=\"gtx-trans\" style=\"position: absolute; left: 6px; top: -3px;\">\n<div class=\"gtx-trans-icon\"><\/div>\n<\/div>\n","protected":false},"featured_media":47,"template":"","meta":[],"product_brand":[],"product_cat":[32],"product_tag":[22,23,21],"class_list":{"0":"post-60","1":"product","2":"type-product","3":"status-publish","4":"has-post-thumbnail","6":"product_cat-mayoreo","7":"product_tag-cactus-africano","8":"product_tag-cactus-de-madagascar","9":"product_tag-plantas","11":"first","12":"outofstock","13":"sold-individually","14":"shipping-taxable","15":"purchasable","16":"product-type-simple"},"yoast_head":"<!-- This site is optimized with the Yoast SEO plugin v25.4 - https:\/\/yoast.com\/wordpress\/plugins\/seo\/ -->\n<title>Pachypodium Lamerei 3 Pulgadas - Pack 25 Piezas [Mayoreo]<\/title>\n<meta name=\"description\" content=\"Pachypodium Lamerei 3 Pulgadas Mayoreo. Es el Pachypodium m\u00e1s buscado en internet. Encuentra aqu\u00ed precios de mayoreo. Ver precios ahora!\" \/>\n<meta name=\"robots\" content=\"noindex, follow\" \/>\n<meta property=\"og:locale\" content=\"es_ES\" \/>\n<meta property=\"og:type\" content=\"article\" \/>\n<meta property=\"og:title\" content=\"Pachypodium Lamerei 3 Pulgadas - Pack 25 Piezas [Mayoreo]\" \/>\n<meta property=\"og:description\" content=\"Pachypodium Lamerei 3 Pulgadas Mayoreo. Es el Pachypodium m\u00e1s buscado en internet. Encuentra aqu\u00ed precios de mayoreo. Ver precios ahora!\" \/>\n<meta property=\"og:url\" content=\"https:\/\/mundomagnoliophyta.com\/tienda\/mayoreo\/pachypodium-lamerei-3in-25pz\/\" \/>\n<meta property=\"og:site_name\" content=\"Tienda Vivero Magnoliophyta\" \/>\n<meta property=\"article:modified_time\" content=\"2023-07-29T12:16:50+00:00\" \/>\n<meta property=\"og:image\" content=\"https:\/\/mundomagnoliophyta.com\/tienda\/wp-content\/uploads\/2023\/07\/Pachypodium-Lamerei-3-Pulgadas-11-11-e1577473608298.jpg\" \/>\n\t<meta property=\"og:image:width\" content=\"1584\" \/>\n\t<meta property=\"og:image:height\" content=\"1174\" \/>\n\t<meta property=\"og:image:type\" content=\"image\/jpeg\" \/>\n<meta name=\"twitter:card\" content=\"summary_large_image\" \/>\n<meta name=\"twitter:label1\" content=\"Tiempo de lectura\" \/>\n\t<meta name=\"twitter:data1\" content=\"5 minutos\" \/>\n<script type=\"application\/ld+json\" class=\"yoast-schema-graph\">{\"@context\":\"https:\/\/schema.org\",\"@graph\":[{\"@type\":\"WebPage\",\"@id\":\"https:\/\/mundomagnoliophyta.com\/tienda\/mayoreo\/pachypodium-lamerei-3in-25pz\/\",\"url\":\"https:\/\/mundomagnoliophyta.com\/tienda\/mayoreo\/pachypodium-lamerei-3in-25pz\/\",\"name\":\"Pachypodium Lamerei 3 Pulgadas - Pack 25 Piezas [Mayoreo]\",\"isPartOf\":{\"@id\":\"https:\/\/mundomagnoliophyta.com\/tienda\/#website\"},\"primaryImageOfPage\":{\"@id\":\"https:\/\/mundomagnoliophyta.com\/tienda\/mayoreo\/pachypodium-lamerei-3in-25pz\/#primaryimage\"},\"image\":{\"@id\":\"https:\/\/mundomagnoliophyta.com\/tienda\/mayoreo\/pachypodium-lamerei-3in-25pz\/#primaryimage\"},\"thumbnailUrl\":\"https:\/\/mundomagnoliophyta.com\/tienda\/wp-content\/uploads\/2023\/07\/Pachypodium-Lamerei-3-Pulgadas-11-11-e1577473608298.jpg\",\"datePublished\":\"2023-07-28T06:31:36+00:00\",\"dateModified\":\"2023-07-29T12:16:50+00:00\",\"description\":\"Pachypodium Lamerei 3 Pulgadas Mayoreo. Es el Pachypodium m\u00e1s buscado en internet. Encuentra aqu\u00ed precios de mayoreo. Ver precios ahora!\",\"breadcrumb\":{\"@id\":\"https:\/\/mundomagnoliophyta.com\/tienda\/mayoreo\/pachypodium-lamerei-3in-25pz\/#breadcrumb\"},\"inLanguage\":\"es\",\"potentialAction\":[{\"@type\":\"ReadAction\",\"target\":[\"https:\/\/mundomagnoliophyta.com\/tienda\/mayoreo\/pachypodium-lamerei-3in-25pz\/\"]}]},{\"@type\":\"ImageObject\",\"inLanguage\":\"es\",\"@id\":\"https:\/\/mundomagnoliophyta.com\/tienda\/mayoreo\/pachypodium-lamerei-3in-25pz\/#primaryimage\",\"url\":\"https:\/\/mundomagnoliophyta.com\/tienda\/wp-content\/uploads\/2023\/07\/Pachypodium-Lamerei-3-Pulgadas-11-11-e1577473608298.jpg\",\"contentUrl\":\"https:\/\/mundomagnoliophyta.com\/tienda\/wp-content\/uploads\/2023\/07\/Pachypodium-Lamerei-3-Pulgadas-11-11-e1577473608298.jpg\",\"width\":1584,\"height\":1174},{\"@type\":\"BreadcrumbList\",\"@id\":\"https:\/\/mundomagnoliophyta.com\/tienda\/mayoreo\/pachypodium-lamerei-3in-25pz\/#breadcrumb\",\"itemListElement\":[{\"@type\":\"ListItem\",\"position\":1,\"name\":\"Portada\",\"item\":\"https:\/\/mundomagnoliophyta.com\/tienda\/\"},{\"@type\":\"ListItem\",\"position\":2,\"name\":\"Tienda\",\"item\":\"https:\/\/mundomagnoliophyta.com\/tienda\/tienda\/\"},{\"@type\":\"ListItem\",\"position\":3,\"name\":\"Pachypodium Lamerei 3 Pulgadas &#8211; Pack 25 Piezas [Mayoreo]\"}]},{\"@type\":\"WebSite\",\"@id\":\"https:\/\/mundomagnoliophyta.com\/tienda\/#website\",\"url\":\"https:\/\/mundomagnoliophyta.com\/tienda\/\",\"name\":\"Tienda Vivero Magnoliophyta\",\"description\":\"Tienda de Pachypodium, Echeveria Laui, Grusonii y Adenium\",\"publisher\":{\"@id\":\"https:\/\/mundomagnoliophyta.com\/tienda\/#organization\"},\"potentialAction\":[{\"@type\":\"SearchAction\",\"target\":{\"@type\":\"EntryPoint\",\"urlTemplate\":\"https:\/\/mundomagnoliophyta.com\/tienda\/?s={search_term_string}\"},\"query-input\":{\"@type\":\"PropertyValueSpecification\",\"valueRequired\":true,\"valueName\":\"search_term_string\"}}],\"inLanguage\":\"es\"},{\"@type\":\"Organization\",\"@id\":\"https:\/\/mundomagnoliophyta.com\/tienda\/#organization\",\"name\":\"Tienda Vivero Magnoliophyta\",\"url\":\"https:\/\/mundomagnoliophyta.com\/tienda\/\",\"logo\":{\"@type\":\"ImageObject\",\"inLanguage\":\"es\",\"@id\":\"https:\/\/mundomagnoliophyta.com\/tienda\/#\/schema\/logo\/image\/\",\"url\":\"https:\/\/mundomagnoliophyta.com\/tienda\/wp-content\/uploads\/2023\/07\/Logo-Magnoliophyta-web.png\",\"contentUrl\":\"https:\/\/mundomagnoliophyta.com\/tienda\/wp-content\/uploads\/2023\/07\/Logo-Magnoliophyta-web.png\",\"width\":331,\"height\":71,\"caption\":\"Tienda Vivero Magnoliophyta\"},\"image\":{\"@id\":\"https:\/\/mundomagnoliophyta.com\/tienda\/#\/schema\/logo\/image\/\"}}]}<\/script>\n<!-- \/ Yoast SEO plugin. -->","yoast_head_json":{"title":"Pachypodium Lamerei 3 Pulgadas - Pack 25 Piezas [Mayoreo]","description":"Pachypodium Lamerei 3 Pulgadas Mayoreo. Es el Pachypodium m\u00e1s buscado en internet. Encuentra aqu\u00ed precios de mayoreo. Ver precios ahora!","robots":{"index":"noindex","follow":"follow"},"og_locale":"es_ES","og_type":"article","og_title":"Pachypodium Lamerei 3 Pulgadas - Pack 25 Piezas [Mayoreo]","og_description":"Pachypodium Lamerei 3 Pulgadas Mayoreo. Es el Pachypodium m\u00e1s buscado en internet. Encuentra aqu\u00ed precios de mayoreo. Ver precios ahora!","og_url":"https:\/\/mundomagnoliophyta.com\/tienda\/mayoreo\/pachypodium-lamerei-3in-25pz\/","og_site_name":"Tienda Vivero Magnoliophyta","article_modified_time":"2023-07-29T12:16:50+00:00","og_image":[{"width":1584,"height":1174,"url":"https:\/\/mundomagnoliophyta.com\/tienda\/wp-content\/uploads\/2023\/07\/Pachypodium-Lamerei-3-Pulgadas-11-11-e1577473608298.jpg","type":"image\/jpeg"}],"twitter_card":"summary_large_image","twitter_misc":{"Tiempo de lectura":"5 minutos"},"schema":{"@context":"https:\/\/schema.org","@graph":[{"@type":"WebPage","@id":"https:\/\/mundomagnoliophyta.com\/tienda\/mayoreo\/pachypodium-lamerei-3in-25pz\/","url":"https:\/\/mundomagnoliophyta.com\/tienda\/mayoreo\/pachypodium-lamerei-3in-25pz\/","name":"Pachypodium Lamerei 3 Pulgadas - Pack 25 Piezas [Mayoreo]","isPartOf":{"@id":"https:\/\/mundomagnoliophyta.com\/tienda\/#website"},"primaryImageOfPage":{"@id":"https:\/\/mundomagnoliophyta.com\/tienda\/mayoreo\/pachypodium-lamerei-3in-25pz\/#primaryimage"},"image":{"@id":"https:\/\/mundomagnoliophyta.com\/tienda\/mayoreo\/pachypodium-lamerei-3in-25pz\/#primaryimage"},"thumbnailUrl":"https:\/\/mundomagnoliophyta.com\/tienda\/wp-content\/uploads\/2023\/07\/Pachypodium-Lamerei-3-Pulgadas-11-11-e1577473608298.jpg","datePublished":"2023-07-28T06:31:36+00:00","dateModified":"2023-07-29T12:16:50+00:00","description":"Pachypodium Lamerei 3 Pulgadas Mayoreo. Es el Pachypodium m\u00e1s buscado en internet. Encuentra aqu\u00ed precios de mayoreo. Ver precios ahora!","breadcrumb":{"@id":"https:\/\/mundomagnoliophyta.com\/tienda\/mayoreo\/pachypodium-lamerei-3in-25pz\/#breadcrumb"},"inLanguage":"es","potentialAction":[{"@type":"ReadAction","target":["https:\/\/mundomagnoliophyta.com\/tienda\/mayoreo\/pachypodium-lamerei-3in-25pz\/"]}]},{"@type":"ImageObject","inLanguage":"es","@id":"https:\/\/mundomagnoliophyta.com\/tienda\/mayoreo\/pachypodium-lamerei-3in-25pz\/#primaryimage","url":"https:\/\/mundomagnoliophyta.com\/tienda\/wp-content\/uploads\/2023\/07\/Pachypodium-Lamerei-3-Pulgadas-11-11-e1577473608298.jpg","contentUrl":"https:\/\/mundomagnoliophyta.com\/tienda\/wp-content\/uploads\/2023\/07\/Pachypodium-Lamerei-3-Pulgadas-11-11-e1577473608298.jpg","width":1584,"height":1174},{"@type":"BreadcrumbList","@id":"https:\/\/mundomagnoliophyta.com\/tienda\/mayoreo\/pachypodium-lamerei-3in-25pz\/#breadcrumb","itemListElement":[{"@type":"ListItem","position":1,"name":"Portada","item":"https:\/\/mundomagnoliophyta.com\/tienda\/"},{"@type":"ListItem","position":2,"name":"Tienda","item":"https:\/\/mundomagnoliophyta.com\/tienda\/tienda\/"},{"@type":"ListItem","position":3,"name":"Pachypodium Lamerei 3 Pulgadas &#8211; Pack 25 Piezas [Mayoreo]"}]},{"@type":"WebSite","@id":"https:\/\/mundomagnoliophyta.com\/tienda\/#website","url":"https:\/\/mundomagnoliophyta.com\/tienda\/","name":"Tienda Vivero Magnoliophyta","description":"Tienda de Pachypodium, Echeveria Laui, Grusonii y Adenium","publisher":{"@id":"https:\/\/mundomagnoliophyta.com\/tienda\/#organization"},"potentialAction":[{"@type":"SearchAction","target":{"@type":"EntryPoint","urlTemplate":"https:\/\/mundomagnoliophyta.com\/tienda\/?s={search_term_string}"},"query-input":{"@type":"PropertyValueSpecification","valueRequired":true,"valueName":"search_term_string"}}],"inLanguage":"es"},{"@type":"Organization","@id":"https:\/\/mundomagnoliophyta.com\/tienda\/#organization","name":"Tienda Vivero Magnoliophyta","url":"https:\/\/mundomagnoliophyta.com\/tienda\/","logo":{"@type":"ImageObject","inLanguage":"es","@id":"https:\/\/mundomagnoliophyta.com\/tienda\/#\/schema\/logo\/image\/","url":"https:\/\/mundomagnoliophyta.com\/tienda\/wp-content\/uploads\/2023\/07\/Logo-Magnoliophyta-web.png","contentUrl":"https:\/\/mundomagnoliophyta.com\/tienda\/wp-content\/uploads\/2023\/07\/Logo-Magnoliophyta-web.png","width":331,"height":71,"caption":"Tienda Vivero Magnoliophyta"},"image":{"@id":"https:\/\/mundomagnoliophyta.com\/tienda\/#\/schema\/logo\/image\/"}}]}},"_links":{"self":[{"href":"https:\/\/mundomagnoliophyta.com\/tienda\/wp-json\/wp\/v2\/product\/60","targetHints":{"allow":["GET"]}}],"collection":[{"href":"https:\/\/mundomagnoliophyta.com\/tienda\/wp-json\/wp\/v2\/product"}],"about":[{"href":"https:\/\/mundomagnoliophyta.com\/tienda\/wp-json\/wp\/v2\/types\/product"}],"wp:featuredmedia":[{"embeddable":true,"href":"https:\/\/mundomagnoliophyta.com\/tienda\/wp-json\/wp\/v2\/media\/47"}],"wp:attachment":[{"href":"https:\/\/mundomagnoliophyta.com\/tienda\/wp-json\/wp\/v2\/media?parent=60"}],"wp:term":[{"taxonomy":"product_brand","embeddable":true,"href":"https:\/\/mundomagnoliophyta.com\/tienda\/wp-json\/wp\/v2\/product_brand?post=60"},{"taxonomy":"product_cat","embeddable":true,"href":"https:\/\/mundomagnoliophyta.com\/tienda\/wp-json\/wp\/v2\/product_cat?post=60"},{"taxonomy":"product_tag","embeddable":true,"href":"https:\/\/mundomagnoliophyta.com\/tienda\/wp-json\/wp\/v2\/product_tag?post=60"}],"curies":[{"name":"wp","href":"https:\/\/api.w.org\/{rel}","templated":true}]}}