{"id":40,"date":"2023-07-28T06:31:10","date_gmt":"2023-07-28T06:31:10","guid":{"rendered":"https:\/\/mundomagnoliophyta.com\/tienda\/?post_type=product&#038;p=40"},"modified":"2023-07-29T06:20:52","modified_gmt":"2023-07-29T12:20:52","slug":"pachypodium-horombense-3-pulgadas-1-pieza","status":"publish","type":"product","link":"https:\/\/mundomagnoliophyta.com\/tienda\/pachypodium\/horombense\/horombense-3in-1pz\/","title":{"rendered":"Pachypodium Horombense 3 Pulgadas &#8211; 1 Pieza"},"content":{"rendered":"<p>El Pachypodium Horombense 3 Pulgadas (Cactus Africano, Cactus de Madagascar o Pachypodium de Flor Amarilla) es un g\u00e9nero de plantas que pertenece a la familia Apocynaceae.<\/p>\n<p><strong>IMPORTANTE:<\/strong><\/p>\n<p><strong>\u00bfQu\u00e9 incluye?<\/strong> 1 Pieza de Pachypodium en presentaci\u00f3n de maceta de 3 Pulgadas.<\/p>\n<p><strong>\u00bfC\u00f3mo se env\u00eda?<\/strong> Este Pachypodium se env\u00eda en maceta.<\/p>\n<p>La planta se env\u00eda ya tratada, es decir, aplicamos fungicidas para proteger la ra\u00edz de la planta y que te llegue en \u00f3ptimas condiciones.<\/p>\n<p>Esta planta es caducifolia, quiere decir que de forma natural pierde su follaje en oto\u00f1o\/invierno. En primavera\/verano tiene follaje. Como cualquier otra planta, al momento de empacarla y enviarla, puede perder follaje, esto es normal cuando se env\u00edan por paqueter\u00eda. Eso no afecta a la planta en lo m\u00e1s m\u00ednimo. Tu planta no va a morir durante el tiempo de traslado. Hemos mantenido en tr\u00e1nsito a estas plantas hasta por 20 d\u00edas y no mueren. Son muy resistentes.<\/p>\n<h2>\u00bfQu\u00e9 hacer cuando recibo mi planta?<\/h2>\n<p>Si recibes tu planta a ra\u00edz desnuda, lo que vas a hacer una vez que recibes el paquete es lo siguiente:<br \/>\n1.- Abrir el paquete y sacar las plantas.<br \/>\n2.- Si recibes tus plantas a ra\u00edz desnuda entonces las vas a rociar con abundante agua hasta empaparlas. Si recibes tus plantas con maceta las vas a regar con abundante agua. Dejarlas reposar un par de horas bajo la sombra. Esto les ayuda a aclimatarse al nuevo ambiente del lugar donde te encuentras.<br \/>\n3.- Envasar tu planta. Nosotros utilizamos un sustrato preparado con las siguientes porciones de materiales: 50% Tierra negra, 25% Tepojal y 25% Tierra de hoja. Procura envasarla en una maceta proporcional a su tama\u00f1o. Puedes usar maceta de pl\u00e1stico o del material de tu preferencia.<br \/>\n4.- Regarla con abundante agua a diario para que se vaya rehidratando.<\/p>\n<p><strong>Sugerencias extras (independientemente si la recibes en maceta o a ra\u00edz desnuda):<\/strong><br \/>\nEn la primer semana en que hayas recibido tu planta sugerimos lo siguiente.<br \/>\n1.- Aplicar fungicida. Este es un preventivo. Lo vas a aplicar 1 vez por semana. Durante un periodo de 1 mes. Por lo tanto vas a aplicarlo 4 veces en todo el mes. Elige el fungicida de tu preferencia. Esto es simplemente por prevenci\u00f3n. No importa si no lo aplicas.<\/p>\n<p>2.- Aplicar enraizador. Este es para darle un impulso a tu planta. Lo vas a aplicar 1 vez cada 2 semanas. Durante un periodo de 1 mes. Por lo tanto vas a aplicarlo 2 veces en todo el mes. Elige el fungicida de tu preferencia. Esto es simplemente para impulsar a la planta. No importa si no lo aplicas.<\/p>\n<p>&nbsp;<\/p>\n<h2>Descripci\u00f3n del Producto.<\/h2>\n<p>El Pachypodium (Palma Africana o Palma de Madagascar) es un g\u00e9nero de plantas que pertenece a la familia Apocynaceae.<\/p>\n<p>Esta planta es originaria del pa\u00eds del continente<strong> Africano<\/strong>. Un lugar des\u00e9rtico en la gran mayor\u00eda de su extensi\u00f3n territorial. Donde la planta crece y\u00a0<strong>se adapta a los climas extremos<\/strong>\u00a0que el desierto propicia en sus diferentes \u00e9pocas del a\u00f1o.<\/p>\n<p>Somos productores, nos encontramos en el estado de Morelos, M\u00e9xico.<\/p>\n<p><strong>Nombre com\u00fan de esta planta:<\/strong><br \/>\nCactus de Madagascar.<br \/>\nCactus Africano.<br \/>\nPlanta de Madagascar.<br \/>\n\u00c1rbol de Madagascar.<br \/>\nPachy.<br \/>\nPachypodium de flor amarilla.<\/p>\n<p><strong>Lectura recomendada: <a href=\"https:\/\/mundomagnoliophyta.com\/cuales-son-las-variedades-de-pachypodium\/\">\u00bfCu\u00e1les son todas las variedades de Pachypodium documentadas?<\/a><\/strong><\/p>\n<p>&nbsp;<\/p>\n<h2>Caracter\u00edsticas Pachypodium Horombense 3&#8243;.<\/h2>\n<p>Altura total (promedio): 11cm.<\/p>\n<p>Altura solo del tallo y el follaje (promedio): 5.5cm.<\/p>\n<p>Tama\u00f1o de la Maceta: 3 Pulgadas.<\/p>\n<p>Edad aproximada de la planta: 2 a\u00f1os.<\/p>\n<p>*La altura de la planta es promedio, ya que cada planta es \u00fanica y puede haber variaciones en tama\u00f1o y presentaci\u00f3n visual.<\/p>\n<p>&nbsp;<\/p>\n<h2>\u00bfC\u00f3mo es la flor del Pachypodium Horombense?<\/h2>\n<p>La flor del Pachypodium Horombense es una flor tipo campana, es de color amarillo y se da en ramilletes de flores. En las siguientes im\u00e1genes puedes apreciar la hermosa flor.<\/p>\n<h2>Lugar ideal.<\/h2>\n<p>Para esta planta se recomiendan colocarla en un lugar donde reciba el sol ya sea de la ma\u00f1ana o de la tarde. Tambi\u00e9n es ideal colocarla en un domo. Ya que el calor y el sol es un elemento principal para un buen desarrollo y crecimiento de la planta.<\/p>\n<h2>Riego.<\/h2>\n<p>Al colocar la planta en estas condiciones, se recomienda regarla con agua 3 veces por semana. En temporadas de lluvia y de invierno, el riego puede disminuir a 2 veces por semana. Dependiendo c\u00f3mo se observe la humedad en la tierra de la planta.<\/p>\n<h2>Vida Adulta.<\/h2>\n<p>En su vida adulta, el Pachypodium Horombense 3 pulgadas florece. Su flor se da en un racimo de flores amarillas. Con el paso de los a\u00f1os el pachypodium comienza con su floraci\u00f3n natural. En la punta de la planta surge la flor.<\/p>\n<p>El ramillete de flores puede durar de 1 hasta 2 meses. Dependiendo de las condiciones de la planta. Una vez que comienza su etapa de floraci\u00f3n, el Pachypodium va a florecer constantemente.<\/p>\n<h2>Crecimiento.<\/h2>\n<p>El Pachypodium Horombense no crece alto, m\u00e1s bien su tronco se hace ancho y grueso. Con un tronco ancho y robusto lleno de espinas. Luciendo imponente y espectacular en cualquier jard\u00edn o dentro de cualquier colecci\u00f3n de plantas ex\u00f3ticas.<\/p>\n<figure id=\"attachment_2456\" aria-describedby=\"caption-attachment-2456\" style=\"width: 960px\" class=\"wp-caption alignnone\"><a href=\"https:\/\/mundomagnoliophyta.com\/wp-content\/uploads\/2020\/06\/Pachypodium-Horombense-Flores-Vivero-Magnoliophyta.jpg\"><img loading=\"lazy\" decoding=\"async\" class=\"wp-image-2456 size-full\" src=\"https:\/\/mundomagnoliophyta.com\/wp-content\/uploads\/2020\/06\/Pachypodium-Horombense-Flores-Vivero-Magnoliophyta.jpg\" alt=\"Flores de Pachypodium Horombense - Vivero Magnoliophyta\" width=\"960\" height=\"960\" \/><\/a><figcaption id=\"caption-attachment-2456\" class=\"wp-caption-text\">As\u00ed son las hermosas flores de un Pachypodium Horombense.<\/figcaption><\/figure>\n<p>&nbsp;<\/p>\n<figure id=\"attachment_2457\" aria-describedby=\"caption-attachment-2457\" style=\"width: 960px\" class=\"wp-caption alignnone\"><a href=\"https:\/\/mundomagnoliophyta.com\/wp-content\/uploads\/2020\/06\/Pachypodium-Horombense-C\u00e1udice-Vivero-Magnoliophyta.jpg\"><img loading=\"lazy\" decoding=\"async\" class=\"wp-image-2457 size-full\" src=\"https:\/\/mundomagnoliophyta.com\/wp-content\/uploads\/2020\/06\/Pachypodium-Horombense-C\u00e1udice-Vivero-Magnoliophyta.jpg\" alt=\"Ca\u00fadice de un Pachypodium Horombense - Vivero Magnoliophyta\" width=\"960\" height=\"960\" \/><\/a><figcaption id=\"caption-attachment-2457\" class=\"wp-caption-text\">As\u00ed es el incre\u00edble c\u00e1udice de un Pachypodium Horombense.<\/figcaption><\/figure>\n<p>&nbsp;<\/p>\n<figure id=\"attachment_2458\" aria-describedby=\"caption-attachment-2458\" style=\"width: 960px\" class=\"wp-caption alignnone\"><a href=\"https:\/\/mundomagnoliophyta.com\/wp-content\/uploads\/2020\/06\/Pachypodium-Horombense-Forma-Vivero-Magnoliophyta.jpg\"><img loading=\"lazy\" decoding=\"async\" class=\"size-full wp-image-2458\" src=\"https:\/\/mundomagnoliophyta.com\/wp-content\/uploads\/2020\/06\/Pachypodium-Horombense-Forma-Vivero-Magnoliophyta.jpg\" alt=\"Forma del Pachypodium Horombense - Vivero Magnoliophyta\" width=\"960\" height=\"720\" \/><\/a><figcaption id=\"caption-attachment-2458\" class=\"wp-caption-text\">\u00bfC\u00f3mo se ve un espectacular Pachypodium Horombense adulto?<\/figcaption><\/figure>\n<p>&nbsp;<\/p>\n<figure id=\"attachment_2459\" aria-describedby=\"caption-attachment-2459\" style=\"width: 960px\" class=\"wp-caption alignnone\"><a href=\"https:\/\/mundomagnoliophyta.com\/wp-content\/uploads\/2020\/06\/Pachypodium-Horombense-Crecimiento-Vivero-Magnoliophyta.jpg\"><img loading=\"lazy\" decoding=\"async\" class=\"size-full wp-image-2459\" src=\"https:\/\/mundomagnoliophyta.com\/wp-content\/uploads\/2020\/06\/Pachypodium-Horombense-Crecimiento-Vivero-Magnoliophyta.jpg\" alt=\"Crecimiento de un Pachypodium Horombense - Vivero Magnoliophyta\" width=\"960\" height=\"720\" \/><\/a><figcaption id=\"caption-attachment-2459\" class=\"wp-caption-text\">As\u00ed se ve el desarrollo de un Pachypodium Horombense. Su c\u00e1udice se extiende por hacia lo ancho.<\/figcaption><\/figure>\n<p>&nbsp;<\/p>\n<figure id=\"attachment_2460\" aria-describedby=\"caption-attachment-2460\" style=\"width: 960px\" class=\"wp-caption alignnone\"><a href=\"https:\/\/mundomagnoliophyta.com\/wp-content\/uploads\/2020\/06\/Pachypodium-Horombense-Tallo-Vivero-Magnoliophyta.jpg\"><img loading=\"lazy\" decoding=\"async\" class=\"size-full wp-image-2460\" src=\"https:\/\/mundomagnoliophyta.com\/wp-content\/uploads\/2020\/06\/Pachypodium-Horombense-Tallo-Vivero-Magnoliophyta.jpg\" alt=\"Formaci\u00f3n del tallo de un Pachypodium Horombense - Vivero Magnoliophyta\" width=\"960\" height=\"960\" \/><\/a><figcaption id=\"caption-attachment-2460\" class=\"wp-caption-text\">Espectacular formaci\u00f3n del tallo de un Pachypodium Horombense en vida adulta.<\/figcaption><\/figure>\n<h2>\u00bfTienes dudas?<\/h2>\n<p>[wpforms id=\u00bb3788&#8243; title=\u00bbfalse\u00bb description=\u00bbtrue\u00bb]<\/p>\n","protected":false},"excerpt":{"rendered":"<ul>\n<li style=\"color: #2e9b03;\">Compra segura y protegida con SSL.<\/li>\n<li style=\"color: #2e9b03;\">Paga en OXXO, con Tarjeta o Transferencia.<\/li>\n<li style=\"color: #2e9b03;\">Recibe el producto que esperas o te devolvemos tu dinero.<\/li>\n<\/ul>\n<div id=\"gtx-trans\" style=\"position: absolute; left: -8px; top: -3px;\">\n<div class=\"gtx-trans-icon\"><\/div>\n<\/div>\n","protected":false},"featured_media":141,"template":"","meta":[],"product_brand":[],"product_cat":[33],"product_tag":[19],"class_list":{"0":"post-40","1":"product","2":"type-product","3":"status-publish","4":"has-post-thumbnail","6":"product_cat-horombense","7":"product_tag-especies-de-pachypodium","9":"first","10":"outofstock","11":"shipping-taxable","12":"purchasable","13":"product-type-simple"},"yoast_head":"<!-- This site is optimized with the Yoast SEO plugin v25.4 - https:\/\/yoast.com\/wordpress\/plugins\/seo\/ -->\n<title>Pachypodium Horombense 3 Pulgadas - 1 Pieza - Tienda Vivero Magnoliophyta<\/title>\n<meta name=\"description\" content=\"Pachypodium Horombense 3 Pulgadas. \u00bfD\u00f3nde comprar? \u00bfCu\u00e1l es el precio? Tenemos a la venta esta variedad de Pachypodium de colecci\u00f3n.\" \/>\n<meta name=\"robots\" content=\"index, follow, max-snippet:-1, max-image-preview:large, max-video-preview:-1\" \/>\n<link rel=\"canonical\" href=\"https:\/\/mundomagnoliophyta.com\/tienda\/pachypodium\/horombense\/horombense-3in-1pz\/\" \/>\n<meta property=\"og:locale\" content=\"es_ES\" \/>\n<meta property=\"og:type\" content=\"article\" \/>\n<meta property=\"og:title\" content=\"Pachypodium Horombense 3 Pulgadas - 1 Pieza - Tienda Vivero Magnoliophyta\" \/>\n<meta property=\"og:description\" content=\"Pachypodium Horombense 3 Pulgadas. \u00bfD\u00f3nde comprar? \u00bfCu\u00e1l es el precio? Tenemos a la venta esta variedad de Pachypodium de colecci\u00f3n.\" \/>\n<meta property=\"og:url\" content=\"https:\/\/mundomagnoliophyta.com\/tienda\/pachypodium\/horombense\/horombense-3in-1pz\/\" \/>\n<meta property=\"og:site_name\" content=\"Tienda Vivero Magnoliophyta\" \/>\n<meta property=\"article:modified_time\" content=\"2023-07-29T12:20:52+00:00\" \/>\n<meta property=\"og:image\" content=\"https:\/\/mundomagnoliophyta.com\/tienda\/wp-content\/uploads\/2023\/07\/Pachypodium-Horombense-3-Pulgadas_1-11.jpg\" \/>\n\t<meta property=\"og:image:width\" content=\"2084\" \/>\n\t<meta property=\"og:image:height\" content=\"1545\" \/>\n\t<meta property=\"og:image:type\" content=\"image\/jpeg\" \/>\n<meta name=\"twitter:card\" content=\"summary_large_image\" \/>\n<meta name=\"twitter:label1\" content=\"Tiempo de lectura\" \/>\n\t<meta name=\"twitter:data1\" content=\"6 minutos\" \/>\n<script type=\"application\/ld+json\" class=\"yoast-schema-graph\">{\"@context\":\"https:\/\/schema.org\",\"@graph\":[{\"@type\":\"WebPage\",\"@id\":\"https:\/\/mundomagnoliophyta.com\/tienda\/pachypodium\/horombense\/horombense-3in-1pz\/\",\"url\":\"https:\/\/mundomagnoliophyta.com\/tienda\/pachypodium\/horombense\/horombense-3in-1pz\/\",\"name\":\"Pachypodium Horombense 3 Pulgadas - 1 Pieza - Tienda Vivero Magnoliophyta\",\"isPartOf\":{\"@id\":\"https:\/\/mundomagnoliophyta.com\/tienda\/#website\"},\"primaryImageOfPage\":{\"@id\":\"https:\/\/mundomagnoliophyta.com\/tienda\/pachypodium\/horombense\/horombense-3in-1pz\/#primaryimage\"},\"image\":{\"@id\":\"https:\/\/mundomagnoliophyta.com\/tienda\/pachypodium\/horombense\/horombense-3in-1pz\/#primaryimage\"},\"thumbnailUrl\":\"https:\/\/mundomagnoliophyta.com\/tienda\/wp-content\/uploads\/2023\/07\/Pachypodium-Horombense-3-Pulgadas_1-11.jpg\",\"datePublished\":\"2023-07-28T06:31:10+00:00\",\"dateModified\":\"2023-07-29T12:20:52+00:00\",\"description\":\"Pachypodium Horombense 3 Pulgadas. \u00bfD\u00f3nde comprar? \u00bfCu\u00e1l es el precio? Tenemos a la venta esta variedad de Pachypodium de colecci\u00f3n.\",\"breadcrumb\":{\"@id\":\"https:\/\/mundomagnoliophyta.com\/tienda\/pachypodium\/horombense\/horombense-3in-1pz\/#breadcrumb\"},\"inLanguage\":\"es\",\"potentialAction\":[{\"@type\":\"ReadAction\",\"target\":[\"https:\/\/mundomagnoliophyta.com\/tienda\/pachypodium\/horombense\/horombense-3in-1pz\/\"]}]},{\"@type\":\"ImageObject\",\"inLanguage\":\"es\",\"@id\":\"https:\/\/mundomagnoliophyta.com\/tienda\/pachypodium\/horombense\/horombense-3in-1pz\/#primaryimage\",\"url\":\"https:\/\/mundomagnoliophyta.com\/tienda\/wp-content\/uploads\/2023\/07\/Pachypodium-Horombense-3-Pulgadas_1-11.jpg\",\"contentUrl\":\"https:\/\/mundomagnoliophyta.com\/tienda\/wp-content\/uploads\/2023\/07\/Pachypodium-Horombense-3-Pulgadas_1-11.jpg\",\"width\":2084,\"height\":1545},{\"@type\":\"BreadcrumbList\",\"@id\":\"https:\/\/mundomagnoliophyta.com\/tienda\/pachypodium\/horombense\/horombense-3in-1pz\/#breadcrumb\",\"itemListElement\":[{\"@type\":\"ListItem\",\"position\":1,\"name\":\"Portada\",\"item\":\"https:\/\/mundomagnoliophyta.com\/tienda\/\"},{\"@type\":\"ListItem\",\"position\":2,\"name\":\"Tienda\",\"item\":\"https:\/\/mundomagnoliophyta.com\/tienda\/tienda\/\"},{\"@type\":\"ListItem\",\"position\":3,\"name\":\"Pachypodium Horombense 3 Pulgadas &#8211; 1 Pieza\"}]},{\"@type\":\"WebSite\",\"@id\":\"https:\/\/mundomagnoliophyta.com\/tienda\/#website\",\"url\":\"https:\/\/mundomagnoliophyta.com\/tienda\/\",\"name\":\"Tienda Vivero Magnoliophyta\",\"description\":\"Tienda de Pachypodium, Echeveria Laui, Grusonii y Adenium\",\"publisher\":{\"@id\":\"https:\/\/mundomagnoliophyta.com\/tienda\/#organization\"},\"potentialAction\":[{\"@type\":\"SearchAction\",\"target\":{\"@type\":\"EntryPoint\",\"urlTemplate\":\"https:\/\/mundomagnoliophyta.com\/tienda\/?s={search_term_string}\"},\"query-input\":{\"@type\":\"PropertyValueSpecification\",\"valueRequired\":true,\"valueName\":\"search_term_string\"}}],\"inLanguage\":\"es\"},{\"@type\":\"Organization\",\"@id\":\"https:\/\/mundomagnoliophyta.com\/tienda\/#organization\",\"name\":\"Tienda Vivero Magnoliophyta\",\"url\":\"https:\/\/mundomagnoliophyta.com\/tienda\/\",\"logo\":{\"@type\":\"ImageObject\",\"inLanguage\":\"es\",\"@id\":\"https:\/\/mundomagnoliophyta.com\/tienda\/#\/schema\/logo\/image\/\",\"url\":\"https:\/\/mundomagnoliophyta.com\/tienda\/wp-content\/uploads\/2023\/07\/Logo-Magnoliophyta-web.png\",\"contentUrl\":\"https:\/\/mundomagnoliophyta.com\/tienda\/wp-content\/uploads\/2023\/07\/Logo-Magnoliophyta-web.png\",\"width\":331,\"height\":71,\"caption\":\"Tienda Vivero Magnoliophyta\"},\"image\":{\"@id\":\"https:\/\/mundomagnoliophyta.com\/tienda\/#\/schema\/logo\/image\/\"}}]}<\/script>\n<!-- \/ Yoast SEO plugin. -->","yoast_head_json":{"title":"Pachypodium Horombense 3 Pulgadas - 1 Pieza - Tienda Vivero Magnoliophyta","description":"Pachypodium Horombense 3 Pulgadas. \u00bfD\u00f3nde comprar? \u00bfCu\u00e1l es el precio? Tenemos a la venta esta variedad de Pachypodium de colecci\u00f3n.","robots":{"index":"index","follow":"follow","max-snippet":"max-snippet:-1","max-image-preview":"max-image-preview:large","max-video-preview":"max-video-preview:-1"},"canonical":"https:\/\/mundomagnoliophyta.com\/tienda\/pachypodium\/horombense\/horombense-3in-1pz\/","og_locale":"es_ES","og_type":"article","og_title":"Pachypodium Horombense 3 Pulgadas - 1 Pieza - Tienda Vivero Magnoliophyta","og_description":"Pachypodium Horombense 3 Pulgadas. \u00bfD\u00f3nde comprar? \u00bfCu\u00e1l es el precio? Tenemos a la venta esta variedad de Pachypodium de colecci\u00f3n.","og_url":"https:\/\/mundomagnoliophyta.com\/tienda\/pachypodium\/horombense\/horombense-3in-1pz\/","og_site_name":"Tienda Vivero Magnoliophyta","article_modified_time":"2023-07-29T12:20:52+00:00","og_image":[{"width":2084,"height":1545,"url":"https:\/\/mundomagnoliophyta.com\/tienda\/wp-content\/uploads\/2023\/07\/Pachypodium-Horombense-3-Pulgadas_1-11.jpg","type":"image\/jpeg"}],"twitter_card":"summary_large_image","twitter_misc":{"Tiempo de lectura":"6 minutos"},"schema":{"@context":"https:\/\/schema.org","@graph":[{"@type":"WebPage","@id":"https:\/\/mundomagnoliophyta.com\/tienda\/pachypodium\/horombense\/horombense-3in-1pz\/","url":"https:\/\/mundomagnoliophyta.com\/tienda\/pachypodium\/horombense\/horombense-3in-1pz\/","name":"Pachypodium Horombense 3 Pulgadas - 1 Pieza - Tienda Vivero Magnoliophyta","isPartOf":{"@id":"https:\/\/mundomagnoliophyta.com\/tienda\/#website"},"primaryImageOfPage":{"@id":"https:\/\/mundomagnoliophyta.com\/tienda\/pachypodium\/horombense\/horombense-3in-1pz\/#primaryimage"},"image":{"@id":"https:\/\/mundomagnoliophyta.com\/tienda\/pachypodium\/horombense\/horombense-3in-1pz\/#primaryimage"},"thumbnailUrl":"https:\/\/mundomagnoliophyta.com\/tienda\/wp-content\/uploads\/2023\/07\/Pachypodium-Horombense-3-Pulgadas_1-11.jpg","datePublished":"2023-07-28T06:31:10+00:00","dateModified":"2023-07-29T12:20:52+00:00","description":"Pachypodium Horombense 3 Pulgadas. \u00bfD\u00f3nde comprar? \u00bfCu\u00e1l es el precio? Tenemos a la venta esta variedad de Pachypodium de colecci\u00f3n.","breadcrumb":{"@id":"https:\/\/mundomagnoliophyta.com\/tienda\/pachypodium\/horombense\/horombense-3in-1pz\/#breadcrumb"},"inLanguage":"es","potentialAction":[{"@type":"ReadAction","target":["https:\/\/mundomagnoliophyta.com\/tienda\/pachypodium\/horombense\/horombense-3in-1pz\/"]}]},{"@type":"ImageObject","inLanguage":"es","@id":"https:\/\/mundomagnoliophyta.com\/tienda\/pachypodium\/horombense\/horombense-3in-1pz\/#primaryimage","url":"https:\/\/mundomagnoliophyta.com\/tienda\/wp-content\/uploads\/2023\/07\/Pachypodium-Horombense-3-Pulgadas_1-11.jpg","contentUrl":"https:\/\/mundomagnoliophyta.com\/tienda\/wp-content\/uploads\/2023\/07\/Pachypodium-Horombense-3-Pulgadas_1-11.jpg","width":2084,"height":1545},{"@type":"BreadcrumbList","@id":"https:\/\/mundomagnoliophyta.com\/tienda\/pachypodium\/horombense\/horombense-3in-1pz\/#breadcrumb","itemListElement":[{"@type":"ListItem","position":1,"name":"Portada","item":"https:\/\/mundomagnoliophyta.com\/tienda\/"},{"@type":"ListItem","position":2,"name":"Tienda","item":"https:\/\/mundomagnoliophyta.com\/tienda\/tienda\/"},{"@type":"ListItem","position":3,"name":"Pachypodium Horombense 3 Pulgadas &#8211; 1 Pieza"}]},{"@type":"WebSite","@id":"https:\/\/mundomagnoliophyta.com\/tienda\/#website","url":"https:\/\/mundomagnoliophyta.com\/tienda\/","name":"Tienda Vivero Magnoliophyta","description":"Tienda de Pachypodium, Echeveria Laui, Grusonii y Adenium","publisher":{"@id":"https:\/\/mundomagnoliophyta.com\/tienda\/#organization"},"potentialAction":[{"@type":"SearchAction","target":{"@type":"EntryPoint","urlTemplate":"https:\/\/mundomagnoliophyta.com\/tienda\/?s={search_term_string}"},"query-input":{"@type":"PropertyValueSpecification","valueRequired":true,"valueName":"search_term_string"}}],"inLanguage":"es"},{"@type":"Organization","@id":"https:\/\/mundomagnoliophyta.com\/tienda\/#organization","name":"Tienda Vivero Magnoliophyta","url":"https:\/\/mundomagnoliophyta.com\/tienda\/","logo":{"@type":"ImageObject","inLanguage":"es","@id":"https:\/\/mundomagnoliophyta.com\/tienda\/#\/schema\/logo\/image\/","url":"https:\/\/mundomagnoliophyta.com\/tienda\/wp-content\/uploads\/2023\/07\/Logo-Magnoliophyta-web.png","contentUrl":"https:\/\/mundomagnoliophyta.com\/tienda\/wp-content\/uploads\/2023\/07\/Logo-Magnoliophyta-web.png","width":331,"height":71,"caption":"Tienda Vivero Magnoliophyta"},"image":{"@id":"https:\/\/mundomagnoliophyta.com\/tienda\/#\/schema\/logo\/image\/"}}]}},"_links":{"self":[{"href":"https:\/\/mundomagnoliophyta.com\/tienda\/wp-json\/wp\/v2\/product\/40","targetHints":{"allow":["GET"]}}],"collection":[{"href":"https:\/\/mundomagnoliophyta.com\/tienda\/wp-json\/wp\/v2\/product"}],"about":[{"href":"https:\/\/mundomagnoliophyta.com\/tienda\/wp-json\/wp\/v2\/types\/product"}],"wp:featuredmedia":[{"embeddable":true,"href":"https:\/\/mundomagnoliophyta.com\/tienda\/wp-json\/wp\/v2\/media\/141"}],"wp:attachment":[{"href":"https:\/\/mundomagnoliophyta.com\/tienda\/wp-json\/wp\/v2\/media?parent=40"}],"wp:term":[{"taxonomy":"product_brand","embeddable":true,"href":"https:\/\/mundomagnoliophyta.com\/tienda\/wp-json\/wp\/v2\/product_brand?post=40"},{"taxonomy":"product_cat","embeddable":true,"href":"https:\/\/mundomagnoliophyta.com\/tienda\/wp-json\/wp\/v2\/product_cat?post=40"},{"taxonomy":"product_tag","embeddable":true,"href":"https:\/\/mundomagnoliophyta.com\/tienda\/wp-json\/wp\/v2\/product_tag?post=40"}],"curies":[{"name":"wp","href":"https:\/\/api.w.org\/{rel}","templated":true}]}}