{"id":35,"date":"2023-07-28T06:31:09","date_gmt":"2023-07-28T06:31:09","guid":{"rendered":"https:\/\/mundomagnoliophyta.com\/tienda\/?post_type=product&#038;p=35"},"modified":"2023-07-29T06:22:58","modified_gmt":"2023-07-29T12:22:58","slug":"pachypodium-baronii-3-pulgadas-1-pieza","status":"publish","type":"product","link":"https:\/\/mundomagnoliophyta.com\/tienda\/pachypodium\/baronii\/baronii-3in-1pz\/","title":{"rendered":"Pachypodium Baronii 3 Pulgadas &#8211; 1 Pieza"},"content":{"rendered":"<p>\u00bfQuieres comprar un Pachypodium Baronii Peque\u00f1o? Has llegado a la tienda en l\u00ednea indicada. Ll\u00e9vate este bonito ejemplar de Pachypodium Baronii peque\u00f1o si est\u00e1s buscando uno que no sea tan grande. Esta planta es ideal si t\u00fa mismo quieres verlo crecer bajo tus cuidados y el cari\u00f1o que le vas a dar. Es una hermosa planta de colecci\u00f3n de origen africano.<\/p>\n<p><strong>IMPORTANTE:<\/strong><\/p>\n<p><strong>\u00bfQu\u00e9 incluye?<\/strong> 1 Pieza de Pachypodium en presentaci\u00f3n de maceta de 3 Pulgadas.<\/p>\n<p><strong>\u00bfC\u00f3mo se env\u00eda?<\/strong> Este Pachypodium se env\u00eda en maceta.<\/p>\n<p>La planta se env\u00eda ya tratada, es decir, aplicamos fungicidas para proteger la ra\u00edz de la planta y que te llegue en \u00f3ptimas condiciones.<\/p>\n<p>Esta planta es caducifolia, quiere decir que de forma natural pierde su follaje en oto\u00f1o\/invierno. En primavera\/verano tiene follaje. Como cualquier otra planta, al momento de empacarla y enviarla, puede perder follaje, esto es normal cuando se env\u00edan por paqueter\u00eda. Eso no afecta a la planta en lo m\u00e1s m\u00ednimo. Tu planta no va a morir durante el tiempo de traslado. Hemos mantenido en tr\u00e1nsito a estas plantas hasta por 20 d\u00edas y no mueren. Son muy resistentes.<\/p>\n<p>Ok. Quiero comprar mi Pachypodium Baronii Peque\u00f1o \/ Beb\u00e9. \u00bfQu\u00e9 me sugieren antes de hacer mi compra?<\/p>\n<h2>\u00bfQu\u00e9 hacer cuando recibo mi planta?<\/h2>\n<p>Si recibes tu planta a ra\u00edz desnuda, lo que vas a hacer una vez que recibes el paquete es lo siguiente:<br \/>\n1.- Abrir el paquete y sacar las plantas.<br \/>\n2.- Si recibes tus plantas a ra\u00edz desnuda entonces las vas a rociar con abundante agua hasta empaparlas. Si recibes tus plantas con maceta las vas a regar con abundante agua. Dejarlas reposar un par de horas bajo la sombra. Esto les ayuda a aclimatarse al nuevo ambiente del lugar donde te encuentras.<br \/>\n3.- Envasar tu planta. Nosotros utilizamos un sustrato preparado con las siguientes porciones de materiales: 50% Tierra negra, 25% Tepojal y 25% Tierra de hoja. Procura envasarla en una maceta proporcional a su tama\u00f1o. Puedes usar maceta de pl\u00e1stico o del material de tu preferencia.<br \/>\n4.- Regarla con abundante agua a diario para que se vaya rehidratando.<\/p>\n<p><strong>Sugerencias extras (independientemente si la recibes en maceta o a ra\u00edz desnuda):<\/strong><br \/>\nEn la primer semana en que hayas recibido tu planta sugerimos lo siguiente.<br \/>\n1.- Aplicar fungicida. Este es un preventivo. Lo vas a aplicar 1 vez por semana. Durante un periodo de 1 mes. Por lo tanto vas a aplicarlo 4 veces en todo el mes. Elige el fungicida de tu preferencia. Esto es simplemente por prevenci\u00f3n. No importa si no lo aplicas.<\/p>\n<p>2.- Aplicar enraizador. Este es para darle un impulso a tu planta. Lo vas a aplicar 1 vez cada 2 semanas. Durante un periodo de 1 mes. Por lo tanto vas a aplicarlo 2 veces en todo el mes. Elige el fungicida de tu preferencia. Esto es simplemente para impulsar a la planta. No importa si no lo aplicas.<\/p>\n<p>&nbsp;<\/p>\n<h2>Descripci\u00f3n del Producto.<\/h2>\n<p>El Pachypodium (Palma Africana o Palma de Madagascar) es un g\u00e9nero de plantas que pertenece a la familia Apocynaceae.<\/p>\n<p>Esta planta es originaria del pa\u00eds del continente<strong> Africano<\/strong>. Un lugar des\u00e9rtico en la gran mayor\u00eda de su extensi\u00f3n territorial. Donde la planta crece y\u00a0<strong>se adapta a los climas extremos<\/strong>\u00a0que el desierto propicia en sus diferentes \u00e9pocas del a\u00f1o.<\/p>\n<p>Somos productores, nos encontramos en el estado de Morelos, M\u00e9xico.<\/p>\n<p><strong>Nombre com\u00fan de esta planta:<\/strong><br \/>\nCactus de Madagascar.<br \/>\nCactus Africano.<br \/>\nPlanta de Madagascar.<br \/>\n\u00c1rbol de Madagascar.<br \/>\nPachy.<br \/>\nPachypodium de flor roja.<\/p>\n<p><strong>Lectura recomendada: <a href=\"https:\/\/mundomagnoliophyta.com\/pachypodium-baronii\/\">Todo lo que debes saber del Pachypodium Baronii.<\/a><\/strong><\/p>\n<p>&nbsp;<\/p>\n<h2>Caracter\u00edsticas Pachypodium Baronii 3&#8243;.<\/h2>\n<p>Altura total (promedio): 10.5cm.<\/p>\n<p>Altura solo del tallo y el follaje (promedio): 5cm.<\/p>\n<p>Tama\u00f1o de la Maceta: 3 Pulgadas.<\/p>\n<p>Edad aproximada de la planta: 1 a\u00f1o.<\/p>\n<p>*La altura de la planta es promedio, ya que cada planta es \u00fanica y puede haber variaciones en tama\u00f1o y presentaci\u00f3n visual.<\/p>\n<h2>\u00bfC\u00f3mo es la flor del Pachypodium Baronii?<\/h2>\n<p>La flor del Pachypodium Baronii es una flor hermosa de color rojo, se da en ramilletes de flores. En las siguientes im\u00e1genes puedes apreciar la hermosa flor \u00fanica de esta variedad de Pachypodium.<\/p>\n<h2>Lugar ideal.<\/h2>\n<p>Para esta planta se recomiendan colocarla en un lugar donde reciba el sol ya sea de la ma\u00f1ana o de la tarde. Tambi\u00e9n es ideal colocarla en un domo. Ya que el calor y el sol es un elemento principal para un buen desarrollo y crecimiento de la planta.<\/p>\n<h2>Riego.<\/h2>\n<p>Al colocar la planta en estas condiciones de calor y sol la recomendaci\u00f3n para el riego es la siguiente.<\/p>\n<p>En Primavera\/Verano, hacer lo posible por regarla a diario, o en su caso un d\u00eda s\u00ed, un d\u00eda no. Dependiendo de c\u00f3mo se note la humedad en el sustrato. Si se nota muy h\u00famedo, disminuir el riego, si se nota muy seco entonces incrementar el riego.<\/p>\n<p>En Oto\u00f1o\/Invierno, disminuir el riego. Regar la planta 2 veces por semana. Dependiendo de c\u00f3mo se note la humedad en el sustrato. Si se nota muy h\u00famedo, disminuir el riego, si se nota muy seco entonces incrementar el riego.<\/p>\n<h2>Vida Adulta.<\/h2>\n<p>En su vida adulta, el Pachypodium Baronii 3 pulgadas florece. Su flor se da en un racimo de flores rojas. Con el paso de los a\u00f1os el pachypodium comienza con su floraci\u00f3n natural. En la punta de la planta surge la flor.<\/p>\n<p>El ramillete de flores puede durar de 2 hasta 3 meses. Dependiendo de las condiciones de la planta. Una vez que comienza su etapa de floraci\u00f3n, el Pachypodium va a florecer constantemente.<\/p>\n<h2>Crecimiento.<\/h2>\n<p>El Pachypodium Baronii no crece muy alto, es un ejemplar con una altura media. Con un tronco ancho, el cu\u00e1l se ramifica con el paso de los a\u00f1os, lleno de espinas. Luciendo imponente y espectacular en cualquier jard\u00edn o dentro de cualquier colecci\u00f3n de plantas ex\u00f3ticas.<\/p>\n<p>&nbsp;<\/p>\n<h2>IMPORTANTE.<\/h2>\n<p>Esta variedad de Pachypodium tiene hojas grandes y r\u00edgidas. Por tal motivo el empaque y env\u00edo de esta planta requiere que el follaje sea retirado. Esto siempre y cuando el Pachypodium tenga follaje en el momento del env\u00edo. Si es temporada en la que el Pachypodium no tiene follaje, entonces la planta se enviar\u00e1 as\u00ed como se mira en los ejemplo de las im\u00e1genes aqu\u00ed abajo.<\/p>\n<p>Podemos observar que hay algunas plantas que no tienen follaje.<\/p>\n<p>En caso de que al momento del env\u00edo el Pachypodium tenga follaje que impida su adecuado empaque, nosotros vamos a retirar el follaje, por lo tanto, tu planta llegar\u00e1 sin follaje. Esto no le afecta en lo m\u00e1s m\u00ednimo. S\u00f3lo que tu planta no se va a ver como en las im\u00e1genes ilustrativas de esta planta.<\/p>\n<p>Recuerda que las im\u00e1genes aqu\u00ed mostradas representan a la planta en cierta temporada del a\u00f1o. Las plantas crecen y cambian, como cualquier otro ser vivo. Por lo tanto estas im\u00e1genes se deben tomar como mera ilustraci\u00f3n, y no como una fotograf\u00eda exacta de la (s) planta (s) que vas a recibir al hacer tu compra.<\/p>\n<h2>Video de la flor.<\/h2>\n<p>&nbsp;<\/p>\n<blockquote class=\"embedly-card\">\n<h4><a href=\"https:\/\/youtu.be\/_PGFHrUnjGc\">\u00bfC\u00f3mo es la Flor de Pachypodium Baronii?<\/a><\/h4>\n<p>Si a\u00fan no conoces la flor del Pachypodium Baronii en este video te la mostramos. Descubre cu\u00e1les son las caracter\u00edsticas, c\u00f3mo es la forma, c\u00f3mo es el color &#8230;<\/p><\/blockquote>\n<figure id=\"attachment_2186\" aria-describedby=\"caption-attachment-2186\" style=\"width: 800px\" class=\"wp-caption alignnone\"><a href=\"https:\/\/mundomagnoliophyta.com\/wp-content\/uploads\/2020\/01\/Pachypodium-Baronii-Producci\u00f3n-Vivero-Magnoliophyta.jpg\"><img loading=\"lazy\" decoding=\"async\" class=\"wp-image-2186 size-full\" src=\"https:\/\/mundomagnoliophyta.com\/wp-content\/uploads\/2020\/01\/Pachypodium-Baronii-Producci\u00f3n-Vivero-Magnoliophyta.jpg\" alt=\"Pachypodium Baronii 6 Pulgadas Producci\u00f3n\" width=\"800\" height=\"450\" \/><\/a><figcaption id=\"caption-attachment-2186\" class=\"wp-caption-text\">As\u00ed es la producci\u00f3n de Pachypodium Baronii en Vivero Magnoliophyta.<\/figcaption><\/figure>\n<p><script async src=\"\/\/cdn.embedly.com\/widgets\/platform.js\" charset=\"UTF-8\"><\/script><\/p>\n<p>&nbsp;<\/p>\n<p>&nbsp;<\/p>\n<figure id=\"attachment_2485\" aria-describedby=\"caption-attachment-2485\" style=\"width: 960px\" class=\"wp-caption alignnone\"><a href=\"https:\/\/mundomagnoliophyta.com\/wp-content\/uploads\/2020\/01\/Floraci\u00f3n-de-Pachypodium-Baronii-Vivero-Magnoliophyta.jpg\"><img loading=\"lazy\" decoding=\"async\" class=\"size-full wp-image-2485\" src=\"https:\/\/mundomagnoliophyta.com\/wp-content\/uploads\/2020\/01\/Floraci\u00f3n-de-Pachypodium-Baronii-Vivero-Magnoliophyta.jpg\" alt=\"Floraci\u00f3n del Pachypodium Baronii - Vivero Magnoliophyta\" width=\"960\" height=\"960\" \/><\/a><figcaption id=\"caption-attachment-2485\" class=\"wp-caption-text\">As\u00ed florece el Pachypodium Baronii.<\/figcaption><\/figure>\n<p>&nbsp;<\/p>\n<figure id=\"attachment_2486\" aria-describedby=\"caption-attachment-2486\" style=\"width: 960px\" class=\"wp-caption alignnone\"><a href=\"https:\/\/mundomagnoliophyta.com\/wp-content\/uploads\/2020\/01\/Producci\u00f3n-de-Pachypodium-Baronii-Vivero-Magnoliophyta.jpg\"><img loading=\"lazy\" decoding=\"async\" class=\"size-full wp-image-2486\" src=\"https:\/\/mundomagnoliophyta.com\/wp-content\/uploads\/2020\/01\/Producci\u00f3n-de-Pachypodium-Baronii-Vivero-Magnoliophyta.jpg\" alt=\"Producci\u00f3n de Pachypodium Baronii en Vivero Magnoliophyta.\" width=\"960\" height=\"960\" \/><\/a><figcaption id=\"caption-attachment-2486\" class=\"wp-caption-text\">Producci\u00f3n de Pachypodium Baronii en Vivero Magnoliophyta.<\/figcaption><\/figure>\n<figure id=\"attachment_2187\" aria-describedby=\"caption-attachment-2187\" style=\"width: 800px\" class=\"wp-caption alignnone\"><a href=\"https:\/\/mundomagnoliophyta.com\/wp-content\/uploads\/2020\/01\/Pachypodium-Baronii-Adulto-Vivero-Magnoliophyta.jpg\"><img loading=\"lazy\" decoding=\"async\" class=\"wp-image-2187 size-full\" src=\"https:\/\/mundomagnoliophyta.com\/wp-content\/uploads\/2020\/01\/Pachypodium-Baronii-Adulto-Vivero-Magnoliophyta.jpg\" alt=\"Pachypodium Baronii Adulto - Vivero Magnoliophyta\" width=\"800\" height=\"450\" \/><\/a><figcaption id=\"caption-attachment-2187\" class=\"wp-caption-text\">As\u00ed crece el Pachypodium Baronii. Plantas madre en Vivero Magnoliophyta.<\/figcaption><\/figure>\n<p>&nbsp;<\/p>\n<figure id=\"attachment_2188\" aria-describedby=\"caption-attachment-2188\" style=\"width: 800px\" class=\"wp-caption alignnone\"><a href=\"https:\/\/mundomagnoliophyta.com\/wp-content\/uploads\/2020\/01\/Flor-de-Pachypodium-Baronii-Vivero-Magnoliophyta.jpg\"><img loading=\"lazy\" decoding=\"async\" class=\"wp-image-2188 size-full\" src=\"https:\/\/mundomagnoliophyta.com\/wp-content\/uploads\/2020\/01\/Flor-de-Pachypodium-Baronii-Vivero-Magnoliophyta.jpg\" alt=\"Flor de Pachypodium Baronii - Vivero Magnoliophyta\" width=\"800\" height=\"450\" \/><\/a><figcaption id=\"caption-attachment-2188\" class=\"wp-caption-text\">As\u00ed son las flores del Pachypodium Baronii &#8211; Vivero Magnoliophyta.<\/figcaption><\/figure>\n<h2>\u00bfEst\u00e1s listo para comprar tu Pachypodium Baronii Peque\u00f1o?<\/h2>\n<p>Si tienes dudas puedes ver las <a href=\"https:\/\/mundomagnoliophyta.com\/preguntas-frecuentes\/\">preguntas frecuentes<\/a> y aclararlas. Si necesitas m\u00e1s ayuda puedes escribirnos tus preguntas aqu\u00ed abajo.<\/p>\n<p>[wpforms id=\u00bb3788&#8243; title=\u00bbfalse\u00bb description=\u00bbtrue\u00bb]<\/p>\n","protected":false},"excerpt":{"rendered":"<ul>\n<li style=\"color: #2e9b03;\">Compra segura y protegida con SSL.<\/li>\n<li style=\"color: #2e9b03;\">Paga en OXXO, con Tarjeta o Transferencia.<\/li>\n<li style=\"color: #2e9b03;\">Recibe el producto que esperas o te devolvemos tu dinero.<\/li>\n<\/ul>\n<div id=\"gtx-trans\" style=\"position: absolute; left: 23px; top: -3px;\">\n<div class=\"gtx-trans-icon\"><\/div>\n<\/div>\n","protected":false},"featured_media":128,"template":"","meta":[],"product_brand":[],"product_cat":[31],"product_tag":[19],"class_list":{"0":"post-35","1":"product","2":"type-product","3":"status-publish","4":"has-post-thumbnail","6":"product_cat-baronii","7":"product_tag-especies-de-pachypodium","9":"first","10":"outofstock","11":"shipping-taxable","12":"purchasable","13":"product-type-simple"},"yoast_head":"<!-- This site is optimized with the Yoast SEO plugin v25.4 - https:\/\/yoast.com\/wordpress\/plugins\/seo\/ -->\n<title>Pachypodium Baronii Peque\u00f1o - Comprar online - Tienda en M\u00e9xico.<\/title>\n<meta name=\"description\" content=\"\u00bfQuieres comprar un Pachypodium Baronii Peque\u00f1o? Ll\u00e9vate este incre\u00edble Pachypodium Rojo al mejor precio. Env\u00edos a domicilio.\" \/>\n<meta name=\"robots\" content=\"index, follow, max-snippet:-1, max-image-preview:large, max-video-preview:-1\" \/>\n<link rel=\"canonical\" href=\"https:\/\/mundomagnoliophyta.com\/tienda\/pachypodium\/baronii\/baronii-3in-1pz\/\" \/>\n<meta property=\"og:locale\" content=\"es_ES\" \/>\n<meta property=\"og:type\" content=\"article\" \/>\n<meta property=\"og:title\" content=\"Pachypodium Baronii Peque\u00f1o - Comprar online - Tienda en M\u00e9xico.\" \/>\n<meta property=\"og:description\" content=\"\u00bfQuieres comprar un Pachypodium Baronii Peque\u00f1o? Ll\u00e9vate este incre\u00edble Pachypodium Rojo al mejor precio. Env\u00edos a domicilio.\" \/>\n<meta property=\"og:url\" content=\"https:\/\/mundomagnoliophyta.com\/tienda\/pachypodium\/baronii\/baronii-3in-1pz\/\" \/>\n<meta property=\"og:site_name\" content=\"Tienda Vivero Magnoliophyta\" \/>\n<meta property=\"article:modified_time\" content=\"2023-07-29T12:22:58+00:00\" \/>\n<meta property=\"og:image\" content=\"https:\/\/mundomagnoliophyta.com\/tienda\/wp-content\/uploads\/2023\/07\/Pachypodium-Baronii-3-Pulgadas-1-Vivero-Magnoliophyta.jpg\" \/>\n\t<meta property=\"og:image:width\" content=\"2084\" \/>\n\t<meta property=\"og:image:height\" content=\"1545\" \/>\n\t<meta property=\"og:image:type\" content=\"image\/jpeg\" \/>\n<meta name=\"twitter:card\" content=\"summary_large_image\" \/>\n<meta name=\"twitter:label1\" content=\"Tiempo de lectura\" \/>\n\t<meta name=\"twitter:data1\" content=\"7 minutos\" \/>\n<script type=\"application\/ld+json\" class=\"yoast-schema-graph\">{\"@context\":\"https:\/\/schema.org\",\"@graph\":[{\"@type\":\"WebPage\",\"@id\":\"https:\/\/mundomagnoliophyta.com\/tienda\/pachypodium\/baronii\/baronii-3in-1pz\/\",\"url\":\"https:\/\/mundomagnoliophyta.com\/tienda\/pachypodium\/baronii\/baronii-3in-1pz\/\",\"name\":\"Pachypodium Baronii Peque\u00f1o - Comprar online - Tienda en M\u00e9xico.\",\"isPartOf\":{\"@id\":\"https:\/\/mundomagnoliophyta.com\/tienda\/#website\"},\"primaryImageOfPage\":{\"@id\":\"https:\/\/mundomagnoliophyta.com\/tienda\/pachypodium\/baronii\/baronii-3in-1pz\/#primaryimage\"},\"image\":{\"@id\":\"https:\/\/mundomagnoliophyta.com\/tienda\/pachypodium\/baronii\/baronii-3in-1pz\/#primaryimage\"},\"thumbnailUrl\":\"https:\/\/mundomagnoliophyta.com\/tienda\/wp-content\/uploads\/2023\/07\/Pachypodium-Baronii-3-Pulgadas-1-Vivero-Magnoliophyta.jpg\",\"datePublished\":\"2023-07-28T06:31:09+00:00\",\"dateModified\":\"2023-07-29T12:22:58+00:00\",\"description\":\"\u00bfQuieres comprar un Pachypodium Baronii Peque\u00f1o? Ll\u00e9vate este incre\u00edble Pachypodium Rojo al mejor precio. Env\u00edos a domicilio.\",\"breadcrumb\":{\"@id\":\"https:\/\/mundomagnoliophyta.com\/tienda\/pachypodium\/baronii\/baronii-3in-1pz\/#breadcrumb\"},\"inLanguage\":\"es\",\"potentialAction\":[{\"@type\":\"ReadAction\",\"target\":[\"https:\/\/mundomagnoliophyta.com\/tienda\/pachypodium\/baronii\/baronii-3in-1pz\/\"]}]},{\"@type\":\"ImageObject\",\"inLanguage\":\"es\",\"@id\":\"https:\/\/mundomagnoliophyta.com\/tienda\/pachypodium\/baronii\/baronii-3in-1pz\/#primaryimage\",\"url\":\"https:\/\/mundomagnoliophyta.com\/tienda\/wp-content\/uploads\/2023\/07\/Pachypodium-Baronii-3-Pulgadas-1-Vivero-Magnoliophyta.jpg\",\"contentUrl\":\"https:\/\/mundomagnoliophyta.com\/tienda\/wp-content\/uploads\/2023\/07\/Pachypodium-Baronii-3-Pulgadas-1-Vivero-Magnoliophyta.jpg\",\"width\":2084,\"height\":1545},{\"@type\":\"BreadcrumbList\",\"@id\":\"https:\/\/mundomagnoliophyta.com\/tienda\/pachypodium\/baronii\/baronii-3in-1pz\/#breadcrumb\",\"itemListElement\":[{\"@type\":\"ListItem\",\"position\":1,\"name\":\"Portada\",\"item\":\"https:\/\/mundomagnoliophyta.com\/tienda\/\"},{\"@type\":\"ListItem\",\"position\":2,\"name\":\"Tienda\",\"item\":\"https:\/\/mundomagnoliophyta.com\/tienda\/tienda\/\"},{\"@type\":\"ListItem\",\"position\":3,\"name\":\"Pachypodium Baronii 3 Pulgadas &#8211; 1 Pieza\"}]},{\"@type\":\"WebSite\",\"@id\":\"https:\/\/mundomagnoliophyta.com\/tienda\/#website\",\"url\":\"https:\/\/mundomagnoliophyta.com\/tienda\/\",\"name\":\"Tienda Vivero Magnoliophyta\",\"description\":\"Tienda de Pachypodium, Echeveria Laui, Grusonii y Adenium\",\"publisher\":{\"@id\":\"https:\/\/mundomagnoliophyta.com\/tienda\/#organization\"},\"potentialAction\":[{\"@type\":\"SearchAction\",\"target\":{\"@type\":\"EntryPoint\",\"urlTemplate\":\"https:\/\/mundomagnoliophyta.com\/tienda\/?s={search_term_string}\"},\"query-input\":{\"@type\":\"PropertyValueSpecification\",\"valueRequired\":true,\"valueName\":\"search_term_string\"}}],\"inLanguage\":\"es\"},{\"@type\":\"Organization\",\"@id\":\"https:\/\/mundomagnoliophyta.com\/tienda\/#organization\",\"name\":\"Tienda Vivero Magnoliophyta\",\"url\":\"https:\/\/mundomagnoliophyta.com\/tienda\/\",\"logo\":{\"@type\":\"ImageObject\",\"inLanguage\":\"es\",\"@id\":\"https:\/\/mundomagnoliophyta.com\/tienda\/#\/schema\/logo\/image\/\",\"url\":\"https:\/\/mundomagnoliophyta.com\/tienda\/wp-content\/uploads\/2023\/07\/Logo-Magnoliophyta-web.png\",\"contentUrl\":\"https:\/\/mundomagnoliophyta.com\/tienda\/wp-content\/uploads\/2023\/07\/Logo-Magnoliophyta-web.png\",\"width\":331,\"height\":71,\"caption\":\"Tienda Vivero Magnoliophyta\"},\"image\":{\"@id\":\"https:\/\/mundomagnoliophyta.com\/tienda\/#\/schema\/logo\/image\/\"}}]}<\/script>\n<!-- \/ Yoast SEO plugin. -->","yoast_head_json":{"title":"Pachypodium Baronii Peque\u00f1o - Comprar online - Tienda en M\u00e9xico.","description":"\u00bfQuieres comprar un Pachypodium Baronii Peque\u00f1o? Ll\u00e9vate este incre\u00edble Pachypodium Rojo al mejor precio. Env\u00edos a domicilio.","robots":{"index":"index","follow":"follow","max-snippet":"max-snippet:-1","max-image-preview":"max-image-preview:large","max-video-preview":"max-video-preview:-1"},"canonical":"https:\/\/mundomagnoliophyta.com\/tienda\/pachypodium\/baronii\/baronii-3in-1pz\/","og_locale":"es_ES","og_type":"article","og_title":"Pachypodium Baronii Peque\u00f1o - Comprar online - Tienda en M\u00e9xico.","og_description":"\u00bfQuieres comprar un Pachypodium Baronii Peque\u00f1o? Ll\u00e9vate este incre\u00edble Pachypodium Rojo al mejor precio. Env\u00edos a domicilio.","og_url":"https:\/\/mundomagnoliophyta.com\/tienda\/pachypodium\/baronii\/baronii-3in-1pz\/","og_site_name":"Tienda Vivero Magnoliophyta","article_modified_time":"2023-07-29T12:22:58+00:00","og_image":[{"width":2084,"height":1545,"url":"https:\/\/mundomagnoliophyta.com\/tienda\/wp-content\/uploads\/2023\/07\/Pachypodium-Baronii-3-Pulgadas-1-Vivero-Magnoliophyta.jpg","type":"image\/jpeg"}],"twitter_card":"summary_large_image","twitter_misc":{"Tiempo de lectura":"7 minutos"},"schema":{"@context":"https:\/\/schema.org","@graph":[{"@type":"WebPage","@id":"https:\/\/mundomagnoliophyta.com\/tienda\/pachypodium\/baronii\/baronii-3in-1pz\/","url":"https:\/\/mundomagnoliophyta.com\/tienda\/pachypodium\/baronii\/baronii-3in-1pz\/","name":"Pachypodium Baronii Peque\u00f1o - Comprar online - Tienda en M\u00e9xico.","isPartOf":{"@id":"https:\/\/mundomagnoliophyta.com\/tienda\/#website"},"primaryImageOfPage":{"@id":"https:\/\/mundomagnoliophyta.com\/tienda\/pachypodium\/baronii\/baronii-3in-1pz\/#primaryimage"},"image":{"@id":"https:\/\/mundomagnoliophyta.com\/tienda\/pachypodium\/baronii\/baronii-3in-1pz\/#primaryimage"},"thumbnailUrl":"https:\/\/mundomagnoliophyta.com\/tienda\/wp-content\/uploads\/2023\/07\/Pachypodium-Baronii-3-Pulgadas-1-Vivero-Magnoliophyta.jpg","datePublished":"2023-07-28T06:31:09+00:00","dateModified":"2023-07-29T12:22:58+00:00","description":"\u00bfQuieres comprar un Pachypodium Baronii Peque\u00f1o? Ll\u00e9vate este incre\u00edble Pachypodium Rojo al mejor precio. Env\u00edos a domicilio.","breadcrumb":{"@id":"https:\/\/mundomagnoliophyta.com\/tienda\/pachypodium\/baronii\/baronii-3in-1pz\/#breadcrumb"},"inLanguage":"es","potentialAction":[{"@type":"ReadAction","target":["https:\/\/mundomagnoliophyta.com\/tienda\/pachypodium\/baronii\/baronii-3in-1pz\/"]}]},{"@type":"ImageObject","inLanguage":"es","@id":"https:\/\/mundomagnoliophyta.com\/tienda\/pachypodium\/baronii\/baronii-3in-1pz\/#primaryimage","url":"https:\/\/mundomagnoliophyta.com\/tienda\/wp-content\/uploads\/2023\/07\/Pachypodium-Baronii-3-Pulgadas-1-Vivero-Magnoliophyta.jpg","contentUrl":"https:\/\/mundomagnoliophyta.com\/tienda\/wp-content\/uploads\/2023\/07\/Pachypodium-Baronii-3-Pulgadas-1-Vivero-Magnoliophyta.jpg","width":2084,"height":1545},{"@type":"BreadcrumbList","@id":"https:\/\/mundomagnoliophyta.com\/tienda\/pachypodium\/baronii\/baronii-3in-1pz\/#breadcrumb","itemListElement":[{"@type":"ListItem","position":1,"name":"Portada","item":"https:\/\/mundomagnoliophyta.com\/tienda\/"},{"@type":"ListItem","position":2,"name":"Tienda","item":"https:\/\/mundomagnoliophyta.com\/tienda\/tienda\/"},{"@type":"ListItem","position":3,"name":"Pachypodium Baronii 3 Pulgadas &#8211; 1 Pieza"}]},{"@type":"WebSite","@id":"https:\/\/mundomagnoliophyta.com\/tienda\/#website","url":"https:\/\/mundomagnoliophyta.com\/tienda\/","name":"Tienda Vivero Magnoliophyta","description":"Tienda de Pachypodium, Echeveria Laui, Grusonii y Adenium","publisher":{"@id":"https:\/\/mundomagnoliophyta.com\/tienda\/#organization"},"potentialAction":[{"@type":"SearchAction","target":{"@type":"EntryPoint","urlTemplate":"https:\/\/mundomagnoliophyta.com\/tienda\/?s={search_term_string}"},"query-input":{"@type":"PropertyValueSpecification","valueRequired":true,"valueName":"search_term_string"}}],"inLanguage":"es"},{"@type":"Organization","@id":"https:\/\/mundomagnoliophyta.com\/tienda\/#organization","name":"Tienda Vivero Magnoliophyta","url":"https:\/\/mundomagnoliophyta.com\/tienda\/","logo":{"@type":"ImageObject","inLanguage":"es","@id":"https:\/\/mundomagnoliophyta.com\/tienda\/#\/schema\/logo\/image\/","url":"https:\/\/mundomagnoliophyta.com\/tienda\/wp-content\/uploads\/2023\/07\/Logo-Magnoliophyta-web.png","contentUrl":"https:\/\/mundomagnoliophyta.com\/tienda\/wp-content\/uploads\/2023\/07\/Logo-Magnoliophyta-web.png","width":331,"height":71,"caption":"Tienda Vivero Magnoliophyta"},"image":{"@id":"https:\/\/mundomagnoliophyta.com\/tienda\/#\/schema\/logo\/image\/"}}]}},"_links":{"self":[{"href":"https:\/\/mundomagnoliophyta.com\/tienda\/wp-json\/wp\/v2\/product\/35","targetHints":{"allow":["GET"]}}],"collection":[{"href":"https:\/\/mundomagnoliophyta.com\/tienda\/wp-json\/wp\/v2\/product"}],"about":[{"href":"https:\/\/mundomagnoliophyta.com\/tienda\/wp-json\/wp\/v2\/types\/product"}],"wp:featuredmedia":[{"embeddable":true,"href":"https:\/\/mundomagnoliophyta.com\/tienda\/wp-json\/wp\/v2\/media\/128"}],"wp:attachment":[{"href":"https:\/\/mundomagnoliophyta.com\/tienda\/wp-json\/wp\/v2\/media?parent=35"}],"wp:term":[{"taxonomy":"product_brand","embeddable":true,"href":"https:\/\/mundomagnoliophyta.com\/tienda\/wp-json\/wp\/v2\/product_brand?post=35"},{"taxonomy":"product_cat","embeddable":true,"href":"https:\/\/mundomagnoliophyta.com\/tienda\/wp-json\/wp\/v2\/product_cat?post=35"},{"taxonomy":"product_tag","embeddable":true,"href":"https:\/\/mundomagnoliophyta.com\/tienda\/wp-json\/wp\/v2\/product_tag?post=35"}],"curies":[{"name":"wp","href":"https:\/\/api.w.org\/{rel}","templated":true}]}}