{"id":231,"date":"2023-07-28T06:36:52","date_gmt":"2023-07-28T06:36:52","guid":{"rendered":"https:\/\/mundomagnoliophyta.com\/tienda\/?post_type=product&#038;p=231"},"modified":"2023-07-28T06:38:19","modified_gmt":"2023-07-28T06:38:19","slug":"fungicida-sistemico-para-pachypodium-y-suculentas-tiofanato-metilico-50gr","status":"publish","type":"product","link":"https:\/\/mundomagnoliophyta.com\/tienda\/producto\/agroquimicos\/fungicida-sistemico-para-pachypodium-y-suculentas-tiofanato-metilico-50gr\/","title":{"rendered":"Fungicida sist\u00e9mico para Pachypodium y Suculentas (Tiofanato Met\u00edlico) &#8211; 50gr"},"content":{"rendered":"<p><span class=\"st2\">Tiofanato Met\u00edlico es un fungicida sist\u00e9mico, preventivo y curativo, por v\u00eda sist\u00e9mica y por contacto, sobre enfermedades producidas por hongos endopar\u00e1sitos y ectopar\u00e1sitos. Act\u00faa impidiendo el crecimiento miceliar y la germinaci\u00f3n de conidias.\u00a0<\/span><\/p>\n<p>Uno de los principales problemas que afecta la producci\u00f3n de <strong>Pachypodium y suculentas<\/strong> son las enfermedades del suelo.<\/p>\n<p>Este grupo de pat\u00f3genos f\u00fangicos como Botrytis y Cenicilla, constituye el m\u00e1s relevante y da\u00f1ino. Comienzan atacando la ra\u00edz e ingresan al sistema vascular, por lo que se llega a producir clorosis, marchitez y pobre desarrollo radicular.<\/p>\n<p>Son capaces de producir estructuras reproductivas o de supervivencia que esperan las condiciones ideales para volver a infectar las plantas, por eso, para prevenir y curar contra estas enfermedades.<\/p>\n<p>Este es un <b>fungicida ideal<\/b>, con triple acci\u00f3n y de amplio espectro. Su efecto residual prolongado y alta estabilidad en el suelo lo hace el aliado ideal contra estas enfermedades.<\/p>\n<p><span class=\"st2\">Nombre qu\u00edmico: Tiofanato Met\u00edlico: Dimetil &#8211; 4,4 -0-Fenilenbis (3-Tioalofanato).<\/span><\/p>\n<h2>\u00bfQu\u00e9 incluye tu compra?<\/h2>\n<p>50 gramos de fungicida en polvo.<\/p>\n<p>La presentaci\u00f3n de este producto es en polvo.<\/p>\n<h2>\u00bfC\u00f3mo aplicarlo en mis plantas de Pachypodium y Suculentas?<\/h2>\n<p>Vas a diluir 1 gramo de este fungicida en 1 litro de agua.<\/p>\n<p>Una vez que has diluido el fungicida vas a aplicar la soluci\u00f3n como riego normal a tu planta de Pachypodium o Suculenta.<\/p>\n<h2>\u00bfCada cu\u00e1ndo se recomienda aplicar este fungicida a mis plantas de Pachypodium y Suculentas?<\/h2>\n<p>Nosotros recomendamos aplicar este producto 1 vez al mes durante Primavera, Verano y Oto\u00f1o.<\/p>\n<h2>IMPORTANTE.<\/h2>\n<p>Recuerda que un fungicida ayuda a disminuir las probabilidades de pudrici\u00f3n en tus plantas de Pachypodium o suculentas, no erradica por completo las probabilidades de aparici\u00f3n de hongos.<\/p>\n<p>Este producto se debe considerar como ayuda para tener plantas de<strong> Pachypodium y suculentas sanas.<\/strong><\/p>\n<p>Tambi\u00e9n este fungicida se debe utilizar como un producto de <strong>prevenci\u00f3n de enfermedades.<\/strong><\/p>\n","protected":false},"excerpt":{"rendered":"<p>Tiofanato Met\u00edlico es un fungicida sist\u00e9mico, preventivo y curativo, por v\u00eda sist\u00e9mica y por contacto, sobre enfermedades producidas por hongos endopar\u00e1sitos y ectopar\u00e1sitos. Act\u00faa impidiendo el crecimiento miceliar y la germinaci\u00f3n de conidias.\u00a0 Uno de los principales problemas que afecta la producci\u00f3n de Pachypodium y suculentas son las enfermedades del suelo. Este grupo de pat\u00f3genos [&hellip;]<\/p>\n","protected":false},"featured_media":264,"template":"","meta":[],"product_brand":[],"product_cat":[44],"product_tag":[],"class_list":{"0":"post-231","1":"product","2":"type-product","3":"status-publish","4":"has-post-thumbnail","6":"product_cat-agroquimicos","8":"first","9":"outofstock","10":"shipping-taxable","11":"purchasable","12":"product-type-simple"},"yoast_head":"<!-- This site is optimized with the Yoast SEO plugin v25.4 - https:\/\/yoast.com\/wordpress\/plugins\/seo\/ -->\n<title>Fungicida sist\u00e9mico para Pachypodium y Suculentas (Tiofanato Met\u00edlico) - 50gr<\/title>\n<meta name=\"description\" content=\"Utiliza este fungicida para plantas de Pachypodium y Suculentas. Ayuda a disminuir la pudrici\u00f3n causada por hongos en el suelo. Compra aqu\u00ed.\" \/>\n<meta name=\"robots\" content=\"noindex, follow\" \/>\n<meta property=\"og:locale\" content=\"es_ES\" \/>\n<meta property=\"og:type\" content=\"article\" \/>\n<meta property=\"og:title\" content=\"Fungicida sist\u00e9mico para Pachypodium y Suculentas (Tiofanato Met\u00edlico) - 50gr\" \/>\n<meta property=\"og:description\" content=\"Utiliza este fungicida para plantas de Pachypodium y Suculentas. Ayuda a disminuir la pudrici\u00f3n causada por hongos en el suelo. Compra aqu\u00ed.\" \/>\n<meta property=\"og:url\" content=\"https:\/\/mundomagnoliophyta.com\/tienda\/producto\/agroquimicos\/fungicida-sistemico-para-pachypodium-y-suculentas-tiofanato-metilico-50gr\/\" \/>\n<meta property=\"og:site_name\" content=\"Tienda Vivero Magnoliophyta\" \/>\n<meta property=\"article:modified_time\" content=\"2023-07-28T06:38:19+00:00\" \/>\n<meta property=\"og:image\" content=\"https:\/\/mundomagnoliophyta.com\/tienda\/wp-content\/uploads\/2023\/07\/fungicida-Benzimidazol.png\" \/>\n\t<meta property=\"og:image:width\" content=\"920\" \/>\n\t<meta property=\"og:image:height\" content=\"800\" \/>\n\t<meta property=\"og:image:type\" content=\"image\/png\" \/>\n<meta name=\"twitter:card\" content=\"summary_large_image\" \/>\n<meta name=\"twitter:label1\" content=\"Tiempo de lectura\" \/>\n\t<meta name=\"twitter:data1\" content=\"2 minutos\" \/>\n<script type=\"application\/ld+json\" class=\"yoast-schema-graph\">{\"@context\":\"https:\/\/schema.org\",\"@graph\":[{\"@type\":\"WebPage\",\"@id\":\"https:\/\/mundomagnoliophyta.com\/tienda\/producto\/agroquimicos\/fungicida-sistemico-para-pachypodium-y-suculentas-tiofanato-metilico-50gr\/\",\"url\":\"https:\/\/mundomagnoliophyta.com\/tienda\/producto\/agroquimicos\/fungicida-sistemico-para-pachypodium-y-suculentas-tiofanato-metilico-50gr\/\",\"name\":\"Fungicida sist\u00e9mico para Pachypodium y Suculentas (Tiofanato Met\u00edlico) - 50gr\",\"isPartOf\":{\"@id\":\"https:\/\/mundomagnoliophyta.com\/tienda\/#website\"},\"primaryImageOfPage\":{\"@id\":\"https:\/\/mundomagnoliophyta.com\/tienda\/producto\/agroquimicos\/fungicida-sistemico-para-pachypodium-y-suculentas-tiofanato-metilico-50gr\/#primaryimage\"},\"image\":{\"@id\":\"https:\/\/mundomagnoliophyta.com\/tienda\/producto\/agroquimicos\/fungicida-sistemico-para-pachypodium-y-suculentas-tiofanato-metilico-50gr\/#primaryimage\"},\"thumbnailUrl\":\"https:\/\/mundomagnoliophyta.com\/tienda\/wp-content\/uploads\/2023\/07\/fungicida-Benzimidazol.png\",\"datePublished\":\"2023-07-28T06:36:52+00:00\",\"dateModified\":\"2023-07-28T06:38:19+00:00\",\"description\":\"Utiliza este fungicida para plantas de Pachypodium y Suculentas. Ayuda a disminuir la pudrici\u00f3n causada por hongos en el suelo. Compra aqu\u00ed.\",\"breadcrumb\":{\"@id\":\"https:\/\/mundomagnoliophyta.com\/tienda\/producto\/agroquimicos\/fungicida-sistemico-para-pachypodium-y-suculentas-tiofanato-metilico-50gr\/#breadcrumb\"},\"inLanguage\":\"es\",\"potentialAction\":[{\"@type\":\"ReadAction\",\"target\":[\"https:\/\/mundomagnoliophyta.com\/tienda\/producto\/agroquimicos\/fungicida-sistemico-para-pachypodium-y-suculentas-tiofanato-metilico-50gr\/\"]}]},{\"@type\":\"ImageObject\",\"inLanguage\":\"es\",\"@id\":\"https:\/\/mundomagnoliophyta.com\/tienda\/producto\/agroquimicos\/fungicida-sistemico-para-pachypodium-y-suculentas-tiofanato-metilico-50gr\/#primaryimage\",\"url\":\"https:\/\/mundomagnoliophyta.com\/tienda\/wp-content\/uploads\/2023\/07\/fungicida-Benzimidazol.png\",\"contentUrl\":\"https:\/\/mundomagnoliophyta.com\/tienda\/wp-content\/uploads\/2023\/07\/fungicida-Benzimidazol.png\",\"width\":920,\"height\":800},{\"@type\":\"BreadcrumbList\",\"@id\":\"https:\/\/mundomagnoliophyta.com\/tienda\/producto\/agroquimicos\/fungicida-sistemico-para-pachypodium-y-suculentas-tiofanato-metilico-50gr\/#breadcrumb\",\"itemListElement\":[{\"@type\":\"ListItem\",\"position\":1,\"name\":\"Portada\",\"item\":\"https:\/\/mundomagnoliophyta.com\/tienda\/\"},{\"@type\":\"ListItem\",\"position\":2,\"name\":\"Tienda\",\"item\":\"https:\/\/mundomagnoliophyta.com\/tienda\/tienda\/\"},{\"@type\":\"ListItem\",\"position\":3,\"name\":\"Fungicida sist\u00e9mico para Pachypodium y Suculentas (Tiofanato Met\u00edlico) &#8211; 50gr\"}]},{\"@type\":\"WebSite\",\"@id\":\"https:\/\/mundomagnoliophyta.com\/tienda\/#website\",\"url\":\"https:\/\/mundomagnoliophyta.com\/tienda\/\",\"name\":\"Tienda Vivero Magnoliophyta\",\"description\":\"Tienda de Pachypodium, Echeveria Laui, Grusonii y Adenium\",\"publisher\":{\"@id\":\"https:\/\/mundomagnoliophyta.com\/tienda\/#organization\"},\"potentialAction\":[{\"@type\":\"SearchAction\",\"target\":{\"@type\":\"EntryPoint\",\"urlTemplate\":\"https:\/\/mundomagnoliophyta.com\/tienda\/?s={search_term_string}\"},\"query-input\":{\"@type\":\"PropertyValueSpecification\",\"valueRequired\":true,\"valueName\":\"search_term_string\"}}],\"inLanguage\":\"es\"},{\"@type\":\"Organization\",\"@id\":\"https:\/\/mundomagnoliophyta.com\/tienda\/#organization\",\"name\":\"Tienda Vivero Magnoliophyta\",\"url\":\"https:\/\/mundomagnoliophyta.com\/tienda\/\",\"logo\":{\"@type\":\"ImageObject\",\"inLanguage\":\"es\",\"@id\":\"https:\/\/mundomagnoliophyta.com\/tienda\/#\/schema\/logo\/image\/\",\"url\":\"https:\/\/mundomagnoliophyta.com\/tienda\/wp-content\/uploads\/2023\/07\/Logo-Magnoliophyta-web.png\",\"contentUrl\":\"https:\/\/mundomagnoliophyta.com\/tienda\/wp-content\/uploads\/2023\/07\/Logo-Magnoliophyta-web.png\",\"width\":331,\"height\":71,\"caption\":\"Tienda Vivero Magnoliophyta\"},\"image\":{\"@id\":\"https:\/\/mundomagnoliophyta.com\/tienda\/#\/schema\/logo\/image\/\"}}]}<\/script>\n<!-- \/ Yoast SEO plugin. -->","yoast_head_json":{"title":"Fungicida sist\u00e9mico para Pachypodium y Suculentas (Tiofanato Met\u00edlico) - 50gr","description":"Utiliza este fungicida para plantas de Pachypodium y Suculentas. Ayuda a disminuir la pudrici\u00f3n causada por hongos en el suelo. Compra aqu\u00ed.","robots":{"index":"noindex","follow":"follow"},"og_locale":"es_ES","og_type":"article","og_title":"Fungicida sist\u00e9mico para Pachypodium y Suculentas (Tiofanato Met\u00edlico) - 50gr","og_description":"Utiliza este fungicida para plantas de Pachypodium y Suculentas. Ayuda a disminuir la pudrici\u00f3n causada por hongos en el suelo. Compra aqu\u00ed.","og_url":"https:\/\/mundomagnoliophyta.com\/tienda\/producto\/agroquimicos\/fungicida-sistemico-para-pachypodium-y-suculentas-tiofanato-metilico-50gr\/","og_site_name":"Tienda Vivero Magnoliophyta","article_modified_time":"2023-07-28T06:38:19+00:00","og_image":[{"width":920,"height":800,"url":"https:\/\/mundomagnoliophyta.com\/tienda\/wp-content\/uploads\/2023\/07\/fungicida-Benzimidazol.png","type":"image\/png"}],"twitter_card":"summary_large_image","twitter_misc":{"Tiempo de lectura":"2 minutos"},"schema":{"@context":"https:\/\/schema.org","@graph":[{"@type":"WebPage","@id":"https:\/\/mundomagnoliophyta.com\/tienda\/producto\/agroquimicos\/fungicida-sistemico-para-pachypodium-y-suculentas-tiofanato-metilico-50gr\/","url":"https:\/\/mundomagnoliophyta.com\/tienda\/producto\/agroquimicos\/fungicida-sistemico-para-pachypodium-y-suculentas-tiofanato-metilico-50gr\/","name":"Fungicida sist\u00e9mico para Pachypodium y Suculentas (Tiofanato Met\u00edlico) - 50gr","isPartOf":{"@id":"https:\/\/mundomagnoliophyta.com\/tienda\/#website"},"primaryImageOfPage":{"@id":"https:\/\/mundomagnoliophyta.com\/tienda\/producto\/agroquimicos\/fungicida-sistemico-para-pachypodium-y-suculentas-tiofanato-metilico-50gr\/#primaryimage"},"image":{"@id":"https:\/\/mundomagnoliophyta.com\/tienda\/producto\/agroquimicos\/fungicida-sistemico-para-pachypodium-y-suculentas-tiofanato-metilico-50gr\/#primaryimage"},"thumbnailUrl":"https:\/\/mundomagnoliophyta.com\/tienda\/wp-content\/uploads\/2023\/07\/fungicida-Benzimidazol.png","datePublished":"2023-07-28T06:36:52+00:00","dateModified":"2023-07-28T06:38:19+00:00","description":"Utiliza este fungicida para plantas de Pachypodium y Suculentas. Ayuda a disminuir la pudrici\u00f3n causada por hongos en el suelo. Compra aqu\u00ed.","breadcrumb":{"@id":"https:\/\/mundomagnoliophyta.com\/tienda\/producto\/agroquimicos\/fungicida-sistemico-para-pachypodium-y-suculentas-tiofanato-metilico-50gr\/#breadcrumb"},"inLanguage":"es","potentialAction":[{"@type":"ReadAction","target":["https:\/\/mundomagnoliophyta.com\/tienda\/producto\/agroquimicos\/fungicida-sistemico-para-pachypodium-y-suculentas-tiofanato-metilico-50gr\/"]}]},{"@type":"ImageObject","inLanguage":"es","@id":"https:\/\/mundomagnoliophyta.com\/tienda\/producto\/agroquimicos\/fungicida-sistemico-para-pachypodium-y-suculentas-tiofanato-metilico-50gr\/#primaryimage","url":"https:\/\/mundomagnoliophyta.com\/tienda\/wp-content\/uploads\/2023\/07\/fungicida-Benzimidazol.png","contentUrl":"https:\/\/mundomagnoliophyta.com\/tienda\/wp-content\/uploads\/2023\/07\/fungicida-Benzimidazol.png","width":920,"height":800},{"@type":"BreadcrumbList","@id":"https:\/\/mundomagnoliophyta.com\/tienda\/producto\/agroquimicos\/fungicida-sistemico-para-pachypodium-y-suculentas-tiofanato-metilico-50gr\/#breadcrumb","itemListElement":[{"@type":"ListItem","position":1,"name":"Portada","item":"https:\/\/mundomagnoliophyta.com\/tienda\/"},{"@type":"ListItem","position":2,"name":"Tienda","item":"https:\/\/mundomagnoliophyta.com\/tienda\/tienda\/"},{"@type":"ListItem","position":3,"name":"Fungicida sist\u00e9mico para Pachypodium y Suculentas (Tiofanato Met\u00edlico) &#8211; 50gr"}]},{"@type":"WebSite","@id":"https:\/\/mundomagnoliophyta.com\/tienda\/#website","url":"https:\/\/mundomagnoliophyta.com\/tienda\/","name":"Tienda Vivero Magnoliophyta","description":"Tienda de Pachypodium, Echeveria Laui, Grusonii y Adenium","publisher":{"@id":"https:\/\/mundomagnoliophyta.com\/tienda\/#organization"},"potentialAction":[{"@type":"SearchAction","target":{"@type":"EntryPoint","urlTemplate":"https:\/\/mundomagnoliophyta.com\/tienda\/?s={search_term_string}"},"query-input":{"@type":"PropertyValueSpecification","valueRequired":true,"valueName":"search_term_string"}}],"inLanguage":"es"},{"@type":"Organization","@id":"https:\/\/mundomagnoliophyta.com\/tienda\/#organization","name":"Tienda Vivero Magnoliophyta","url":"https:\/\/mundomagnoliophyta.com\/tienda\/","logo":{"@type":"ImageObject","inLanguage":"es","@id":"https:\/\/mundomagnoliophyta.com\/tienda\/#\/schema\/logo\/image\/","url":"https:\/\/mundomagnoliophyta.com\/tienda\/wp-content\/uploads\/2023\/07\/Logo-Magnoliophyta-web.png","contentUrl":"https:\/\/mundomagnoliophyta.com\/tienda\/wp-content\/uploads\/2023\/07\/Logo-Magnoliophyta-web.png","width":331,"height":71,"caption":"Tienda Vivero Magnoliophyta"},"image":{"@id":"https:\/\/mundomagnoliophyta.com\/tienda\/#\/schema\/logo\/image\/"}}]}},"_links":{"self":[{"href":"https:\/\/mundomagnoliophyta.com\/tienda\/wp-json\/wp\/v2\/product\/231","targetHints":{"allow":["GET"]}}],"collection":[{"href":"https:\/\/mundomagnoliophyta.com\/tienda\/wp-json\/wp\/v2\/product"}],"about":[{"href":"https:\/\/mundomagnoliophyta.com\/tienda\/wp-json\/wp\/v2\/types\/product"}],"wp:featuredmedia":[{"embeddable":true,"href":"https:\/\/mundomagnoliophyta.com\/tienda\/wp-json\/wp\/v2\/media\/264"}],"wp:attachment":[{"href":"https:\/\/mundomagnoliophyta.com\/tienda\/wp-json\/wp\/v2\/media?parent=231"}],"wp:term":[{"taxonomy":"product_brand","embeddable":true,"href":"https:\/\/mundomagnoliophyta.com\/tienda\/wp-json\/wp\/v2\/product_brand?post=231"},{"taxonomy":"product_cat","embeddable":true,"href":"https:\/\/mundomagnoliophyta.com\/tienda\/wp-json\/wp\/v2\/product_cat?post=231"},{"taxonomy":"product_tag","embeddable":true,"href":"https:\/\/mundomagnoliophyta.com\/tienda\/wp-json\/wp\/v2\/product_tag?post=231"}],"curies":[{"name":"wp","href":"https:\/\/api.w.org\/{rel}","templated":true}]}}