{"id":230,"date":"2023-07-28T06:36:52","date_gmt":"2023-07-28T06:36:52","guid":{"rendered":"https:\/\/mundomagnoliophyta.com\/tienda\/?post_type=product&#038;p=230"},"modified":"2023-07-28T18:47:11","modified_gmt":"2023-07-29T00:47:11","slug":"echeveria-laui-4-pulgadas","status":"publish","type":"product","link":"https:\/\/mundomagnoliophyta.com\/tienda\/echeveria-laui\/laui-4in-1pz\/","title":{"rendered":"Echeveria Laui 4 Pulgadas"},"content":{"rendered":"<p>\u00bfTe encanta la incre\u00edble Echeveria Laui? <strong>\u00bfHab\u00edas so\u00f1ado con tenerla dentro de tu colecci\u00f3n especial?<\/strong> Lleg\u00f3 el d\u00eda tan esperado para ti.<\/p>\n<p><strong>Es momento<\/strong> de que recibas una de las plantas <strong>m\u00e1s deseadas por expertos y conocedores.<\/strong><\/p>\n<p>Ll\u00e9vate ahora esta<strong> fant\u00e1stica planta de colecci\u00f3n<\/strong> y presume su belleza con tus amigos y conocidos.<\/p>\n<p>Adem\u00e1s&#8230;<\/p>\n<p>Te enviaremos el <strong>Manual completo de Cuidados y sugerencias<\/strong> que nosotros mismos hemos probado para tener plantas sanas y hermosas.<\/p>\n<p>Mira nuestras plantas madre:<\/p>\n<figure id=\"attachment_5497\" aria-describedby=\"caption-attachment-5497\" style=\"width: 801px\" class=\"wp-caption aligncenter\"><a href=\"https:\/\/mundomagnoliophyta.com\/wp-content\/uploads\/2021\/03\/Plantas-madre-Echeveria-Laui-Vivero-Magnoliophyta.jpg\"><img loading=\"lazy\" decoding=\"async\" class=\"wp-image-5497 size-full\" src=\"https:\/\/mundomagnoliophyta.com\/wp-content\/uploads\/2021\/03\/Plantas-madre-Echeveria-Laui-Vivero-Magnoliophyta.jpg\" alt=\"Plantas madre de Echeveria Laui en vivero Magnoliophyta\" width=\"801\" height=\"529\" \/><\/a><figcaption id=\"caption-attachment-5497\" class=\"wp-caption-text\">Plantas Madre de Echeveria Laui donde obtenemos semillas. Foto: Vivero Magnoliophyta.<\/figcaption><\/figure>\n<p>El manual te lo enviaremos en formato digital PDF <strong>para que lo tengas disponible siempre.<\/strong> As\u00ed vas a estar m\u00e1s seguro de tenerlo a tu alcance para revisarlo si tienes dudas una vez que has comenzado a cuidar<strong> tu propia Echeveria Laui.<\/strong><\/p>\n<p>\u00a1Pero espera!<\/p>\n<h2>\u00bfTienes miedo de que tu planta llegue maltratada?<\/h2>\n<p>Sabemos que esto es algo que te preocupa y lo<span style=\"font-size: 16px;\"> entendemos perfectamente.<\/span><\/p>\n<p><span style=\"font-size: 16px;\">Hay muchas <\/span><strong style=\"font-size: 16px;\">historias en grupos de facebook e internet<\/strong><span style=\"font-size: 16px;\">, donde las plantas llegan maltratadas y en algunos casos extremos <\/span><strong style=\"font-size: 16px;\">llegan completamente destrozadas.<\/strong><\/p>\n<p>Por experiencia te podemos decir que esto ocurre debido a un proceso de empaque deficiente. Sin ese sentido del cuidado de las plantas, sin la precauci\u00f3n de disminuir los riesgos de traslado en servicios de paqueter\u00edas.<\/p>\n<p>Lo m\u00e1s triste es cuando el encargado de realizar la venta se hace el desentendido. Finalmente t\u00fa como cliente, despu\u00e9s de estar emocionado por recibir una planta de Echeveria Laui en las mejores condiciones posibles, recibes una desilusi\u00f3n.<\/p>\n<p>Lo sabemos porque tambi\u00e9n lo hemos vivido. Tal vez no con plantas de Echeveria Laui, pero s\u00ed con otro tipo de insumos que necesitan el mejor de los empaques para disminuir los riesgos de traslado.<\/p>\n<p>As\u00ed que hemos decidido hacer algo al respecto.<\/p>\n<p>Poner <strong>todo nuestro empe\u00f1o durante el proceso de empaque<\/strong> de tu nueva Echeveria Laui.<\/p>\n<p><em>\u00a1Despreoc\u00fapate!<\/em><\/p>\n<p>Tenemos un empaque especial que nos ha permitido<strong> tener clientes felices<\/strong> al recibir sus ejemplares en las mejores condiciones posibles.<\/p>\n<p>Claro.<\/p>\n<p>Nosotros te podemos decir las mil y un maravillas, \u00bfcierto?<\/p>\n<p>Por eso mejor desc\u00fabrelo por ti mismo. En las propias palabras de los clientes felices que <strong>ya recibieron su Echeveria Laui<\/strong> en la puerta de su domicilio:<\/p>\n<p>&nbsp;<\/p>\n\n<h2>Pero sobre todo. Tu dinero siempre est\u00e1 protegido.<\/h2>\n<p>Queremos ser honestos contigo.<\/p>\n<p>Creemos que <strong>ni las grandes y mejores empresas<\/strong> pueden asegurarte al 100% que tu compra estar\u00e1 libre de incidentes. Mucho menos nosotros que somos una empresa familiar.<\/p>\n<p>Por eso, <strong>nuestra honestidad va por delante.<\/strong><\/p>\n<p>Con el paso de los a\u00f1os, esta se ha convertido en la mejor garant\u00eda para todos nuestros clientes. Y como no queremos que quede solo en una \u00absimple promesa\u00bb, usamos un sistema de pagos llamado MercadoPago.<\/p>\n<p>Este sistema es completamente ajeno a nosotros. Su misi\u00f3n es brindarte seguridad a ti y por supuesto, a tu dinero. Tambi\u00e9n nos brinda seguridad a nosotros en nuestras ventas.<\/p>\n<p>MercadoPago se encarga de<strong> proteger tu dinero hasta que recibes tu producto.<\/strong><\/p>\n<p>Si por alguna extra\u00f1a raz\u00f3n fuera de tu alcance y fuera del de nosotros el producto tiene alg\u00fan incidente, <strong>tu dinero siempre estar\u00e1 ah\u00ed<\/strong>, disponible para la devoluci\u00f3n.<\/p>\n<p>Hasta ahora no hemos realizado alguna devoluci\u00f3n de dinero. No con esto queremos decirte que somos perfectos, ni mucho menos.<\/p>\n<p>\u00bfC\u00f3mo lo hemos logrado?<\/p>\n<ul>\n<li>Hemos sabido <strong>hablar con la verdad<\/strong> siempre.<\/li>\n<li>Entablar <strong>di\u00e1logo<\/strong> directo con nuestros clientes.<\/li>\n<li>Brindar <strong>soporte oportuno<\/strong> en todo momento.<\/li>\n<\/ul>\n<p>Y como nuestra honestidad siempre va por delante, estamos preparados por si algo fuera de lo previsto llegara a suceder con la ayuda de MercadoPago.<\/p>\n<p>\u00bfQ\u00fae vas a recibir al realizar tu compra? \u00bfCu\u00e1les son las caracter\u00edsticas de tu nueva suculenta?<\/p>\n<h2>Caracter\u00edsticas de tu Echeveria Laui en 4 Pulgadas.<\/h2>\n<p>Di\u00e1metro M\u00e1ximo (de la planta): 5cm. *<\/p>\n<p>Altura M\u00e1xima (de la planta, sin maceta): 2.5cm. *<\/p>\n<p>Tama\u00f1o de Maceta: 4 pulgadas.<\/p>\n<p>*Las medidas son aproximadas. Estas medidas son variables ya que cada planta es \u00fanica, puede haber variaciones en tama\u00f1o y presentaci\u00f3n visual.<\/p>\n<p>&nbsp;<\/p>\n<h2>Lugar ideal.<\/h2>\n<p>Para esta planta te recomendamos colocarla en un lugar donde reciba el sol ya sea de la ma\u00f1ana o de la tarde. Tambi\u00e9n es ideal colocarla bajo un domo.<\/p>\n<p>Recuerda que el calor del sol es un <strong>elemento principal<\/strong> para un buen desarrollo y crecimiento de la planta.<\/p>\n<p>&nbsp;<\/p>\n<h2>Riego.<\/h2>\n<p>Al colocar tu planta en estas condiciones de calor y sol la recomendaci\u00f3n para el riego es la siguiente:<\/p>\n<p><strong>En Primavera\/Verano<\/strong>, hacer lo posible por regarla cada tres d\u00edas. Dependiendo de c\u00f3mo se note la humedad en el sustrato. Si se nota muy h\u00famedo, disminuir el riego, si se nota muy seco entonces incrementar el riego.<\/p>\n<p><strong>En Oto\u00f1o\/Invierno<\/strong>, disminuir el riego. Regar la planta 1 vez por semana. Dependiendo de c\u00f3mo se note la humedad en el sustrato. Si se nota muy h\u00famedo, disminuir el riego, si se nota muy seco entonces incrementar el riego.<\/p>\n<p>&nbsp;<\/p>\n<h2>\u00bfC\u00f3mo es la flor de una Echeveria Laui?<\/h2>\n<p>La siguiente es una foto que tomamos durante el ciclo de floraci\u00f3n de alguna de nuestras plantas madre en nuestro vivero.<\/p>\n<p>Esta es una imagen de referencia para que tengas una mejor idea de c\u00f3mo es la flor que puede dar tu planta.<\/p>\n<figure id=\"attachment_5499\" aria-describedby=\"caption-attachment-5499\" style=\"width: 815px\" class=\"wp-caption aligncenter\"><a href=\"https:\/\/mundomagnoliophyta.com\/wp-content\/uploads\/2021\/03\/Flor-de-Echeveria-Laui-en-Vivero-Magnoliophyta.jpg\"><img loading=\"lazy\" decoding=\"async\" class=\"wp-image-5499 size-full\" src=\"https:\/\/mundomagnoliophyta.com\/wp-content\/uploads\/2021\/03\/Flor-de-Echeveria-Laui-en-Vivero-Magnoliophyta.jpg\" alt=\"Flor de Echeveria Laui en Vivero Magnoliophyta\" width=\"815\" height=\"487\" \/><\/a><figcaption id=\"caption-attachment-5499\" class=\"wp-caption-text\">Aqu\u00ed la flor de una planta Madre de Echeveria Laui en nuestro Vivero. Foto de Vivero Magnoliophyta.<\/figcaption><\/figure>\n<h2>Enam\u00f3rate con estas bellezas. Mira:<\/h2>\n<figure id=\"attachment_5503\" aria-describedby=\"caption-attachment-5503\" style=\"width: 443px\" class=\"wp-caption aligncenter\"><a href=\"https:\/\/mundomagnoliophyta.com\/wp-content\/uploads\/2021\/03\/Planta-adulta-de-hermosa-Echeveria-Laui-en-Vivero-Magnoliophyta.jpg\"><img loading=\"lazy\" decoding=\"async\" class=\"wp-image-5503 size-full\" src=\"https:\/\/mundomagnoliophyta.com\/wp-content\/uploads\/2021\/03\/Planta-adulta-de-hermosa-Echeveria-Laui-en-Vivero-Magnoliophyta.jpg\" alt=\"Planta adulta de una Echeveria Laui en Vivero Magnoliophyta\" width=\"443\" height=\"346\" \/><\/a><figcaption id=\"caption-attachment-5503\" class=\"wp-caption-text\">Planta adulta de Echeveria Laui &#8211; Incre\u00edble.<\/figcaption><\/figure>\n<figure id=\"attachment_5502\" aria-describedby=\"caption-attachment-5502\" style=\"width: 768px\" class=\"wp-caption aligncenter\"><a href=\"https:\/\/mundomagnoliophyta.com\/wp-content\/uploads\/2021\/03\/Producci\u00f3n-de-plantas-de-Echeveria-Laui-en-Vivero-Magnoliophyta.jpg\"><img loading=\"lazy\" decoding=\"async\" class=\"wp-image-5502 size-full\" src=\"https:\/\/mundomagnoliophyta.com\/wp-content\/uploads\/2021\/03\/Producci\u00f3n-de-plantas-de-Echeveria-Laui-en-Vivero-Magnoliophyta.jpg\" alt=\"Producci\u00f3n de Echeveria Laui en Vivero Magnoliophyta\" width=\"768\" height=\"412\" \/><\/a><figcaption id=\"caption-attachment-5502\" class=\"wp-caption-text\">Plantas en producci\u00f3n de Vivero Magnoliophyta.<\/figcaption><\/figure>\n<figure id=\"attachment_5500\" aria-describedby=\"caption-attachment-5500\" style=\"width: 813px\" class=\"wp-caption aligncenter\"><a href=\"https:\/\/mundomagnoliophyta.com\/wp-content\/uploads\/2021\/03\/Planta-adulta-de-Echeveria-Laui-en-Vivero-Magnoliophyta.jpg\"><img loading=\"lazy\" decoding=\"async\" class=\"wp-image-5500 size-full\" src=\"https:\/\/mundomagnoliophyta.com\/wp-content\/uploads\/2021\/03\/Planta-adulta-de-Echeveria-Laui-en-Vivero-Magnoliophyta.jpg\" alt=\"Planta adulta de Echeveria Laui en vivero Magnoliophyta\" width=\"813\" height=\"559\" \/><\/a><figcaption id=\"caption-attachment-5500\" class=\"wp-caption-text\">Espectacular planta en edad adulta de una Echeveria Laui.<\/figcaption><\/figure>\n<h2>Esta planta que vas a tener contigo, naci\u00f3 as\u00ed:<\/h2>\n<figure id=\"attachment_5504\" aria-describedby=\"caption-attachment-5504\" style=\"width: 795px\" class=\"wp-caption aligncenter\"><a href=\"https:\/\/mundomagnoliophyta.com\/wp-content\/uploads\/2021\/03\/Nacimiento-de-plantas-de-Echeveria-Laui-en-Vivero-Magnoliophyta.jpg\"><img loading=\"lazy\" decoding=\"async\" class=\"wp-image-5504 size-full\" src=\"https:\/\/mundomagnoliophyta.com\/wp-content\/uploads\/2021\/03\/Nacimiento-de-plantas-de-Echeveria-Laui-en-Vivero-Magnoliophyta.jpg\" alt=\"Nacimiento de plantas de Echeveria Laui en Vivero Magnoliophyta\" width=\"795\" height=\"559\" \/><\/a><figcaption id=\"caption-attachment-5504\" class=\"wp-caption-text\">Etapa de nacimiento de plantas de Echeveria Laui en Vivero Magnoliophyta.<\/figcaption><\/figure>\n<h2>\u00bfEst\u00e1s listo para recibir tu nueva Echeveria Laui?<\/h2>\n<p>\u00bfTe sientes preparado para tener contigo y cuidar esta suculenta tan especial?<\/p>\n<p>Rec\u00edbela en tu domicilio sin salir de casa.<\/p>\n<p>Nos vemos del otro lado de tu compra.<\/p>\n<p>\ud83d\ude42<\/p>\n","protected":false},"excerpt":{"rendered":"<ul>\n<li style=\"color: #2e9b03;\">Tu Compra segura y protegida.<\/li>\n<li style=\"color: #2e9b03;\">Paga en OXXO, con Tarjeta o Transferencia.<\/li>\n<li style=\"color: #2e9b03;\">Recibe el producto que esperas o te devolvemos tu dinero.<\/li>\n<\/ul>\n<div id=\"gtx-trans\" style=\"position: absolute; left: 270px; top: -3px;\">\n<div class=\"gtx-trans-icon\"><\/div>\n<\/div>\n","protected":false},"featured_media":265,"template":"","meta":[],"product_brand":[],"product_cat":[27],"product_tag":[28],"class_list":{"0":"post-230","1":"product","2":"type-product","3":"status-publish","4":"has-post-thumbnail","6":"product_cat-echeveria-laui","7":"product_tag-suculentas","9":"first","10":"instock","11":"sale","12":"sold-individually","13":"shipping-taxable","14":"purchasable","15":"product-type-simple"},"yoast_head":"<!-- This site is optimized with the Yoast SEO plugin v25.4 - https:\/\/yoast.com\/wordpress\/plugins\/seo\/ -->\n<title>Echeveria Laui 4 Pulgadas - Venta de Echeveria Laui.<\/title>\n<meta name=\"description\" content=\"Compra aqu\u00ed Echeveria Laui de 4 pulgadas. El tama\u00f1o ideal para verla crecer y enamorarte de ella. Revisa caracter\u00edsticas de esta suculenta.\" \/>\n<meta name=\"robots\" content=\"noindex, follow\" \/>\n<meta property=\"og:locale\" content=\"es_ES\" \/>\n<meta property=\"og:type\" content=\"article\" \/>\n<meta property=\"og:title\" content=\"Echeveria Laui 4 Pulgadas - Venta de Echeveria Laui.\" \/>\n<meta property=\"og:description\" content=\"Compra aqu\u00ed Echeveria Laui de 4 pulgadas. El tama\u00f1o ideal para verla crecer y enamorarte de ella. Revisa caracter\u00edsticas de esta suculenta.\" \/>\n<meta property=\"og:url\" content=\"https:\/\/mundomagnoliophyta.com\/tienda\/echeveria-laui\/laui-4in-1pz\/\" \/>\n<meta property=\"og:site_name\" content=\"Tienda Vivero Magnoliophyta\" \/>\n<meta property=\"article:modified_time\" content=\"2023-07-29T00:47:11+00:00\" \/>\n<meta property=\"og:image\" content=\"https:\/\/mundomagnoliophyta.com\/tienda\/wp-content\/uploads\/2023\/07\/1-Echeveria-Laui-4in-Vivero-Magnoliophyta.jpg\" \/>\n\t<meta property=\"og:image:width\" content=\"2084\" \/>\n\t<meta property=\"og:image:height\" content=\"1545\" \/>\n\t<meta property=\"og:image:type\" content=\"image\/jpeg\" \/>\n<meta name=\"twitter:card\" content=\"summary_large_image\" \/>\n<meta name=\"twitter:label1\" content=\"Tiempo de lectura\" \/>\n\t<meta name=\"twitter:data1\" content=\"6 minutos\" \/>\n<script type=\"application\/ld+json\" class=\"yoast-schema-graph\">{\"@context\":\"https:\/\/schema.org\",\"@graph\":[{\"@type\":\"WebPage\",\"@id\":\"https:\/\/mundomagnoliophyta.com\/tienda\/echeveria-laui\/laui-4in-1pz\/\",\"url\":\"https:\/\/mundomagnoliophyta.com\/tienda\/echeveria-laui\/laui-4in-1pz\/\",\"name\":\"Echeveria Laui 4 Pulgadas - Venta de Echeveria Laui.\",\"isPartOf\":{\"@id\":\"https:\/\/mundomagnoliophyta.com\/tienda\/#website\"},\"primaryImageOfPage\":{\"@id\":\"https:\/\/mundomagnoliophyta.com\/tienda\/echeveria-laui\/laui-4in-1pz\/#primaryimage\"},\"image\":{\"@id\":\"https:\/\/mundomagnoliophyta.com\/tienda\/echeveria-laui\/laui-4in-1pz\/#primaryimage\"},\"thumbnailUrl\":\"https:\/\/mundomagnoliophyta.com\/tienda\/wp-content\/uploads\/2023\/07\/1-Echeveria-Laui-4in-Vivero-Magnoliophyta.jpg\",\"datePublished\":\"2023-07-28T06:36:52+00:00\",\"dateModified\":\"2023-07-29T00:47:11+00:00\",\"description\":\"Compra aqu\u00ed Echeveria Laui de 4 pulgadas. El tama\u00f1o ideal para verla crecer y enamorarte de ella. Revisa caracter\u00edsticas de esta suculenta.\",\"breadcrumb\":{\"@id\":\"https:\/\/mundomagnoliophyta.com\/tienda\/echeveria-laui\/laui-4in-1pz\/#breadcrumb\"},\"inLanguage\":\"es\",\"potentialAction\":[{\"@type\":\"ReadAction\",\"target\":[\"https:\/\/mundomagnoliophyta.com\/tienda\/echeveria-laui\/laui-4in-1pz\/\"]}]},{\"@type\":\"ImageObject\",\"inLanguage\":\"es\",\"@id\":\"https:\/\/mundomagnoliophyta.com\/tienda\/echeveria-laui\/laui-4in-1pz\/#primaryimage\",\"url\":\"https:\/\/mundomagnoliophyta.com\/tienda\/wp-content\/uploads\/2023\/07\/1-Echeveria-Laui-4in-Vivero-Magnoliophyta.jpg\",\"contentUrl\":\"https:\/\/mundomagnoliophyta.com\/tienda\/wp-content\/uploads\/2023\/07\/1-Echeveria-Laui-4in-Vivero-Magnoliophyta.jpg\",\"width\":2084,\"height\":1545},{\"@type\":\"BreadcrumbList\",\"@id\":\"https:\/\/mundomagnoliophyta.com\/tienda\/echeveria-laui\/laui-4in-1pz\/#breadcrumb\",\"itemListElement\":[{\"@type\":\"ListItem\",\"position\":1,\"name\":\"Portada\",\"item\":\"https:\/\/mundomagnoliophyta.com\/tienda\/\"},{\"@type\":\"ListItem\",\"position\":2,\"name\":\"Tienda\",\"item\":\"https:\/\/mundomagnoliophyta.com\/tienda\/tienda\/\"},{\"@type\":\"ListItem\",\"position\":3,\"name\":\"Echeveria Laui 4 Pulgadas\"}]},{\"@type\":\"WebSite\",\"@id\":\"https:\/\/mundomagnoliophyta.com\/tienda\/#website\",\"url\":\"https:\/\/mundomagnoliophyta.com\/tienda\/\",\"name\":\"Tienda Vivero Magnoliophyta\",\"description\":\"Tienda de Pachypodium, Echeveria Laui, Grusonii y Adenium\",\"publisher\":{\"@id\":\"https:\/\/mundomagnoliophyta.com\/tienda\/#organization\"},\"potentialAction\":[{\"@type\":\"SearchAction\",\"target\":{\"@type\":\"EntryPoint\",\"urlTemplate\":\"https:\/\/mundomagnoliophyta.com\/tienda\/?s={search_term_string}\"},\"query-input\":{\"@type\":\"PropertyValueSpecification\",\"valueRequired\":true,\"valueName\":\"search_term_string\"}}],\"inLanguage\":\"es\"},{\"@type\":\"Organization\",\"@id\":\"https:\/\/mundomagnoliophyta.com\/tienda\/#organization\",\"name\":\"Tienda Vivero Magnoliophyta\",\"url\":\"https:\/\/mundomagnoliophyta.com\/tienda\/\",\"logo\":{\"@type\":\"ImageObject\",\"inLanguage\":\"es\",\"@id\":\"https:\/\/mundomagnoliophyta.com\/tienda\/#\/schema\/logo\/image\/\",\"url\":\"https:\/\/mundomagnoliophyta.com\/tienda\/wp-content\/uploads\/2023\/07\/Logo-Magnoliophyta-web.png\",\"contentUrl\":\"https:\/\/mundomagnoliophyta.com\/tienda\/wp-content\/uploads\/2023\/07\/Logo-Magnoliophyta-web.png\",\"width\":331,\"height\":71,\"caption\":\"Tienda Vivero Magnoliophyta\"},\"image\":{\"@id\":\"https:\/\/mundomagnoliophyta.com\/tienda\/#\/schema\/logo\/image\/\"}}]}<\/script>\n<!-- \/ Yoast SEO plugin. -->","yoast_head_json":{"title":"Echeveria Laui 4 Pulgadas - Venta de Echeveria Laui.","description":"Compra aqu\u00ed Echeveria Laui de 4 pulgadas. El tama\u00f1o ideal para verla crecer y enamorarte de ella. Revisa caracter\u00edsticas de esta suculenta.","robots":{"index":"noindex","follow":"follow"},"og_locale":"es_ES","og_type":"article","og_title":"Echeveria Laui 4 Pulgadas - Venta de Echeveria Laui.","og_description":"Compra aqu\u00ed Echeveria Laui de 4 pulgadas. El tama\u00f1o ideal para verla crecer y enamorarte de ella. Revisa caracter\u00edsticas de esta suculenta.","og_url":"https:\/\/mundomagnoliophyta.com\/tienda\/echeveria-laui\/laui-4in-1pz\/","og_site_name":"Tienda Vivero Magnoliophyta","article_modified_time":"2023-07-29T00:47:11+00:00","og_image":[{"width":2084,"height":1545,"url":"https:\/\/mundomagnoliophyta.com\/tienda\/wp-content\/uploads\/2023\/07\/1-Echeveria-Laui-4in-Vivero-Magnoliophyta.jpg","type":"image\/jpeg"}],"twitter_card":"summary_large_image","twitter_misc":{"Tiempo de lectura":"6 minutos"},"schema":{"@context":"https:\/\/schema.org","@graph":[{"@type":"WebPage","@id":"https:\/\/mundomagnoliophyta.com\/tienda\/echeveria-laui\/laui-4in-1pz\/","url":"https:\/\/mundomagnoliophyta.com\/tienda\/echeveria-laui\/laui-4in-1pz\/","name":"Echeveria Laui 4 Pulgadas - Venta de Echeveria Laui.","isPartOf":{"@id":"https:\/\/mundomagnoliophyta.com\/tienda\/#website"},"primaryImageOfPage":{"@id":"https:\/\/mundomagnoliophyta.com\/tienda\/echeveria-laui\/laui-4in-1pz\/#primaryimage"},"image":{"@id":"https:\/\/mundomagnoliophyta.com\/tienda\/echeveria-laui\/laui-4in-1pz\/#primaryimage"},"thumbnailUrl":"https:\/\/mundomagnoliophyta.com\/tienda\/wp-content\/uploads\/2023\/07\/1-Echeveria-Laui-4in-Vivero-Magnoliophyta.jpg","datePublished":"2023-07-28T06:36:52+00:00","dateModified":"2023-07-29T00:47:11+00:00","description":"Compra aqu\u00ed Echeveria Laui de 4 pulgadas. El tama\u00f1o ideal para verla crecer y enamorarte de ella. Revisa caracter\u00edsticas de esta suculenta.","breadcrumb":{"@id":"https:\/\/mundomagnoliophyta.com\/tienda\/echeveria-laui\/laui-4in-1pz\/#breadcrumb"},"inLanguage":"es","potentialAction":[{"@type":"ReadAction","target":["https:\/\/mundomagnoliophyta.com\/tienda\/echeveria-laui\/laui-4in-1pz\/"]}]},{"@type":"ImageObject","inLanguage":"es","@id":"https:\/\/mundomagnoliophyta.com\/tienda\/echeveria-laui\/laui-4in-1pz\/#primaryimage","url":"https:\/\/mundomagnoliophyta.com\/tienda\/wp-content\/uploads\/2023\/07\/1-Echeveria-Laui-4in-Vivero-Magnoliophyta.jpg","contentUrl":"https:\/\/mundomagnoliophyta.com\/tienda\/wp-content\/uploads\/2023\/07\/1-Echeveria-Laui-4in-Vivero-Magnoliophyta.jpg","width":2084,"height":1545},{"@type":"BreadcrumbList","@id":"https:\/\/mundomagnoliophyta.com\/tienda\/echeveria-laui\/laui-4in-1pz\/#breadcrumb","itemListElement":[{"@type":"ListItem","position":1,"name":"Portada","item":"https:\/\/mundomagnoliophyta.com\/tienda\/"},{"@type":"ListItem","position":2,"name":"Tienda","item":"https:\/\/mundomagnoliophyta.com\/tienda\/tienda\/"},{"@type":"ListItem","position":3,"name":"Echeveria Laui 4 Pulgadas"}]},{"@type":"WebSite","@id":"https:\/\/mundomagnoliophyta.com\/tienda\/#website","url":"https:\/\/mundomagnoliophyta.com\/tienda\/","name":"Tienda Vivero Magnoliophyta","description":"Tienda de Pachypodium, Echeveria Laui, Grusonii y Adenium","publisher":{"@id":"https:\/\/mundomagnoliophyta.com\/tienda\/#organization"},"potentialAction":[{"@type":"SearchAction","target":{"@type":"EntryPoint","urlTemplate":"https:\/\/mundomagnoliophyta.com\/tienda\/?s={search_term_string}"},"query-input":{"@type":"PropertyValueSpecification","valueRequired":true,"valueName":"search_term_string"}}],"inLanguage":"es"},{"@type":"Organization","@id":"https:\/\/mundomagnoliophyta.com\/tienda\/#organization","name":"Tienda Vivero Magnoliophyta","url":"https:\/\/mundomagnoliophyta.com\/tienda\/","logo":{"@type":"ImageObject","inLanguage":"es","@id":"https:\/\/mundomagnoliophyta.com\/tienda\/#\/schema\/logo\/image\/","url":"https:\/\/mundomagnoliophyta.com\/tienda\/wp-content\/uploads\/2023\/07\/Logo-Magnoliophyta-web.png","contentUrl":"https:\/\/mundomagnoliophyta.com\/tienda\/wp-content\/uploads\/2023\/07\/Logo-Magnoliophyta-web.png","width":331,"height":71,"caption":"Tienda Vivero Magnoliophyta"},"image":{"@id":"https:\/\/mundomagnoliophyta.com\/tienda\/#\/schema\/logo\/image\/"}}]}},"_links":{"self":[{"href":"https:\/\/mundomagnoliophyta.com\/tienda\/wp-json\/wp\/v2\/product\/230","targetHints":{"allow":["GET"]}}],"collection":[{"href":"https:\/\/mundomagnoliophyta.com\/tienda\/wp-json\/wp\/v2\/product"}],"about":[{"href":"https:\/\/mundomagnoliophyta.com\/tienda\/wp-json\/wp\/v2\/types\/product"}],"wp:featuredmedia":[{"embeddable":true,"href":"https:\/\/mundomagnoliophyta.com\/tienda\/wp-json\/wp\/v2\/media\/265"}],"wp:attachment":[{"href":"https:\/\/mundomagnoliophyta.com\/tienda\/wp-json\/wp\/v2\/media?parent=230"}],"wp:term":[{"taxonomy":"product_brand","embeddable":true,"href":"https:\/\/mundomagnoliophyta.com\/tienda\/wp-json\/wp\/v2\/product_brand?post=230"},{"taxonomy":"product_cat","embeddable":true,"href":"https:\/\/mundomagnoliophyta.com\/tienda\/wp-json\/wp\/v2\/product_cat?post=230"},{"taxonomy":"product_tag","embeddable":true,"href":"https:\/\/mundomagnoliophyta.com\/tienda\/wp-json\/wp\/v2\/product_tag?post=230"}],"curies":[{"name":"wp","href":"https:\/\/api.w.org\/{rel}","templated":true}]}}