{"id":229,"date":"2023-07-28T06:36:52","date_gmt":"2023-07-28T06:36:52","guid":{"rendered":"https:\/\/mundomagnoliophyta.com\/tienda\/?post_type=product&#038;p=229"},"modified":"2023-07-28T19:11:46","modified_gmt":"2023-07-29T01:11:46","slug":"fungicida-sistemico-para-pachypodium-y-suculentas-benzimidazol-50gr","status":"publish","type":"product","link":"https:\/\/mundomagnoliophyta.com\/tienda\/agroquimicos\/benzimidazol-50gr\/","title":{"rendered":"Fungicida sist\u00e9mico para Pachypodium y Suculentas (Benzimidazol) &#8211; 50gr"},"content":{"rendered":"<p><span class=\"st2\">Benzimidazol sist\u00e9mico de acci\u00f3n r\u00e1pida, con actividad fungicida preventiva y curativa sobre enfermedades producidas por hongos endopar\u00e1sitos y ectopar\u00e1sitos. <\/span><\/p>\n<p><span class=\"st2\">Es absorbido por las ra\u00edces y por los tejidos verdes y traslocado en sentido acr\u00f3peto. <\/span><\/p>\n<p><span class=\"st2\">Act\u00faa interfiriendo la bios\u00edntesis del DNA durante la mitosis y el mecanismo de transmisi\u00f3n del mensaje gen\u00e9tico del DNA al RNA. <\/span><\/p>\n<p><span class=\"st2\">Impide el desarrollo de las hifas, la formaci\u00f3n de apresorios y el crecimiento del micelio. Permite la germinaci\u00f3n de las esporas pero detiene el desarrollo del tubo germinativo induciendo irregularidades en la divisi\u00f3n celular y dando lugar a c\u00e9lulas anormales que provocan la<strong> muerte del hongo.<\/strong><\/span><\/p>\n<p><span class=\"st2\">Se descompone en el suelo por acci\u00f3n microbiana. <\/span><\/p>\n<p><span class=\"st2\">Su vida media en el c\u00e9sped es de 3-6 meses y en suelo desnudo de 6 a 12 meses. Se ha observado que en el suelo los residuos permanecen fijos durante los primeros 28 d\u00edas y despu\u00e9s van decreciendo. <\/span><\/p>\n<p><span class=\"st2\">Nombre qu\u00edmico: Metilbenzimidazol-2-il carbamato.<\/span><\/p>\n<h2>\u00bfQu\u00e9 incluye tu compra?<\/h2>\n<p>50 gramos de fungicida en polvo.<\/p>\n<p>La presentaci\u00f3n de este producto es en polvo.<\/p>\n<h2>\u00bfC\u00f3mo aplicarlo en mis plantas de Pachypodium o Suculentas?<\/h2>\n<p>Vas a diluir 1 gramo de este fungicida en 1 litro de agua.<\/p>\n<p>Una vez que has diluido el fungicida vas a aplicar la soluci\u00f3n como riego normal a tu planta de <strong>Pachypodium y Suculenta.<\/strong><\/p>\n<h2>\u00bfCada cu\u00e1ndo se recomienda aplicar este fungicida a mis planas de Pachypodium y Suculentas?<\/h2>\n<p>Nosotros recomendamos aplicar este producto 1 vez al mes durante Primavera, Verano y Oto\u00f1o.<\/p>\n<h2>IMPORTANTE.<\/h2>\n<p>Recuerda que un fungicida ayuda a disminuir las probabilidades de pudrici\u00f3n en tus plantas de Pachypodium o Suculentas, no erradica por completo las probabilidades de aparici\u00f3n de hongos.<\/p>\n<p>Este producto se debe considerar como ayuda para tener plantas de<strong> Pachypodium y Suculentas sanas.<\/strong><\/p>\n<p>Tambi\u00e9n este fungicida se debe utilizar como un producto de prevenci\u00f3n de enfermedades.<\/p>\n","protected":false},"excerpt":{"rendered":"<p>Benzimidazol sist\u00e9mico de acci\u00f3n r\u00e1pida, con actividad fungicida preventiva y curativa sobre enfermedades producidas por hongos endopar\u00e1sitos y ectopar\u00e1sitos. Es absorbido por las ra\u00edces y por los tejidos verdes y traslocado en sentido acr\u00f3peto. Act\u00faa interfiriendo la bios\u00edntesis del DNA durante la mitosis y el mecanismo de transmisi\u00f3n del mensaje gen\u00e9tico del DNA al RNA. [&hellip;]<\/p>\n","protected":false},"featured_media":264,"template":"","meta":[],"product_brand":[],"product_cat":[44],"product_tag":[],"class_list":{"0":"post-229","1":"product","2":"type-product","3":"status-publish","4":"has-post-thumbnail","6":"product_cat-agroquimicos","8":"first","9":"outofstock","10":"shipping-taxable","11":"purchasable","12":"product-type-simple"},"yoast_head":"<!-- This site is optimized with the Yoast SEO plugin v25.4 - https:\/\/yoast.com\/wordpress\/plugins\/seo\/ -->\n<title>Fungicida sist\u00e9mico para Pachypodium y Suculentas (Benzimidazol) - 50gr - Tienda Vivero Magnoliophyta<\/title>\n<meta name=\"description\" content=\"Aplica este fungicida sist\u00e9mico en tus plantas de Pachypodium y Suculentas. Ayuda a prevenir enfermedades en tus plantas. \u00a1Compra ahora!\" \/>\n<meta name=\"robots\" content=\"noindex, follow\" \/>\n<meta property=\"og:locale\" content=\"es_ES\" \/>\n<meta property=\"og:type\" content=\"article\" \/>\n<meta property=\"og:title\" content=\"Fungicida sist\u00e9mico para Pachypodium y Suculentas (Benzimidazol) - 50gr - Tienda Vivero Magnoliophyta\" \/>\n<meta property=\"og:description\" content=\"Aplica este fungicida sist\u00e9mico en tus plantas de Pachypodium y Suculentas. Ayuda a prevenir enfermedades en tus plantas. \u00a1Compra ahora!\" \/>\n<meta property=\"og:url\" content=\"https:\/\/mundomagnoliophyta.com\/tienda\/agroquimicos\/benzimidazol-50gr\/\" \/>\n<meta property=\"og:site_name\" content=\"Tienda Vivero Magnoliophyta\" \/>\n<meta property=\"article:modified_time\" content=\"2023-07-29T01:11:46+00:00\" \/>\n<meta property=\"og:image\" content=\"https:\/\/mundomagnoliophyta.com\/tienda\/wp-content\/uploads\/2023\/07\/fungicida-Benzimidazol.png\" \/>\n\t<meta property=\"og:image:width\" content=\"920\" \/>\n\t<meta property=\"og:image:height\" content=\"800\" \/>\n\t<meta property=\"og:image:type\" content=\"image\/png\" \/>\n<meta name=\"twitter:card\" content=\"summary_large_image\" \/>\n<meta name=\"twitter:label1\" content=\"Tiempo de lectura\" \/>\n\t<meta name=\"twitter:data1\" content=\"2 minutos\" \/>\n<script type=\"application\/ld+json\" class=\"yoast-schema-graph\">{\"@context\":\"https:\/\/schema.org\",\"@graph\":[{\"@type\":\"WebPage\",\"@id\":\"https:\/\/mundomagnoliophyta.com\/tienda\/agroquimicos\/benzimidazol-50gr\/\",\"url\":\"https:\/\/mundomagnoliophyta.com\/tienda\/agroquimicos\/benzimidazol-50gr\/\",\"name\":\"Fungicida sist\u00e9mico para Pachypodium y Suculentas (Benzimidazol) - 50gr - Tienda Vivero Magnoliophyta\",\"isPartOf\":{\"@id\":\"https:\/\/mundomagnoliophyta.com\/tienda\/#website\"},\"primaryImageOfPage\":{\"@id\":\"https:\/\/mundomagnoliophyta.com\/tienda\/agroquimicos\/benzimidazol-50gr\/#primaryimage\"},\"image\":{\"@id\":\"https:\/\/mundomagnoliophyta.com\/tienda\/agroquimicos\/benzimidazol-50gr\/#primaryimage\"},\"thumbnailUrl\":\"https:\/\/mundomagnoliophyta.com\/tienda\/wp-content\/uploads\/2023\/07\/fungicida-Benzimidazol.png\",\"datePublished\":\"2023-07-28T06:36:52+00:00\",\"dateModified\":\"2023-07-29T01:11:46+00:00\",\"description\":\"Aplica este fungicida sist\u00e9mico en tus plantas de Pachypodium y Suculentas. Ayuda a prevenir enfermedades en tus plantas. \u00a1Compra ahora!\",\"breadcrumb\":{\"@id\":\"https:\/\/mundomagnoliophyta.com\/tienda\/agroquimicos\/benzimidazol-50gr\/#breadcrumb\"},\"inLanguage\":\"es\",\"potentialAction\":[{\"@type\":\"ReadAction\",\"target\":[\"https:\/\/mundomagnoliophyta.com\/tienda\/agroquimicos\/benzimidazol-50gr\/\"]}]},{\"@type\":\"ImageObject\",\"inLanguage\":\"es\",\"@id\":\"https:\/\/mundomagnoliophyta.com\/tienda\/agroquimicos\/benzimidazol-50gr\/#primaryimage\",\"url\":\"https:\/\/mundomagnoliophyta.com\/tienda\/wp-content\/uploads\/2023\/07\/fungicida-Benzimidazol.png\",\"contentUrl\":\"https:\/\/mundomagnoliophyta.com\/tienda\/wp-content\/uploads\/2023\/07\/fungicida-Benzimidazol.png\",\"width\":920,\"height\":800},{\"@type\":\"BreadcrumbList\",\"@id\":\"https:\/\/mundomagnoliophyta.com\/tienda\/agroquimicos\/benzimidazol-50gr\/#breadcrumb\",\"itemListElement\":[{\"@type\":\"ListItem\",\"position\":1,\"name\":\"Portada\",\"item\":\"https:\/\/mundomagnoliophyta.com\/tienda\/\"},{\"@type\":\"ListItem\",\"position\":2,\"name\":\"Tienda\",\"item\":\"https:\/\/mundomagnoliophyta.com\/tienda\/tienda\/\"},{\"@type\":\"ListItem\",\"position\":3,\"name\":\"Fungicida sist\u00e9mico para Pachypodium y Suculentas (Benzimidazol) &#8211; 50gr\"}]},{\"@type\":\"WebSite\",\"@id\":\"https:\/\/mundomagnoliophyta.com\/tienda\/#website\",\"url\":\"https:\/\/mundomagnoliophyta.com\/tienda\/\",\"name\":\"Tienda Vivero Magnoliophyta\",\"description\":\"Tienda de Pachypodium, Echeveria Laui, Grusonii y Adenium\",\"publisher\":{\"@id\":\"https:\/\/mundomagnoliophyta.com\/tienda\/#organization\"},\"potentialAction\":[{\"@type\":\"SearchAction\",\"target\":{\"@type\":\"EntryPoint\",\"urlTemplate\":\"https:\/\/mundomagnoliophyta.com\/tienda\/?s={search_term_string}\"},\"query-input\":{\"@type\":\"PropertyValueSpecification\",\"valueRequired\":true,\"valueName\":\"search_term_string\"}}],\"inLanguage\":\"es\"},{\"@type\":\"Organization\",\"@id\":\"https:\/\/mundomagnoliophyta.com\/tienda\/#organization\",\"name\":\"Tienda Vivero Magnoliophyta\",\"url\":\"https:\/\/mundomagnoliophyta.com\/tienda\/\",\"logo\":{\"@type\":\"ImageObject\",\"inLanguage\":\"es\",\"@id\":\"https:\/\/mundomagnoliophyta.com\/tienda\/#\/schema\/logo\/image\/\",\"url\":\"https:\/\/mundomagnoliophyta.com\/tienda\/wp-content\/uploads\/2023\/07\/Logo-Magnoliophyta-web.png\",\"contentUrl\":\"https:\/\/mundomagnoliophyta.com\/tienda\/wp-content\/uploads\/2023\/07\/Logo-Magnoliophyta-web.png\",\"width\":331,\"height\":71,\"caption\":\"Tienda Vivero Magnoliophyta\"},\"image\":{\"@id\":\"https:\/\/mundomagnoliophyta.com\/tienda\/#\/schema\/logo\/image\/\"}}]}<\/script>\n<!-- \/ Yoast SEO plugin. -->","yoast_head_json":{"title":"Fungicida sist\u00e9mico para Pachypodium y Suculentas (Benzimidazol) - 50gr - Tienda Vivero Magnoliophyta","description":"Aplica este fungicida sist\u00e9mico en tus plantas de Pachypodium y Suculentas. Ayuda a prevenir enfermedades en tus plantas. \u00a1Compra ahora!","robots":{"index":"noindex","follow":"follow"},"og_locale":"es_ES","og_type":"article","og_title":"Fungicida sist\u00e9mico para Pachypodium y Suculentas (Benzimidazol) - 50gr - Tienda Vivero Magnoliophyta","og_description":"Aplica este fungicida sist\u00e9mico en tus plantas de Pachypodium y Suculentas. Ayuda a prevenir enfermedades en tus plantas. \u00a1Compra ahora!","og_url":"https:\/\/mundomagnoliophyta.com\/tienda\/agroquimicos\/benzimidazol-50gr\/","og_site_name":"Tienda Vivero Magnoliophyta","article_modified_time":"2023-07-29T01:11:46+00:00","og_image":[{"width":920,"height":800,"url":"https:\/\/mundomagnoliophyta.com\/tienda\/wp-content\/uploads\/2023\/07\/fungicida-Benzimidazol.png","type":"image\/png"}],"twitter_card":"summary_large_image","twitter_misc":{"Tiempo de lectura":"2 minutos"},"schema":{"@context":"https:\/\/schema.org","@graph":[{"@type":"WebPage","@id":"https:\/\/mundomagnoliophyta.com\/tienda\/agroquimicos\/benzimidazol-50gr\/","url":"https:\/\/mundomagnoliophyta.com\/tienda\/agroquimicos\/benzimidazol-50gr\/","name":"Fungicida sist\u00e9mico para Pachypodium y Suculentas (Benzimidazol) - 50gr - Tienda Vivero Magnoliophyta","isPartOf":{"@id":"https:\/\/mundomagnoliophyta.com\/tienda\/#website"},"primaryImageOfPage":{"@id":"https:\/\/mundomagnoliophyta.com\/tienda\/agroquimicos\/benzimidazol-50gr\/#primaryimage"},"image":{"@id":"https:\/\/mundomagnoliophyta.com\/tienda\/agroquimicos\/benzimidazol-50gr\/#primaryimage"},"thumbnailUrl":"https:\/\/mundomagnoliophyta.com\/tienda\/wp-content\/uploads\/2023\/07\/fungicida-Benzimidazol.png","datePublished":"2023-07-28T06:36:52+00:00","dateModified":"2023-07-29T01:11:46+00:00","description":"Aplica este fungicida sist\u00e9mico en tus plantas de Pachypodium y Suculentas. Ayuda a prevenir enfermedades en tus plantas. \u00a1Compra ahora!","breadcrumb":{"@id":"https:\/\/mundomagnoliophyta.com\/tienda\/agroquimicos\/benzimidazol-50gr\/#breadcrumb"},"inLanguage":"es","potentialAction":[{"@type":"ReadAction","target":["https:\/\/mundomagnoliophyta.com\/tienda\/agroquimicos\/benzimidazol-50gr\/"]}]},{"@type":"ImageObject","inLanguage":"es","@id":"https:\/\/mundomagnoliophyta.com\/tienda\/agroquimicos\/benzimidazol-50gr\/#primaryimage","url":"https:\/\/mundomagnoliophyta.com\/tienda\/wp-content\/uploads\/2023\/07\/fungicida-Benzimidazol.png","contentUrl":"https:\/\/mundomagnoliophyta.com\/tienda\/wp-content\/uploads\/2023\/07\/fungicida-Benzimidazol.png","width":920,"height":800},{"@type":"BreadcrumbList","@id":"https:\/\/mundomagnoliophyta.com\/tienda\/agroquimicos\/benzimidazol-50gr\/#breadcrumb","itemListElement":[{"@type":"ListItem","position":1,"name":"Portada","item":"https:\/\/mundomagnoliophyta.com\/tienda\/"},{"@type":"ListItem","position":2,"name":"Tienda","item":"https:\/\/mundomagnoliophyta.com\/tienda\/tienda\/"},{"@type":"ListItem","position":3,"name":"Fungicida sist\u00e9mico para Pachypodium y Suculentas (Benzimidazol) &#8211; 50gr"}]},{"@type":"WebSite","@id":"https:\/\/mundomagnoliophyta.com\/tienda\/#website","url":"https:\/\/mundomagnoliophyta.com\/tienda\/","name":"Tienda Vivero Magnoliophyta","description":"Tienda de Pachypodium, Echeveria Laui, Grusonii y Adenium","publisher":{"@id":"https:\/\/mundomagnoliophyta.com\/tienda\/#organization"},"potentialAction":[{"@type":"SearchAction","target":{"@type":"EntryPoint","urlTemplate":"https:\/\/mundomagnoliophyta.com\/tienda\/?s={search_term_string}"},"query-input":{"@type":"PropertyValueSpecification","valueRequired":true,"valueName":"search_term_string"}}],"inLanguage":"es"},{"@type":"Organization","@id":"https:\/\/mundomagnoliophyta.com\/tienda\/#organization","name":"Tienda Vivero Magnoliophyta","url":"https:\/\/mundomagnoliophyta.com\/tienda\/","logo":{"@type":"ImageObject","inLanguage":"es","@id":"https:\/\/mundomagnoliophyta.com\/tienda\/#\/schema\/logo\/image\/","url":"https:\/\/mundomagnoliophyta.com\/tienda\/wp-content\/uploads\/2023\/07\/Logo-Magnoliophyta-web.png","contentUrl":"https:\/\/mundomagnoliophyta.com\/tienda\/wp-content\/uploads\/2023\/07\/Logo-Magnoliophyta-web.png","width":331,"height":71,"caption":"Tienda Vivero Magnoliophyta"},"image":{"@id":"https:\/\/mundomagnoliophyta.com\/tienda\/#\/schema\/logo\/image\/"}}]}},"_links":{"self":[{"href":"https:\/\/mundomagnoliophyta.com\/tienda\/wp-json\/wp\/v2\/product\/229","targetHints":{"allow":["GET"]}}],"collection":[{"href":"https:\/\/mundomagnoliophyta.com\/tienda\/wp-json\/wp\/v2\/product"}],"about":[{"href":"https:\/\/mundomagnoliophyta.com\/tienda\/wp-json\/wp\/v2\/types\/product"}],"wp:featuredmedia":[{"embeddable":true,"href":"https:\/\/mundomagnoliophyta.com\/tienda\/wp-json\/wp\/v2\/media\/264"}],"wp:attachment":[{"href":"https:\/\/mundomagnoliophyta.com\/tienda\/wp-json\/wp\/v2\/media?parent=229"}],"wp:term":[{"taxonomy":"product_brand","embeddable":true,"href":"https:\/\/mundomagnoliophyta.com\/tienda\/wp-json\/wp\/v2\/product_brand?post=229"},{"taxonomy":"product_cat","embeddable":true,"href":"https:\/\/mundomagnoliophyta.com\/tienda\/wp-json\/wp\/v2\/product_cat?post=229"},{"taxonomy":"product_tag","embeddable":true,"href":"https:\/\/mundomagnoliophyta.com\/tienda\/wp-json\/wp\/v2\/product_tag?post=229"}],"curies":[{"name":"wp","href":"https:\/\/api.w.org\/{rel}","templated":true}]}}