{"id":222,"date":"2023-07-28T06:36:51","date_gmt":"2023-07-28T06:36:51","guid":{"rendered":"https:\/\/mundomagnoliophyta.com\/tienda\/?post_type=product&#038;p=222"},"modified":"2023-07-29T05:58:15","modified_gmt":"2023-07-29T11:58:15","slug":"pachypodium-rosulatum-3-pulgadas-1-pieza","status":"publish","type":"product","link":"https:\/\/mundomagnoliophyta.com\/tienda\/pachypodium\/rosulatum\/rosulatum-3in-1pz\/","title":{"rendered":"Pachypodium Rosulatum 3 Pulgadas &#8211; 1 Pieza"},"content":{"rendered":"<p>El Pachypodium Rosulatum 3 Pulgadas (Cactus Africano, Cactus de Madagascar o Pachypodium de Flor Amarilla) es un g\u00e9nero de plantas que pertenece a la familia Apocynaceae.<\/p>\n<p><strong>IMPORTANTE:<\/strong><\/p>\n<p><strong>\u00bfQu\u00e9 incluye?<\/strong> 1 Pieza de Pachypodium en presentaci\u00f3n de maceta de 3 Pulgadas.<\/p>\n<p><strong>\u00bfC\u00f3mo se env\u00eda?<\/strong> Este Pachypodium se env\u00eda en maceta.<\/p>\n<p>La planta se env\u00eda ya tratada, es decir, aplicamos fungicidas para proteger la ra\u00edz de la planta y que te llegue en \u00f3ptimas condiciones.<\/p>\n<p>Esta planta es caducifolia, quiere decir que de forma natural pierde su follaje en oto\u00f1o\/invierno. En primavera\/verano tiene follaje. Como cualquier otra planta, al momento de empacarla y enviarla, puede perder follaje, esto es normal cuando se env\u00edan por paqueter\u00eda. Eso no afecta a la planta en lo m\u00e1s m\u00ednimo. Tu planta no va a morir durante el tiempo de traslado. Hemos mantenido en tr\u00e1nsito a estas plantas hasta por 20 d\u00edas y no mueren. Son muy resistentes.<\/p>\n<h2>\u00bfQu\u00e9 hacer cuando recibo mi planta?<\/h2>\n<p>Si recibes tu planta a ra\u00edz desnuda, lo que vas a hacer una vez que recibes el paquete es lo siguiente:<br \/>\n1.- Abrir el paquete y sacar las plantas.<br \/>\n2.- Si recibes tus plantas a ra\u00edz desnuda entonces las vas a rociar con abundante agua hasta empaparlas. Si recibes tus plantas con maceta las vas a regar con abundante agua. Dejarlas reposar un par de horas bajo la sombra. Esto les ayuda a aclimatarse al nuevo ambiente del lugar donde te encuentras.<br \/>\n3.- Envasar tu planta. Nosotros utilizamos un sustrato preparado con las siguientes porciones de materiales: 50% Tierra negra, 25% Tepojal y 25% Tierra de hoja. Procura envasarla en una maceta proporcional a su tama\u00f1o. Puedes usar maceta de pl\u00e1stico o del material de tu preferencia.<br \/>\n4.- Regarla con abundante agua a diario para que se vaya rehidratando.<\/p>\n<p><strong>Sugerencias extras (independientemente si la recibes en maceta o a ra\u00edz desnuda):<\/strong><br \/>\nEn la primer semana en que hayas recibido tu planta sugerimos lo siguiente.<br \/>\n1.- Aplicar fungicida. Este es un preventivo. Lo vas a aplicar 1 vez por semana. Durante un periodo de 1 mes. Por lo tanto vas a aplicarlo 4 veces en todo el mes. Elige el fungicida de tu preferencia. Esto es simplemente por prevenci\u00f3n. No importa si no lo aplicas.<\/p>\n<p>2.- Aplicar enraizador. Este es para darle un impulso a tu planta. Lo vas a aplicar 1 vez cada 2 semanas. Durante un periodo de 1 mes. Por lo tanto vas a aplicarlo 2 veces en todo el mes. Elige el fungicida de tu preferencia. Esto es simplemente para impulsar a la planta. No importa si no lo aplicas.<\/p>\n<p>&nbsp;<\/p>\n<h2>Descripci\u00f3n del Producto.<\/h2>\n<p>El Pachypodium (Palma Africana o Palma de Madagascar) es un g\u00e9nero de plantas que pertenece a la familia Apocynaceae.<\/p>\n<p>Esta planta es originaria del continente<strong> Africano<\/strong>. Un lugar des\u00e9rtico en la gran mayor\u00eda de su extensi\u00f3n territorial. Donde la planta crece y\u00a0<strong>se adapta a los climas extremos<\/strong>\u00a0que el desierto propicia en sus diferentes \u00e9pocas del a\u00f1o.<\/p>\n<p>Somos productores, nos encontramos en el estado de Morelos, M\u00e9xico.<\/p>\n<p><strong>Nombre com\u00fan de esta planta:<\/strong><br \/>\nCactus de Madagascar.<br \/>\nCactus Africano.<br \/>\nPlanta de Madagascar.<br \/>\n\u00c1rbol de Madagascar.<br \/>\nPachy.<br \/>\nPachypodium de flor amarilla.<\/p>\n<p>&nbsp;<\/p>\n<h2>Caracter\u00edsticas Pachypodium Rosulatum 3&#8243;.<\/h2>\n<p>Altura total (promedio): 9cm.<\/p>\n<p>Altura solo del tallo y el follaje (promedio): 3.5cm.<\/p>\n<p>Tama\u00f1o de la Maceta: 3 Pulgadas.<\/p>\n<p>Edad aproximada de la planta: 1 a\u00f1o.<\/p>\n<p>*La altura de la planta es promedio, ya que cada planta es \u00fanica y puede haber variaciones en tama\u00f1o y presentaci\u00f3n visual.<\/p>\n<h2>\u00bfC\u00f3mo es la flor del Pachypodium Rosulatum?<\/h2>\n<p>La flor del Pachypodium Rosulatum es una flor hermosa de color amarillo, se da en ramilletes de flores. En las im\u00e1genes abajo puedes apreciar la hermosa flor de esta variedad de Pachypodium.<\/p>\n<h2>Lugar ideal.<\/h2>\n<p>Para esta planta se recomiendan colocarla en un lugar donde reciba el sol ya sea de la ma\u00f1ana o de la tarde. Tambi\u00e9n es ideal colocarla en un domo. El calor y el sol son elemento s\u00faper importantes para un buen desarrollo y crecimiento de la planta.<\/p>\n<h2>Riego.<\/h2>\n<p>Al colocar la planta en estas condiciones de calor y sol la recomendaci\u00f3n para el riego es la siguiente.<\/p>\n<p>En Primavera\/Verano, hacer lo posible por regarla a diario, o en su caso un d\u00eda s\u00ed, un d\u00eda no. Dependiendo de c\u00f3mo se note la humedad en el sustrato. Si se nota muy h\u00famedo, disminuir el riego, si se nota muy seco entonces incrementar el riego.<\/p>\n<p>En Oto\u00f1o\/Invierno, disminuir el riego. Regar la planta 2 veces por semana. Dependiendo de c\u00f3mo se note la humedad en el sustrato. Si se nota muy h\u00famedo, disminuir el riego, si se nota muy seco entonces incrementar el riego.<\/p>\n<h2>Vida Adulta.<\/h2>\n<p>En su vida adulta, el Pachypodium Rosulatum florece. Su flor se da en un racimo de flores amarillas. Con el paso de los a\u00f1os el pachypodium comienza con su floraci\u00f3n natural. En la punta de la planta surge la flor.<\/p>\n<p>El ramillete de flores puede durar de 2 meses aproximadamente, dependiendo de las condiciones de la planta. Una vez que comienza su etapa de floraci\u00f3n, el Pachypodium va a florecer constantemente.<\/p>\n<h2>Crecimiento.<\/h2>\n<p>El Pachypodium Rosulatum no crece muy alto, es un ejemplar con una altura media. Con un tronco ancho, el cu\u00e1l se ramifica con el paso de los a\u00f1os, lleno de espinas. Luciendo imponente y espectacular en cualquier jard\u00edn o dentro de cualquier colecci\u00f3n de plantas ex\u00f3ticas.<\/p>\n<h2>Flor del Pachypodium Rosulatum.<\/h2>\n<p>En las siguientes im\u00e1genes puedes observar las hermosas flores de esta variedad de Pachypodium Rosulatum.<\/p>\n<figure id=\"attachment_3406\" aria-describedby=\"caption-attachment-3406\" style=\"width: 1024px\" class=\"wp-caption alignnone\"><a href=\"https:\/\/mundomagnoliophyta.com\/wp-content\/uploads\/2020\/10\/Flor-de-Pachypodium-Rosulatum-Vivero-Magnoliophyta-05.jpg\"><img loading=\"lazy\" decoding=\"async\" class=\"wp-image-3406 size-large\" src=\"https:\/\/mundomagnoliophyta.com\/wp-content\/uploads\/2020\/10\/Flor-de-Pachypodium-Rosulatum-Vivero-Magnoliophyta-05-1024x759.jpg\" alt=\"Flor amarilla de Pachypodium Rosulatum - Vivero Magnoliophyta\" width=\"1024\" height=\"759\" \/><\/a><figcaption id=\"caption-attachment-3406\" class=\"wp-caption-text\">Hermosa flor amarilla de Pachypodium Rosulatum. Imagen: Vivero Magnoliophyta.<\/figcaption><\/figure>\n<figure id=\"attachment_3407\" aria-describedby=\"caption-attachment-3407\" style=\"width: 1024px\" class=\"wp-caption alignnone\"><a href=\"https:\/\/mundomagnoliophyta.com\/wp-content\/uploads\/2020\/10\/Flores-amarillas-de-Pachypodium-Rosulatum-Vivero-Magnoliophyta.jpg\"><img loading=\"lazy\" decoding=\"async\" class=\"wp-image-3407 size-large\" src=\"https:\/\/mundomagnoliophyta.com\/wp-content\/uploads\/2020\/10\/Flores-amarillas-de-Pachypodium-Rosulatum-Vivero-Magnoliophyta-1024x759.jpg\" alt=\"Flores amarillas de Pachypodium Rosulatum - Vivero Magnoliophyta.\" width=\"1024\" height=\"759\" \/><\/a><figcaption id=\"caption-attachment-3407\" class=\"wp-caption-text\">Forma de la flor de Pachypodium Rosulatum. Imagen: Vivero Magnoliophyta.<\/figcaption><\/figure>\n<figure id=\"attachment_3408\" aria-describedby=\"caption-attachment-3408\" style=\"width: 1006px\" class=\"wp-caption alignnone\"><a href=\"https:\/\/mundomagnoliophyta.com\/wp-content\/uploads\/2020\/10\/Pachypodium-Rosulatum-adulto-Vivero-Magnoliophyta-06.jpg\"><img loading=\"lazy\" decoding=\"async\" class=\"size-full wp-image-3408\" src=\"https:\/\/mundomagnoliophyta.com\/wp-content\/uploads\/2020\/10\/Pachypodium-Rosulatum-adulto-Vivero-Magnoliophyta-06.jpg\" alt=\"Pachypodium Rosulatum adulto y grande - Vivero Magnoliophyta.\" width=\"1006\" height=\"746\" \/><\/a><figcaption id=\"caption-attachment-3408\" class=\"wp-caption-text\">Este es un Pachypodium Rosulatum adulto. Aproximadamente 15 a\u00f1os de edad. Imagen: Vivero Magnoliophyta.<\/figcaption><\/figure>\n<p>&nbsp;<\/p>\n<p>&nbsp;<\/p>\n<h2>IMPORTANTE.<\/h2>\n<p>El Pachypodium Rosulatum es una planta caducifolia, quiere decir que esta planta pierde su follaje en ciertas temporadas del a\u00f1o. Normalmente en oto\u00f1o e invierno. Si es temporada en la que el Pachypodium no tiene follaje, entonces la planta se enviar\u00e1 sin follaje.<\/p>\n<p>En caso de que al momento del env\u00edo el Pachypodium tenga follaje que impida su adecuado empaque, nosotros vamos a retirar parte del follaje. Esto no le afecta en lo m\u00e1s m\u00ednimo. S\u00f3lo que tu planta no se va a ver como en las im\u00e1genes ilustrativas de esta planta.<\/p>\n<p>Durante el tr\u00e1nsito del env\u00edo por paqueter\u00eda es probable que el Pachypodium pierda follaje.<\/p>\n<p>Recuerda que las im\u00e1genes aqu\u00ed mostradas representan a la planta en cierta temporada del a\u00f1o. Las plantas crecen y cambian, como cualquier otro ser vivo. Por lo tanto estas im\u00e1genes se deben tomar como mera ilustraci\u00f3n, y no como una fotograf\u00eda exacta de la (s) planta (s) que vas a recibir al hacer tu compra.<\/p>\n<h2>\u00bfTienes dudas?<\/h2>\n<p>[wpforms id=\u00bb3788&#8243; title=\u00bbfalse\u00bb description=\u00bbtrue\u00bb]<\/p>\n","protected":false},"excerpt":{"rendered":"<ul>\n<li style=\"color: #2e9b03;\">Compra segura y protegida con SSL.<\/li>\n<li style=\"color: #2e9b03;\">Paga en OXXO, con Tarjeta o Transferencia.<\/li>\n<li style=\"color: #2e9b03;\">Recibe el producto que esperas o te devolvemos tu dinero.<\/li>\n<\/ul>\n<div id=\"gtx-trans\" style=\"position: absolute; left: 55px; top: -3px;\">\n<div class=\"gtx-trans-icon\"><\/div>\n<\/div>\n","protected":false},"featured_media":251,"template":"","meta":[],"product_brand":[],"product_cat":[30],"product_tag":[19],"class_list":{"0":"post-222","1":"product","2":"type-product","3":"status-publish","4":"has-post-thumbnail","6":"product_cat-rosulatum","7":"product_tag-especies-de-pachypodium","9":"first","10":"outofstock","11":"shipping-taxable","12":"purchasable","13":"product-type-simple"},"yoast_head":"<!-- This site is optimized with the Yoast SEO plugin v25.4 - https:\/\/yoast.com\/wordpress\/plugins\/seo\/ -->\n<title>Pachypodium Rosulatum 3 Pulgadas - 1 Pieza - Tienda Vivero Magnoliophyta<\/title>\n<meta name=\"description\" content=\"Pachypodium Rosulatum 3 Pulgadas. Compra aqu\u00ed esta incre\u00edble variedad de Pachypodium. Es el de flor amarilla.\" \/>\n<meta name=\"robots\" content=\"index, follow, max-snippet:-1, max-image-preview:large, max-video-preview:-1\" \/>\n<link rel=\"canonical\" href=\"https:\/\/mundomagnoliophyta.com\/tienda\/pachypodium\/rosulatum\/rosulatum-3in-1pz\/\" \/>\n<meta property=\"og:locale\" content=\"es_ES\" \/>\n<meta property=\"og:type\" content=\"article\" \/>\n<meta property=\"og:title\" content=\"Pachypodium Rosulatum 3 Pulgadas - 1 Pieza - Tienda Vivero Magnoliophyta\" \/>\n<meta property=\"og:description\" content=\"Pachypodium Rosulatum 3 Pulgadas. Compra aqu\u00ed esta incre\u00edble variedad de Pachypodium. Es el de flor amarilla.\" \/>\n<meta property=\"og:url\" content=\"https:\/\/mundomagnoliophyta.com\/tienda\/pachypodium\/rosulatum\/rosulatum-3in-1pz\/\" \/>\n<meta property=\"og:site_name\" content=\"Tienda Vivero Magnoliophyta\" \/>\n<meta property=\"article:modified_time\" content=\"2023-07-29T11:58:15+00:00\" \/>\n<meta property=\"og:image\" content=\"https:\/\/mundomagnoliophyta.com\/tienda\/wp-content\/uploads\/2023\/07\/Pachypodium-Rosulatum-3-Pulgadas-Vivero-Magnoliophyta-1.jpg\" \/>\n\t<meta property=\"og:image:width\" content=\"2084\" \/>\n\t<meta property=\"og:image:height\" content=\"1545\" \/>\n\t<meta property=\"og:image:type\" content=\"image\/jpeg\" \/>\n<meta name=\"twitter:card\" content=\"summary_large_image\" \/>\n<meta name=\"twitter:label1\" content=\"Tiempo de lectura\" \/>\n\t<meta name=\"twitter:data1\" content=\"6 minutos\" \/>\n<script type=\"application\/ld+json\" class=\"yoast-schema-graph\">{\"@context\":\"https:\/\/schema.org\",\"@graph\":[{\"@type\":\"WebPage\",\"@id\":\"https:\/\/mundomagnoliophyta.com\/tienda\/pachypodium\/rosulatum\/rosulatum-3in-1pz\/\",\"url\":\"https:\/\/mundomagnoliophyta.com\/tienda\/pachypodium\/rosulatum\/rosulatum-3in-1pz\/\",\"name\":\"Pachypodium Rosulatum 3 Pulgadas - 1 Pieza - Tienda Vivero Magnoliophyta\",\"isPartOf\":{\"@id\":\"https:\/\/mundomagnoliophyta.com\/tienda\/#website\"},\"primaryImageOfPage\":{\"@id\":\"https:\/\/mundomagnoliophyta.com\/tienda\/pachypodium\/rosulatum\/rosulatum-3in-1pz\/#primaryimage\"},\"image\":{\"@id\":\"https:\/\/mundomagnoliophyta.com\/tienda\/pachypodium\/rosulatum\/rosulatum-3in-1pz\/#primaryimage\"},\"thumbnailUrl\":\"https:\/\/mundomagnoliophyta.com\/tienda\/wp-content\/uploads\/2023\/07\/Pachypodium-Rosulatum-3-Pulgadas-Vivero-Magnoliophyta-1.jpg\",\"datePublished\":\"2023-07-28T06:36:51+00:00\",\"dateModified\":\"2023-07-29T11:58:15+00:00\",\"description\":\"Pachypodium Rosulatum 3 Pulgadas. Compra aqu\u00ed esta incre\u00edble variedad de Pachypodium. Es el de flor amarilla.\",\"breadcrumb\":{\"@id\":\"https:\/\/mundomagnoliophyta.com\/tienda\/pachypodium\/rosulatum\/rosulatum-3in-1pz\/#breadcrumb\"},\"inLanguage\":\"es\",\"potentialAction\":[{\"@type\":\"ReadAction\",\"target\":[\"https:\/\/mundomagnoliophyta.com\/tienda\/pachypodium\/rosulatum\/rosulatum-3in-1pz\/\"]}]},{\"@type\":\"ImageObject\",\"inLanguage\":\"es\",\"@id\":\"https:\/\/mundomagnoliophyta.com\/tienda\/pachypodium\/rosulatum\/rosulatum-3in-1pz\/#primaryimage\",\"url\":\"https:\/\/mundomagnoliophyta.com\/tienda\/wp-content\/uploads\/2023\/07\/Pachypodium-Rosulatum-3-Pulgadas-Vivero-Magnoliophyta-1.jpg\",\"contentUrl\":\"https:\/\/mundomagnoliophyta.com\/tienda\/wp-content\/uploads\/2023\/07\/Pachypodium-Rosulatum-3-Pulgadas-Vivero-Magnoliophyta-1.jpg\",\"width\":2084,\"height\":1545},{\"@type\":\"BreadcrumbList\",\"@id\":\"https:\/\/mundomagnoliophyta.com\/tienda\/pachypodium\/rosulatum\/rosulatum-3in-1pz\/#breadcrumb\",\"itemListElement\":[{\"@type\":\"ListItem\",\"position\":1,\"name\":\"Portada\",\"item\":\"https:\/\/mundomagnoliophyta.com\/tienda\/\"},{\"@type\":\"ListItem\",\"position\":2,\"name\":\"Tienda\",\"item\":\"https:\/\/mundomagnoliophyta.com\/tienda\/tienda\/\"},{\"@type\":\"ListItem\",\"position\":3,\"name\":\"Pachypodium Rosulatum 3 Pulgadas &#8211; 1 Pieza\"}]},{\"@type\":\"WebSite\",\"@id\":\"https:\/\/mundomagnoliophyta.com\/tienda\/#website\",\"url\":\"https:\/\/mundomagnoliophyta.com\/tienda\/\",\"name\":\"Tienda Vivero Magnoliophyta\",\"description\":\"Tienda de Pachypodium, Echeveria Laui, Grusonii y Adenium\",\"publisher\":{\"@id\":\"https:\/\/mundomagnoliophyta.com\/tienda\/#organization\"},\"potentialAction\":[{\"@type\":\"SearchAction\",\"target\":{\"@type\":\"EntryPoint\",\"urlTemplate\":\"https:\/\/mundomagnoliophyta.com\/tienda\/?s={search_term_string}\"},\"query-input\":{\"@type\":\"PropertyValueSpecification\",\"valueRequired\":true,\"valueName\":\"search_term_string\"}}],\"inLanguage\":\"es\"},{\"@type\":\"Organization\",\"@id\":\"https:\/\/mundomagnoliophyta.com\/tienda\/#organization\",\"name\":\"Tienda Vivero Magnoliophyta\",\"url\":\"https:\/\/mundomagnoliophyta.com\/tienda\/\",\"logo\":{\"@type\":\"ImageObject\",\"inLanguage\":\"es\",\"@id\":\"https:\/\/mundomagnoliophyta.com\/tienda\/#\/schema\/logo\/image\/\",\"url\":\"https:\/\/mundomagnoliophyta.com\/tienda\/wp-content\/uploads\/2023\/07\/Logo-Magnoliophyta-web.png\",\"contentUrl\":\"https:\/\/mundomagnoliophyta.com\/tienda\/wp-content\/uploads\/2023\/07\/Logo-Magnoliophyta-web.png\",\"width\":331,\"height\":71,\"caption\":\"Tienda Vivero Magnoliophyta\"},\"image\":{\"@id\":\"https:\/\/mundomagnoliophyta.com\/tienda\/#\/schema\/logo\/image\/\"}}]}<\/script>\n<!-- \/ Yoast SEO plugin. -->","yoast_head_json":{"title":"Pachypodium Rosulatum 3 Pulgadas - 1 Pieza - Tienda Vivero Magnoliophyta","description":"Pachypodium Rosulatum 3 Pulgadas. Compra aqu\u00ed esta incre\u00edble variedad de Pachypodium. Es el de flor amarilla.","robots":{"index":"index","follow":"follow","max-snippet":"max-snippet:-1","max-image-preview":"max-image-preview:large","max-video-preview":"max-video-preview:-1"},"canonical":"https:\/\/mundomagnoliophyta.com\/tienda\/pachypodium\/rosulatum\/rosulatum-3in-1pz\/","og_locale":"es_ES","og_type":"article","og_title":"Pachypodium Rosulatum 3 Pulgadas - 1 Pieza - Tienda Vivero Magnoliophyta","og_description":"Pachypodium Rosulatum 3 Pulgadas. Compra aqu\u00ed esta incre\u00edble variedad de Pachypodium. Es el de flor amarilla.","og_url":"https:\/\/mundomagnoliophyta.com\/tienda\/pachypodium\/rosulatum\/rosulatum-3in-1pz\/","og_site_name":"Tienda Vivero Magnoliophyta","article_modified_time":"2023-07-29T11:58:15+00:00","og_image":[{"width":2084,"height":1545,"url":"https:\/\/mundomagnoliophyta.com\/tienda\/wp-content\/uploads\/2023\/07\/Pachypodium-Rosulatum-3-Pulgadas-Vivero-Magnoliophyta-1.jpg","type":"image\/jpeg"}],"twitter_card":"summary_large_image","twitter_misc":{"Tiempo de lectura":"6 minutos"},"schema":{"@context":"https:\/\/schema.org","@graph":[{"@type":"WebPage","@id":"https:\/\/mundomagnoliophyta.com\/tienda\/pachypodium\/rosulatum\/rosulatum-3in-1pz\/","url":"https:\/\/mundomagnoliophyta.com\/tienda\/pachypodium\/rosulatum\/rosulatum-3in-1pz\/","name":"Pachypodium Rosulatum 3 Pulgadas - 1 Pieza - Tienda Vivero Magnoliophyta","isPartOf":{"@id":"https:\/\/mundomagnoliophyta.com\/tienda\/#website"},"primaryImageOfPage":{"@id":"https:\/\/mundomagnoliophyta.com\/tienda\/pachypodium\/rosulatum\/rosulatum-3in-1pz\/#primaryimage"},"image":{"@id":"https:\/\/mundomagnoliophyta.com\/tienda\/pachypodium\/rosulatum\/rosulatum-3in-1pz\/#primaryimage"},"thumbnailUrl":"https:\/\/mundomagnoliophyta.com\/tienda\/wp-content\/uploads\/2023\/07\/Pachypodium-Rosulatum-3-Pulgadas-Vivero-Magnoliophyta-1.jpg","datePublished":"2023-07-28T06:36:51+00:00","dateModified":"2023-07-29T11:58:15+00:00","description":"Pachypodium Rosulatum 3 Pulgadas. Compra aqu\u00ed esta incre\u00edble variedad de Pachypodium. Es el de flor amarilla.","breadcrumb":{"@id":"https:\/\/mundomagnoliophyta.com\/tienda\/pachypodium\/rosulatum\/rosulatum-3in-1pz\/#breadcrumb"},"inLanguage":"es","potentialAction":[{"@type":"ReadAction","target":["https:\/\/mundomagnoliophyta.com\/tienda\/pachypodium\/rosulatum\/rosulatum-3in-1pz\/"]}]},{"@type":"ImageObject","inLanguage":"es","@id":"https:\/\/mundomagnoliophyta.com\/tienda\/pachypodium\/rosulatum\/rosulatum-3in-1pz\/#primaryimage","url":"https:\/\/mundomagnoliophyta.com\/tienda\/wp-content\/uploads\/2023\/07\/Pachypodium-Rosulatum-3-Pulgadas-Vivero-Magnoliophyta-1.jpg","contentUrl":"https:\/\/mundomagnoliophyta.com\/tienda\/wp-content\/uploads\/2023\/07\/Pachypodium-Rosulatum-3-Pulgadas-Vivero-Magnoliophyta-1.jpg","width":2084,"height":1545},{"@type":"BreadcrumbList","@id":"https:\/\/mundomagnoliophyta.com\/tienda\/pachypodium\/rosulatum\/rosulatum-3in-1pz\/#breadcrumb","itemListElement":[{"@type":"ListItem","position":1,"name":"Portada","item":"https:\/\/mundomagnoliophyta.com\/tienda\/"},{"@type":"ListItem","position":2,"name":"Tienda","item":"https:\/\/mundomagnoliophyta.com\/tienda\/tienda\/"},{"@type":"ListItem","position":3,"name":"Pachypodium Rosulatum 3 Pulgadas &#8211; 1 Pieza"}]},{"@type":"WebSite","@id":"https:\/\/mundomagnoliophyta.com\/tienda\/#website","url":"https:\/\/mundomagnoliophyta.com\/tienda\/","name":"Tienda Vivero Magnoliophyta","description":"Tienda de Pachypodium, Echeveria Laui, Grusonii y Adenium","publisher":{"@id":"https:\/\/mundomagnoliophyta.com\/tienda\/#organization"},"potentialAction":[{"@type":"SearchAction","target":{"@type":"EntryPoint","urlTemplate":"https:\/\/mundomagnoliophyta.com\/tienda\/?s={search_term_string}"},"query-input":{"@type":"PropertyValueSpecification","valueRequired":true,"valueName":"search_term_string"}}],"inLanguage":"es"},{"@type":"Organization","@id":"https:\/\/mundomagnoliophyta.com\/tienda\/#organization","name":"Tienda Vivero Magnoliophyta","url":"https:\/\/mundomagnoliophyta.com\/tienda\/","logo":{"@type":"ImageObject","inLanguage":"es","@id":"https:\/\/mundomagnoliophyta.com\/tienda\/#\/schema\/logo\/image\/","url":"https:\/\/mundomagnoliophyta.com\/tienda\/wp-content\/uploads\/2023\/07\/Logo-Magnoliophyta-web.png","contentUrl":"https:\/\/mundomagnoliophyta.com\/tienda\/wp-content\/uploads\/2023\/07\/Logo-Magnoliophyta-web.png","width":331,"height":71,"caption":"Tienda Vivero Magnoliophyta"},"image":{"@id":"https:\/\/mundomagnoliophyta.com\/tienda\/#\/schema\/logo\/image\/"}}]}},"_links":{"self":[{"href":"https:\/\/mundomagnoliophyta.com\/tienda\/wp-json\/wp\/v2\/product\/222","targetHints":{"allow":["GET"]}}],"collection":[{"href":"https:\/\/mundomagnoliophyta.com\/tienda\/wp-json\/wp\/v2\/product"}],"about":[{"href":"https:\/\/mundomagnoliophyta.com\/tienda\/wp-json\/wp\/v2\/types\/product"}],"wp:featuredmedia":[{"embeddable":true,"href":"https:\/\/mundomagnoliophyta.com\/tienda\/wp-json\/wp\/v2\/media\/251"}],"wp:attachment":[{"href":"https:\/\/mundomagnoliophyta.com\/tienda\/wp-json\/wp\/v2\/media?parent=222"}],"wp:term":[{"taxonomy":"product_brand","embeddable":true,"href":"https:\/\/mundomagnoliophyta.com\/tienda\/wp-json\/wp\/v2\/product_brand?post=222"},{"taxonomy":"product_cat","embeddable":true,"href":"https:\/\/mundomagnoliophyta.com\/tienda\/wp-json\/wp\/v2\/product_cat?post=222"},{"taxonomy":"product_tag","embeddable":true,"href":"https:\/\/mundomagnoliophyta.com\/tienda\/wp-json\/wp\/v2\/product_tag?post=222"}],"curies":[{"name":"wp","href":"https:\/\/api.w.org\/{rel}","templated":true}]}}