{"id":210,"date":"2023-07-28T06:36:17","date_gmt":"2023-07-28T06:36:17","guid":{"rendered":"https:\/\/mundomagnoliophyta.com\/tienda\/?post_type=product&#038;p=210"},"modified":"2023-07-29T06:01:59","modified_gmt":"2023-07-29T12:01:59","slug":"semillas-de-pachypodium-lamerei-30-piezas","status":"publish","type":"product","link":"https:\/\/mundomagnoliophyta.com\/tienda\/pachypodium\/lamerei\/semillas-lamerei-30pz\/","title":{"rendered":"Semillas de Pachypodium Lamerei &#8211; 30 Piezas"},"content":{"rendered":"<p>Tenemos venta de semillas de Pachypodium Lamerei. Compra semillas y germina tus propios ejemplares de esta fant\u00e1stica variedad de Palma de Madagascar.<\/p>\n<p>Este <strong>Pachypodium es originario del continente Africano<\/strong>. Un lugar des\u00e9rtico en la gran mayor\u00eda de su extensi\u00f3n territorial. Donde la planta crece y se adapta a los climas extremos que el desierto propicia en sus diferentes \u00e9pocas del a\u00f1o.<\/p>\n<h2>Caracter\u00edsticas las Semillas de Pachypodium Lamerei 30 piezas.<\/h2>\n<p>Ancho de la semilla (promedio): 4mm.<\/p>\n<p>Largo de la semilla (promedio): 10mm.<\/p>\n<p>*Estas medidas son promedio, hay variaciones importantes en cada semilla. Aunque son de la misma variedad hay semillas m\u00e1s peque\u00f1as y hay semillas m\u00e1s grandes. Estas medidas no se deben tomar como medidas estrictas de las semillas que vas a recibir. Las medidas aqu\u00ed mostradas son ilustrativas y se colocan para que tengas una mejor referencia de cu\u00e1l es el aspecto y forma de las semillas. Cada semilla es \u00fanica y diferente.<\/p>\n<p>&nbsp;<\/p>\n<h2>Lugar ideal para germinar.<\/h2>\n<p>Bajo un domo o en alg\u00fan lugar donde se sienta calor.<\/p>\n<p>&nbsp;<\/p>\n<h2>Sustrato para germinar.<\/h2>\n<p>Nosotros utilizamos tierra de hoja bien colada.<\/p>\n<h2>Riego.<\/h2>\n<p>Se recomienda que el riego del sustrato sea constante. El sustrato debe estar siempre h\u00famedo para lograr que las semillas germinen.<\/p>\n<h2>\u00bfC\u00f3mo germinar Semillas de Pachypodium?<\/h2>\n<p>Te compartimos este art\u00edculo para que tengas una mejor idea de c\u00f3mo germinar Pachypodium. <a href=\"https:\/\/mundomagnoliophyta.com\/como-germina-el-pachypodium-lamerei\/\">Ver art\u00edculo aqu\u00ed.<\/a><\/p>\n<h2>\u00bfC\u00f3mo es el Pachypodium Lamerei en vida adulta?<\/h2>\n<p>La vida adulta del Pachypodium Lamerei 3 Pulgadas.\u00a0<strong>\u00bfC\u00f3mo es?<\/strong>\u00a0Se convierte en un arbolito que puede medir entre 3 y 5 metros de altura. Aproximadamente a la edad de 7 u 8 a\u00f1os el Pachypodium Lamerei comienza a florear. Produce un ramillete con flores blancas. Este ramillete de flores puede durar de 3 a 4 meses. La flor sale en la punta del tallo del Pachypodium, posteriormente el tallo (o tronco) se ramifica, normalmente salen 2 ramas (a veces 3 ramas). Por eso es que despu\u00e9s de varias floraciones la planta se llega a convertir en una especie de arbolito ramificado.<\/p>\n<p>Mira las fotograf\u00eda en seguida para que te des una idea de c\u00f3mo es la flor de Pachypodium Lamerei y c\u00f3mo es su forma una vez que alcanza la vida adulta.<\/p>\n<p>&nbsp;<\/p>\n<figure id=\"attachment_2570\" aria-describedby=\"caption-attachment-2570\" style=\"width: 847px\" class=\"wp-caption alignnone\"><a href=\"https:\/\/mundomagnoliophyta.com\/wp-content\/uploads\/2020\/07\/Pachypodium-Lamerei-Adulto-Vivero-Magnoliophyta.jpg\"><img loading=\"lazy\" decoding=\"async\" class=\"size-full wp-image-2570\" src=\"https:\/\/mundomagnoliophyta.com\/wp-content\/uploads\/2020\/07\/Pachypodium-Lamerei-Adulto-Vivero-Magnoliophyta.jpg\" alt=\"Pachypodium Lamerei Adulto - Vivero Magnoliophyta\" width=\"847\" height=\"960\" \/><\/a><figcaption id=\"caption-attachment-2570\" class=\"wp-caption-text\">Pachypodium Lamerei Adulto &#8211; Vivero Magnoliophyta.<\/figcaption><\/figure>\n<div id=\"attachment_2235\" class=\"wp-caption alignnone\">\n<p><a href=\"https:\/\/mundomagnoliophyta.com\/wp-content\/uploads\/2020\/05\/Ramificaci%C3%B3n-de-un-Pachypodium-Lamerei-Vivero-Magnoliophyta.jpg\"><img loading=\"lazy\" decoding=\"async\" class=\"wp-image-2235 size-full lazyloaded\" src=\"https:\/\/mundomagnoliophyta.com\/wp-content\/uploads\/2020\/05\/Ramificaci%C3%B3n-de-un-Pachypodium-Lamerei-Vivero-Magnoliophyta.jpg\" sizes=\"auto, (max-width: 800px) 100vw, 800px\" srcset=\"https:\/\/mundomagnoliophyta.com\/wp-content\/uploads\/2020\/05\/Ramificaci\u00f3n-de-un-Pachypodium-Lamerei-Vivero-Magnoliophyta.jpg 800w, https:\/\/mundomagnoliophyta.com\/wp-content\/uploads\/2020\/05\/Ramificaci\u00f3n-de-un-Pachypodium-Lamerei-Vivero-Magnoliophyta-300x169.jpg 300w, https:\/\/mundomagnoliophyta.com\/wp-content\/uploads\/2020\/05\/Ramificaci\u00f3n-de-un-Pachypodium-Lamerei-Vivero-Magnoliophyta-768x432.jpg 768w, https:\/\/mundomagnoliophyta.com\/wp-content\/uploads\/2020\/05\/Ramificaci\u00f3n-de-un-Pachypodium-Lamerei-Vivero-Magnoliophyta-600x338.jpg 600w\" alt=\"Ramificaci\u00f3n del Pachypodium Lamerei en vida adulta.\" width=\"800\" height=\"450\" aria-describedby=\"caption-attachment-2235\" data-src=\"https:\/\/mundomagnoliophyta.com\/wp-content\/uploads\/2020\/05\/Ramificaci\u00f3n-de-un-Pachypodium-Lamerei-Vivero-Magnoliophyta.jpg\" data-srcset=\"https:\/\/mundomagnoliophyta.com\/wp-content\/uploads\/2020\/05\/Ramificaci\u00f3n-de-un-Pachypodium-Lamerei-Vivero-Magnoliophyta.jpg 800w, https:\/\/mundomagnoliophyta.com\/wp-content\/uploads\/2020\/05\/Ramificaci\u00f3n-de-un-Pachypodium-Lamerei-Vivero-Magnoliophyta-300x169.jpg 300w, https:\/\/mundomagnoliophyta.com\/wp-content\/uploads\/2020\/05\/Ramificaci\u00f3n-de-un-Pachypodium-Lamerei-Vivero-Magnoliophyta-768x432.jpg 768w, https:\/\/mundomagnoliophyta.com\/wp-content\/uploads\/2020\/05\/Ramificaci\u00f3n-de-un-Pachypodium-Lamerei-Vivero-Magnoliophyta-600x338.jpg 600w\" data-sizes=\"(max-width: 800px) 100vw, 800px\" \/><\/a><\/p>\n<p id=\"caption-attachment-2235\" class=\"wp-caption-text\">Aqu\u00ed observamos c\u00f3mo florece y ramifica el Pachypodium Lamerei cuando es adulto.<\/p>\n<\/div>\n<p>&nbsp;<\/p>\n<div id=\"attachment_1983\" class=\"wp-caption alignnone\">\n<p><a href=\"https:\/\/mundomagnoliophyta.com\/wp-content\/uploads\/2020\/04\/Flor-de-Pachypodium-Lamerei-2-vivero-magnoliophyta-web.jpg\"><img loading=\"lazy\" decoding=\"async\" class=\"wp-image-1983 size-large lazyloaded\" src=\"https:\/\/mundomagnoliophyta.com\/wp-content\/uploads\/2020\/04\/Flor-de-Pachypodium-Lamerei-2-vivero-magnoliophyta-web-1024x768.jpg\" sizes=\"auto, (max-width: 1024px) 100vw, 1024px\" srcset=\"https:\/\/mundomagnoliophyta.com\/wp-content\/uploads\/2020\/04\/Flor-de-Pachypodium-Lamerei-2-vivero-magnoliophyta-web-1024x768.jpg 1024w, https:\/\/mundomagnoliophyta.com\/wp-content\/uploads\/2020\/04\/Flor-de-Pachypodium-Lamerei-2-vivero-magnoliophyta-web-300x225.jpg 300w, https:\/\/mundomagnoliophyta.com\/wp-content\/uploads\/2020\/04\/Flor-de-Pachypodium-Lamerei-2-vivero-magnoliophyta-web-768x576.jpg 768w, https:\/\/mundomagnoliophyta.com\/wp-content\/uploads\/2020\/04\/Flor-de-Pachypodium-Lamerei-2-vivero-magnoliophyta-web-600x450.jpg 600w, https:\/\/mundomagnoliophyta.com\/wp-content\/uploads\/2020\/04\/Flor-de-Pachypodium-Lamerei-2-vivero-magnoliophyta-web.jpg 1260w\" alt=\"Flor de Pachypodium Lamerei\" width=\"1024\" height=\"768\" aria-describedby=\"caption-attachment-1983\" data-src=\"https:\/\/mundomagnoliophyta.com\/wp-content\/uploads\/2020\/04\/Flor-de-Pachypodium-Lamerei-2-vivero-magnoliophyta-web-1024x768.jpg\" data-srcset=\"https:\/\/mundomagnoliophyta.com\/wp-content\/uploads\/2020\/04\/Flor-de-Pachypodium-Lamerei-2-vivero-magnoliophyta-web-1024x768.jpg 1024w, https:\/\/mundomagnoliophyta.com\/wp-content\/uploads\/2020\/04\/Flor-de-Pachypodium-Lamerei-2-vivero-magnoliophyta-web-300x225.jpg 300w, https:\/\/mundomagnoliophyta.com\/wp-content\/uploads\/2020\/04\/Flor-de-Pachypodium-Lamerei-2-vivero-magnoliophyta-web-768x576.jpg 768w, https:\/\/mundomagnoliophyta.com\/wp-content\/uploads\/2020\/04\/Flor-de-Pachypodium-Lamerei-2-vivero-magnoliophyta-web-600x450.jpg 600w, https:\/\/mundomagnoliophyta.com\/wp-content\/uploads\/2020\/04\/Flor-de-Pachypodium-Lamerei-2-vivero-magnoliophyta-web.jpg 1260w\" data-sizes=\"(max-width: 1024px) 100vw, 1024px\" \/><\/a><\/p>\n<p id=\"caption-attachment-1983\" class=\"wp-caption-text\">As\u00ed es la flor del Pachypodium Lamerei. Hermosa flor blanca con un centro en tonos amarillos.<\/p>\n<\/div>\n<h2>\u00bfTienes dudas?<\/h2>\n<p>[wpforms id=\u00bb3788&#8243; title=\u00bbfalse\u00bb description=\u00bbtrue\u00bb]<\/p>\n<p>&nbsp;<\/p>\n<p><strong>S\u00edguenos y descubre m\u00e1s productos nuevos.<\/strong><\/p>\n<p><a href=\"https:\/\/www.facebook.com\/mmagnoliophyta\/\">Facebook\u00a0<\/a>\u2013\u00a0<a href=\"https:\/\/www.instagram.com\/mmagnoliophyta\/\">Instagram\u00a0<\/a>\u2013\u00a0<a href=\"https:\/\/www.pinterest.com.mx\/mmagnoliophyta\/\">Pinterest<\/a>\u00a0\u2013\u00a0<a href=\"https:\/\/www.youtube.com\/channel\/UCKtWWE_lBszDJG5eNf_XrEg\">Youtube.<\/a><\/p>\n","protected":false},"excerpt":{"rendered":"<ul>\n<li style=\"color: #2e9b03;\">Compra segura y protegida con SSL.<\/li>\n<li style=\"color: #2e9b03;\">Paga en OXXO, con Tarjeta o Transferencia.<\/li>\n<li style=\"color: #2e9b03;\">Recibe el producto que esperas o te devolvemos tu dinero.<\/li>\n<\/ul>\n<div id=\"gtx-trans\" style=\"position: absolute; left: 42px; top: -3px;\">\n<div class=\"gtx-trans-icon\"><\/div>\n<\/div>\n","protected":false},"featured_media":244,"template":"","meta":[],"product_brand":[],"product_cat":[18,35],"product_tag":[20,23,37],"class_list":{"0":"post-210","1":"product","2":"type-product","3":"status-publish","4":"has-post-thumbnail","6":"product_cat-lamerei","7":"product_cat-semillas","8":"product_tag-cactus","9":"product_tag-cactus-de-madagascar","10":"product_tag-lealii-saundersii","12":"first","13":"instock","14":"sale","15":"shipping-taxable","16":"purchasable","17":"product-type-simple"},"yoast_head":"<!-- This site is optimized with the Yoast SEO plugin v25.4 - https:\/\/yoast.com\/wordpress\/plugins\/seo\/ -->\n<title>Semillas de Pachypodium Lamerei - 30 Piezas - Env\u00edos a todo M\u00e9xico.<\/title>\n<meta name=\"description\" content=\"Venta de Semillas de Pachypodium Lamerei 30 piezas. Descubre precios y caracter\u00edsticas. Compra semillas para germinar. Ver aqu\u00ed ahora!\" \/>\n<meta name=\"robots\" content=\"index, follow, max-snippet:-1, max-image-preview:large, max-video-preview:-1\" \/>\n<link rel=\"canonical\" href=\"https:\/\/mundomagnoliophyta.com\/tienda\/pachypodium\/lamerei\/semillas-lamerei-30pz\/\" \/>\n<meta property=\"og:locale\" content=\"es_ES\" \/>\n<meta property=\"og:type\" content=\"article\" \/>\n<meta property=\"og:title\" content=\"Semillas de Pachypodium Lamerei - 30 Piezas - Env\u00edos a todo M\u00e9xico.\" \/>\n<meta property=\"og:description\" content=\"Venta de Semillas de Pachypodium Lamerei 30 piezas. Descubre precios y caracter\u00edsticas. Compra semillas para germinar. Ver aqu\u00ed ahora!\" \/>\n<meta property=\"og:url\" content=\"https:\/\/mundomagnoliophyta.com\/tienda\/pachypodium\/lamerei\/semillas-lamerei-30pz\/\" \/>\n<meta property=\"og:site_name\" content=\"Tienda Vivero Magnoliophyta\" \/>\n<meta property=\"article:modified_time\" content=\"2023-07-29T12:01:59+00:00\" \/>\n<meta property=\"og:image\" content=\"https:\/\/mundomagnoliophyta.com\/tienda\/wp-content\/uploads\/2023\/07\/Semillas-de-Pachypodium-Lamerei-medidas-ancho-Vivero-Magnoliophyta-fondo-blanco-Web-11.jpg\" \/>\n\t<meta property=\"og:image:width\" content=\"2084\" \/>\n\t<meta property=\"og:image:height\" content=\"1545\" \/>\n\t<meta property=\"og:image:type\" content=\"image\/jpeg\" \/>\n<meta name=\"twitter:card\" content=\"summary_large_image\" \/>\n<meta name=\"twitter:label1\" content=\"Tiempo de lectura\" \/>\n\t<meta name=\"twitter:data1\" content=\"3 minutos\" \/>\n<script type=\"application\/ld+json\" class=\"yoast-schema-graph\">{\"@context\":\"https:\/\/schema.org\",\"@graph\":[{\"@type\":\"WebPage\",\"@id\":\"https:\/\/mundomagnoliophyta.com\/tienda\/pachypodium\/lamerei\/semillas-lamerei-30pz\/\",\"url\":\"https:\/\/mundomagnoliophyta.com\/tienda\/pachypodium\/lamerei\/semillas-lamerei-30pz\/\",\"name\":\"Semillas de Pachypodium Lamerei - 30 Piezas - Env\u00edos a todo M\u00e9xico.\",\"isPartOf\":{\"@id\":\"https:\/\/mundomagnoliophyta.com\/tienda\/#website\"},\"primaryImageOfPage\":{\"@id\":\"https:\/\/mundomagnoliophyta.com\/tienda\/pachypodium\/lamerei\/semillas-lamerei-30pz\/#primaryimage\"},\"image\":{\"@id\":\"https:\/\/mundomagnoliophyta.com\/tienda\/pachypodium\/lamerei\/semillas-lamerei-30pz\/#primaryimage\"},\"thumbnailUrl\":\"https:\/\/mundomagnoliophyta.com\/tienda\/wp-content\/uploads\/2023\/07\/Semillas-de-Pachypodium-Lamerei-medidas-ancho-Vivero-Magnoliophyta-fondo-blanco-Web-11.jpg\",\"datePublished\":\"2023-07-28T06:36:17+00:00\",\"dateModified\":\"2023-07-29T12:01:59+00:00\",\"description\":\"Venta de Semillas de Pachypodium Lamerei 30 piezas. Descubre precios y caracter\u00edsticas. Compra semillas para germinar. Ver aqu\u00ed ahora!\",\"breadcrumb\":{\"@id\":\"https:\/\/mundomagnoliophyta.com\/tienda\/pachypodium\/lamerei\/semillas-lamerei-30pz\/#breadcrumb\"},\"inLanguage\":\"es\",\"potentialAction\":[{\"@type\":\"ReadAction\",\"target\":[\"https:\/\/mundomagnoliophyta.com\/tienda\/pachypodium\/lamerei\/semillas-lamerei-30pz\/\"]}]},{\"@type\":\"ImageObject\",\"inLanguage\":\"es\",\"@id\":\"https:\/\/mundomagnoliophyta.com\/tienda\/pachypodium\/lamerei\/semillas-lamerei-30pz\/#primaryimage\",\"url\":\"https:\/\/mundomagnoliophyta.com\/tienda\/wp-content\/uploads\/2023\/07\/Semillas-de-Pachypodium-Lamerei-medidas-ancho-Vivero-Magnoliophyta-fondo-blanco-Web-11.jpg\",\"contentUrl\":\"https:\/\/mundomagnoliophyta.com\/tienda\/wp-content\/uploads\/2023\/07\/Semillas-de-Pachypodium-Lamerei-medidas-ancho-Vivero-Magnoliophyta-fondo-blanco-Web-11.jpg\",\"width\":2084,\"height\":1545},{\"@type\":\"BreadcrumbList\",\"@id\":\"https:\/\/mundomagnoliophyta.com\/tienda\/pachypodium\/lamerei\/semillas-lamerei-30pz\/#breadcrumb\",\"itemListElement\":[{\"@type\":\"ListItem\",\"position\":1,\"name\":\"Portada\",\"item\":\"https:\/\/mundomagnoliophyta.com\/tienda\/\"},{\"@type\":\"ListItem\",\"position\":2,\"name\":\"Tienda\",\"item\":\"https:\/\/mundomagnoliophyta.com\/tienda\/tienda\/\"},{\"@type\":\"ListItem\",\"position\":3,\"name\":\"Semillas de Pachypodium Lamerei &#8211; 30 Piezas\"}]},{\"@type\":\"WebSite\",\"@id\":\"https:\/\/mundomagnoliophyta.com\/tienda\/#website\",\"url\":\"https:\/\/mundomagnoliophyta.com\/tienda\/\",\"name\":\"Tienda Vivero Magnoliophyta\",\"description\":\"Tienda de Pachypodium, Echeveria Laui, Grusonii y Adenium\",\"publisher\":{\"@id\":\"https:\/\/mundomagnoliophyta.com\/tienda\/#organization\"},\"potentialAction\":[{\"@type\":\"SearchAction\",\"target\":{\"@type\":\"EntryPoint\",\"urlTemplate\":\"https:\/\/mundomagnoliophyta.com\/tienda\/?s={search_term_string}\"},\"query-input\":{\"@type\":\"PropertyValueSpecification\",\"valueRequired\":true,\"valueName\":\"search_term_string\"}}],\"inLanguage\":\"es\"},{\"@type\":\"Organization\",\"@id\":\"https:\/\/mundomagnoliophyta.com\/tienda\/#organization\",\"name\":\"Tienda Vivero Magnoliophyta\",\"url\":\"https:\/\/mundomagnoliophyta.com\/tienda\/\",\"logo\":{\"@type\":\"ImageObject\",\"inLanguage\":\"es\",\"@id\":\"https:\/\/mundomagnoliophyta.com\/tienda\/#\/schema\/logo\/image\/\",\"url\":\"https:\/\/mundomagnoliophyta.com\/tienda\/wp-content\/uploads\/2023\/07\/Logo-Magnoliophyta-web.png\",\"contentUrl\":\"https:\/\/mundomagnoliophyta.com\/tienda\/wp-content\/uploads\/2023\/07\/Logo-Magnoliophyta-web.png\",\"width\":331,\"height\":71,\"caption\":\"Tienda Vivero Magnoliophyta\"},\"image\":{\"@id\":\"https:\/\/mundomagnoliophyta.com\/tienda\/#\/schema\/logo\/image\/\"}}]}<\/script>\n<!-- \/ Yoast SEO plugin. -->","yoast_head_json":{"title":"Semillas de Pachypodium Lamerei - 30 Piezas - Env\u00edos a todo M\u00e9xico.","description":"Venta de Semillas de Pachypodium Lamerei 30 piezas. Descubre precios y caracter\u00edsticas. Compra semillas para germinar. Ver aqu\u00ed ahora!","robots":{"index":"index","follow":"follow","max-snippet":"max-snippet:-1","max-image-preview":"max-image-preview:large","max-video-preview":"max-video-preview:-1"},"canonical":"https:\/\/mundomagnoliophyta.com\/tienda\/pachypodium\/lamerei\/semillas-lamerei-30pz\/","og_locale":"es_ES","og_type":"article","og_title":"Semillas de Pachypodium Lamerei - 30 Piezas - Env\u00edos a todo M\u00e9xico.","og_description":"Venta de Semillas de Pachypodium Lamerei 30 piezas. Descubre precios y caracter\u00edsticas. Compra semillas para germinar. Ver aqu\u00ed ahora!","og_url":"https:\/\/mundomagnoliophyta.com\/tienda\/pachypodium\/lamerei\/semillas-lamerei-30pz\/","og_site_name":"Tienda Vivero Magnoliophyta","article_modified_time":"2023-07-29T12:01:59+00:00","og_image":[{"width":2084,"height":1545,"url":"https:\/\/mundomagnoliophyta.com\/tienda\/wp-content\/uploads\/2023\/07\/Semillas-de-Pachypodium-Lamerei-medidas-ancho-Vivero-Magnoliophyta-fondo-blanco-Web-11.jpg","type":"image\/jpeg"}],"twitter_card":"summary_large_image","twitter_misc":{"Tiempo de lectura":"3 minutos"},"schema":{"@context":"https:\/\/schema.org","@graph":[{"@type":"WebPage","@id":"https:\/\/mundomagnoliophyta.com\/tienda\/pachypodium\/lamerei\/semillas-lamerei-30pz\/","url":"https:\/\/mundomagnoliophyta.com\/tienda\/pachypodium\/lamerei\/semillas-lamerei-30pz\/","name":"Semillas de Pachypodium Lamerei - 30 Piezas - Env\u00edos a todo M\u00e9xico.","isPartOf":{"@id":"https:\/\/mundomagnoliophyta.com\/tienda\/#website"},"primaryImageOfPage":{"@id":"https:\/\/mundomagnoliophyta.com\/tienda\/pachypodium\/lamerei\/semillas-lamerei-30pz\/#primaryimage"},"image":{"@id":"https:\/\/mundomagnoliophyta.com\/tienda\/pachypodium\/lamerei\/semillas-lamerei-30pz\/#primaryimage"},"thumbnailUrl":"https:\/\/mundomagnoliophyta.com\/tienda\/wp-content\/uploads\/2023\/07\/Semillas-de-Pachypodium-Lamerei-medidas-ancho-Vivero-Magnoliophyta-fondo-blanco-Web-11.jpg","datePublished":"2023-07-28T06:36:17+00:00","dateModified":"2023-07-29T12:01:59+00:00","description":"Venta de Semillas de Pachypodium Lamerei 30 piezas. Descubre precios y caracter\u00edsticas. Compra semillas para germinar. Ver aqu\u00ed ahora!","breadcrumb":{"@id":"https:\/\/mundomagnoliophyta.com\/tienda\/pachypodium\/lamerei\/semillas-lamerei-30pz\/#breadcrumb"},"inLanguage":"es","potentialAction":[{"@type":"ReadAction","target":["https:\/\/mundomagnoliophyta.com\/tienda\/pachypodium\/lamerei\/semillas-lamerei-30pz\/"]}]},{"@type":"ImageObject","inLanguage":"es","@id":"https:\/\/mundomagnoliophyta.com\/tienda\/pachypodium\/lamerei\/semillas-lamerei-30pz\/#primaryimage","url":"https:\/\/mundomagnoliophyta.com\/tienda\/wp-content\/uploads\/2023\/07\/Semillas-de-Pachypodium-Lamerei-medidas-ancho-Vivero-Magnoliophyta-fondo-blanco-Web-11.jpg","contentUrl":"https:\/\/mundomagnoliophyta.com\/tienda\/wp-content\/uploads\/2023\/07\/Semillas-de-Pachypodium-Lamerei-medidas-ancho-Vivero-Magnoliophyta-fondo-blanco-Web-11.jpg","width":2084,"height":1545},{"@type":"BreadcrumbList","@id":"https:\/\/mundomagnoliophyta.com\/tienda\/pachypodium\/lamerei\/semillas-lamerei-30pz\/#breadcrumb","itemListElement":[{"@type":"ListItem","position":1,"name":"Portada","item":"https:\/\/mundomagnoliophyta.com\/tienda\/"},{"@type":"ListItem","position":2,"name":"Tienda","item":"https:\/\/mundomagnoliophyta.com\/tienda\/tienda\/"},{"@type":"ListItem","position":3,"name":"Semillas de Pachypodium Lamerei &#8211; 30 Piezas"}]},{"@type":"WebSite","@id":"https:\/\/mundomagnoliophyta.com\/tienda\/#website","url":"https:\/\/mundomagnoliophyta.com\/tienda\/","name":"Tienda Vivero Magnoliophyta","description":"Tienda de Pachypodium, Echeveria Laui, Grusonii y Adenium","publisher":{"@id":"https:\/\/mundomagnoliophyta.com\/tienda\/#organization"},"potentialAction":[{"@type":"SearchAction","target":{"@type":"EntryPoint","urlTemplate":"https:\/\/mundomagnoliophyta.com\/tienda\/?s={search_term_string}"},"query-input":{"@type":"PropertyValueSpecification","valueRequired":true,"valueName":"search_term_string"}}],"inLanguage":"es"},{"@type":"Organization","@id":"https:\/\/mundomagnoliophyta.com\/tienda\/#organization","name":"Tienda Vivero Magnoliophyta","url":"https:\/\/mundomagnoliophyta.com\/tienda\/","logo":{"@type":"ImageObject","inLanguage":"es","@id":"https:\/\/mundomagnoliophyta.com\/tienda\/#\/schema\/logo\/image\/","url":"https:\/\/mundomagnoliophyta.com\/tienda\/wp-content\/uploads\/2023\/07\/Logo-Magnoliophyta-web.png","contentUrl":"https:\/\/mundomagnoliophyta.com\/tienda\/wp-content\/uploads\/2023\/07\/Logo-Magnoliophyta-web.png","width":331,"height":71,"caption":"Tienda Vivero Magnoliophyta"},"image":{"@id":"https:\/\/mundomagnoliophyta.com\/tienda\/#\/schema\/logo\/image\/"}}]}},"_links":{"self":[{"href":"https:\/\/mundomagnoliophyta.com\/tienda\/wp-json\/wp\/v2\/product\/210","targetHints":{"allow":["GET"]}}],"collection":[{"href":"https:\/\/mundomagnoliophyta.com\/tienda\/wp-json\/wp\/v2\/product"}],"about":[{"href":"https:\/\/mundomagnoliophyta.com\/tienda\/wp-json\/wp\/v2\/types\/product"}],"wp:featuredmedia":[{"embeddable":true,"href":"https:\/\/mundomagnoliophyta.com\/tienda\/wp-json\/wp\/v2\/media\/244"}],"wp:attachment":[{"href":"https:\/\/mundomagnoliophyta.com\/tienda\/wp-json\/wp\/v2\/media?parent=210"}],"wp:term":[{"taxonomy":"product_brand","embeddable":true,"href":"https:\/\/mundomagnoliophyta.com\/tienda\/wp-json\/wp\/v2\/product_brand?post=210"},{"taxonomy":"product_cat","embeddable":true,"href":"https:\/\/mundomagnoliophyta.com\/tienda\/wp-json\/wp\/v2\/product_cat?post=210"},{"taxonomy":"product_tag","embeddable":true,"href":"https:\/\/mundomagnoliophyta.com\/tienda\/wp-json\/wp\/v2\/product_tag?post=210"}],"curies":[{"name":"wp","href":"https:\/\/api.w.org\/{rel}","templated":true}]}}