{"id":21,"date":"2023-07-28T06:31:08","date_gmt":"2023-07-28T06:31:08","guid":{"rendered":"https:\/\/mundomagnoliophyta.com\/tienda\/?post_type=product&#038;p=21"},"modified":"2023-07-29T06:29:35","modified_gmt":"2023-07-29T12:29:35","slug":"pachypodium-lamerei-11-pulgadas","status":"publish","type":"product","link":"https:\/\/mundomagnoliophyta.com\/tienda\/pachypodium\/lamerei\/lamerei-11in-1pz\/","title":{"rendered":"Pachypodium Lamerei 11 Pulgadas"},"content":{"rendered":"<p>El Pachypodium Lamerei 11 Pulgadas (Palma Africana o Palma de Madagascar) es un g\u00e9nero de plantas que pertenece a la familia Apocynaceae.<\/p>\n<p>La familia Apocynaceae cuenta con \u00e1rboles y arbustos que, normalmente la mayor\u00eda de sus especies, son plantas que se encuentran en selva tropical. Esta familia, a su vez, pertenece a la divisi\u00f3n de Magnoliophyta, el nombre cient\u00edfico de las Angiospermas. Y que a su vez, las angiospermas, son todas aquellas plantas con flores que producen semillas.<\/p>\n<p>El Pachypodium pertenece entonces a esta gran familia llena de diversidad.<\/p>\n<p>El Pachypodium se ha caracterizado por ser una\u00a0<strong>planta altamente resistente a climas extremos,<\/strong>\u00a0tanto el fr\u00edo como el calor. Capaz de adaptarse a las diferentes estaciones del a\u00f1o. Cabe mencionar que en M\u00e9xico, con sus diversos climas, el Pachypodium se puede adaptar para vivir y desarrollarse en casi cualquier regi\u00f3n del pa\u00eds.<\/p>\n<p>Como lo hemos mencionado en\u00a0<a href=\"https:\/\/mundomagnoliophyta.com\/cuales-son-las-variedades-de-pachypodium\/\" target=\"_blank\" rel=\"noopener noreferrer\">un art\u00edculo<\/a>, la planta de\u00a0<strong>Pachypodium es originaria del pa\u00eds de Madagascar, \u00c1frica<\/strong>. Un lugar des\u00e9rtico en la gran mayor\u00eda de su extensi\u00f3n territorial. Donde la planta crece y se adapta a los climas extremos que el desierto propicia en sus diferentes \u00e9pocas del a\u00f1o.<\/p>\n<p>&nbsp;<\/p>\n<h2>Caracter\u00edsticas del Pachypodium Lamerei 11&#8243;.<\/h2>\n<p>Altura total (promedio): 100cm.<\/p>\n<p>Altura solo del tallo y el follaje (promedio): 80cm.<\/p>\n<p>*La altura es promedio ya que cada planta es \u00fanica, puede haber ligeras variaciones en tama\u00f1o y presentaci\u00f3n visual.<\/p>\n<p>&nbsp;<\/p>\n<h2>Lugar ideal.<\/h2>\n<p>Para esta planta se recomiendan colocarla en un lugar donde reciba el sol ya sea de la ma\u00f1ana o de la tarde. Tambi\u00e9n es ideal colocarla en un domo. Ya que el calor y el sol es un elemento principal para un buen desarrollo y crecimiento de la planta.<\/p>\n<p>&nbsp;<\/p>\n<h2>Riego.<\/h2>\n<p>Al colocar la planta en estas condiciones, se recomienda regarla con agua a diario. En temporadas de lluvia y de invierno, el riego puede disminuir a \u00a03 veces por semana. Dependiendo c\u00f3mo se observe la humedad en la tierra de la planta.<\/p>\n<p>&nbsp;<\/p>\n<h2>Vida Adulta.<\/h2>\n<p>La vida adulta del Pachypodium Lamerei 5 Pulgadas. \u00bfC\u00f3mo es? Se convierte en un arbolito que puede medir entre 3 y 5 metros de altura. Aproximadamente a la edad de 7 u 8 a\u00f1os el Pachypodium Lamerei comienza a florear. Produce un ramillete con flores blancas. Este ramillete de flores puede durar de 3 a 4 meses. La flor sale en la punta del tallo del Pachypodium, posteriormente el tallo (o tronco) se ramifica, normalmente salen 2 ramas (a veces 3 ramas). Por eso es que despu\u00e9s de varias floraciones la planta se llega a convertir en una especie de arbolito ramificado.<\/p>\n<p>Mira a fotograf\u00eda en seguida para que te des una idea de c\u00f3mo es la flor de Pachypodium Lamerei y c\u00f3mo es su forma una vez que alcanza la vida adulta.<\/p>\n<p>&nbsp;<\/p>\n<figure id=\"attachment_879\" aria-describedby=\"caption-attachment-879\" style=\"width: 768px\" class=\"wp-caption alignnone\"><a href=\"https:\/\/mundomagnoliophyta.com\/wp-content\/uploads\/2019\/12\/IMG_5906-e1575221532693.jpg\"><img loading=\"lazy\" decoding=\"async\" class=\"size-large wp-image-879\" src=\"https:\/\/mundomagnoliophyta.com\/wp-content\/uploads\/2019\/12\/IMG_5906-e1575221532693-768x1024.jpg\" alt=\"Flor de Pachypodium Lamerei Adulto\" width=\"768\" height=\"1024\" \/><\/a><figcaption id=\"caption-attachment-879\" class=\"wp-caption-text\">Foto de la flor blanca de un Pachypodium Lamerei.<\/figcaption><\/figure>\n<p>&nbsp;<\/p>\n<figure id=\"attachment_561\" aria-describedby=\"caption-attachment-561\" style=\"width: 768px\" class=\"wp-caption alignnone\"><a href=\"https:\/\/mundomagnoliophyta.com\/wp-content\/uploads\/2019\/10\/IMG_5541-e1569903156255.jpg\"><img loading=\"lazy\" decoding=\"async\" class=\"wp-image-561 size-large\" src=\"https:\/\/mundomagnoliophyta.com\/wp-content\/uploads\/2019\/10\/IMG_5541-768x1024.jpg\" alt=\"Pachypodium Lamerei Adulto.\" width=\"768\" height=\"1024\" \/><\/a><figcaption id=\"caption-attachment-561\" class=\"wp-caption-text\">Foto de un Pachypodium Lamerei Adulto. Este es el aspecto que puede llegar a tomar en su vida adulta. Este ejemplar tiene aproximadamente 15 a\u00f1os de edad.<\/figcaption><\/figure>\n<h2>\u00bfTienes dudas?<\/h2>\n<p>[wpforms id=\u00bb3788&#8243; title=\u00bbfalse\u00bb description=\u00bbtrue\u00bb]<\/p>\n<p>&nbsp;<\/p>\n","protected":false},"excerpt":{"rendered":"<ul>\n<li style=\"color: #2e9b03;\">Compra segura y protegida con SSL.<\/li>\n<li style=\"color: #2e9b03;\">Paga en OXXO, con Tarjeta o Transferencia.<\/li>\n<li style=\"color: #2e9b03;\">Recibe el producto que esperas o te devolvemos tu dinero.<\/li>\n<li><strong>Escr\u00edbenos haciendo <a href=\"https:\/\/mundomagnoliophyta.com\/contacto\/\">clic aqu\u00ed si deseas comprar este producto<\/a>.<\/strong><\/li>\n<\/ul>\n","protected":false},"featured_media":65,"template":"","meta":[],"product_brand":[],"product_cat":[18],"product_tag":[19],"class_list":{"0":"post-21","1":"product","2":"type-product","3":"status-publish","4":"has-post-thumbnail","6":"product_cat-lamerei","7":"product_tag-especies-de-pachypodium","9":"first","10":"outofstock","11":"sold-individually","12":"shipping-taxable","13":"purchasable","14":"product-type-simple"},"yoast_head":"<!-- This site is optimized with the Yoast SEO plugin v25.4 - https:\/\/yoast.com\/wordpress\/plugins\/seo\/ -->\n<title>Pachypodium Lamerei 11 Pulgadas - Tienda Vivero Magnoliophyta<\/title>\n<meta name=\"description\" content=\"Compra aqu\u00ed Pachypodium Lamerei 11 Pulgadas. Descubre precios y diferentes tama\u00f1os de esta variedad de Pachypodium \u00fanica en el mundo.\" \/>\n<meta name=\"robots\" content=\"noindex, nofollow\" \/>\n<meta property=\"og:locale\" content=\"es_ES\" \/>\n<meta property=\"og:type\" content=\"article\" \/>\n<meta property=\"og:title\" content=\"Pachypodium Lamerei 11 Pulgadas - Tienda Vivero Magnoliophyta\" \/>\n<meta property=\"og:description\" content=\"Compra aqu\u00ed Pachypodium Lamerei 11 Pulgadas. Descubre precios y diferentes tama\u00f1os de esta variedad de Pachypodium \u00fanica en el mundo.\" \/>\n<meta property=\"og:url\" content=\"https:\/\/mundomagnoliophyta.com\/tienda\/pachypodium\/lamerei\/lamerei-11in-1pz\/\" \/>\n<meta property=\"og:site_name\" content=\"Tienda Vivero Magnoliophyta\" \/>\n<meta property=\"article:modified_time\" content=\"2023-07-29T12:29:35+00:00\" \/>\n<meta property=\"og:image\" content=\"https:\/\/mundomagnoliophyta.com\/tienda\/wp-content\/uploads\/2023\/07\/Pachypodium-Lamerei-11-pulgadas-1-11.jpg\" \/>\n\t<meta property=\"og:image:width\" content=\"835\" \/>\n\t<meta property=\"og:image:height\" content=\"620\" \/>\n\t<meta property=\"og:image:type\" content=\"image\/jpeg\" \/>\n<meta name=\"twitter:card\" content=\"summary_large_image\" \/>\n<meta name=\"twitter:label1\" content=\"Tiempo de lectura\" \/>\n\t<meta name=\"twitter:data1\" content=\"3 minutos\" \/>\n<script type=\"application\/ld+json\" class=\"yoast-schema-graph\">{\"@context\":\"https:\/\/schema.org\",\"@graph\":[{\"@type\":\"WebPage\",\"@id\":\"https:\/\/mundomagnoliophyta.com\/tienda\/pachypodium\/lamerei\/lamerei-11in-1pz\/\",\"url\":\"https:\/\/mundomagnoliophyta.com\/tienda\/pachypodium\/lamerei\/lamerei-11in-1pz\/\",\"name\":\"Pachypodium Lamerei 11 Pulgadas - Tienda Vivero Magnoliophyta\",\"isPartOf\":{\"@id\":\"https:\/\/mundomagnoliophyta.com\/tienda\/#website\"},\"primaryImageOfPage\":{\"@id\":\"https:\/\/mundomagnoliophyta.com\/tienda\/pachypodium\/lamerei\/lamerei-11in-1pz\/#primaryimage\"},\"image\":{\"@id\":\"https:\/\/mundomagnoliophyta.com\/tienda\/pachypodium\/lamerei\/lamerei-11in-1pz\/#primaryimage\"},\"thumbnailUrl\":\"https:\/\/mundomagnoliophyta.com\/tienda\/wp-content\/uploads\/2023\/07\/Pachypodium-Lamerei-11-pulgadas-1-11.jpg\",\"datePublished\":\"2023-07-28T06:31:08+00:00\",\"dateModified\":\"2023-07-29T12:29:35+00:00\",\"description\":\"Compra aqu\u00ed Pachypodium Lamerei 11 Pulgadas. Descubre precios y diferentes tama\u00f1os de esta variedad de Pachypodium \u00fanica en el mundo.\",\"breadcrumb\":{\"@id\":\"https:\/\/mundomagnoliophyta.com\/tienda\/pachypodium\/lamerei\/lamerei-11in-1pz\/#breadcrumb\"},\"inLanguage\":\"es\",\"potentialAction\":[{\"@type\":\"ReadAction\",\"target\":[\"https:\/\/mundomagnoliophyta.com\/tienda\/pachypodium\/lamerei\/lamerei-11in-1pz\/\"]}]},{\"@type\":\"ImageObject\",\"inLanguage\":\"es\",\"@id\":\"https:\/\/mundomagnoliophyta.com\/tienda\/pachypodium\/lamerei\/lamerei-11in-1pz\/#primaryimage\",\"url\":\"https:\/\/mundomagnoliophyta.com\/tienda\/wp-content\/uploads\/2023\/07\/Pachypodium-Lamerei-11-pulgadas-1-11.jpg\",\"contentUrl\":\"https:\/\/mundomagnoliophyta.com\/tienda\/wp-content\/uploads\/2023\/07\/Pachypodium-Lamerei-11-pulgadas-1-11.jpg\",\"width\":835,\"height\":620},{\"@type\":\"BreadcrumbList\",\"@id\":\"https:\/\/mundomagnoliophyta.com\/tienda\/pachypodium\/lamerei\/lamerei-11in-1pz\/#breadcrumb\",\"itemListElement\":[{\"@type\":\"ListItem\",\"position\":1,\"name\":\"Portada\",\"item\":\"https:\/\/mundomagnoliophyta.com\/tienda\/\"},{\"@type\":\"ListItem\",\"position\":2,\"name\":\"Tienda\",\"item\":\"https:\/\/mundomagnoliophyta.com\/tienda\/tienda\/\"},{\"@type\":\"ListItem\",\"position\":3,\"name\":\"Pachypodium Lamerei 11 Pulgadas\"}]},{\"@type\":\"WebSite\",\"@id\":\"https:\/\/mundomagnoliophyta.com\/tienda\/#website\",\"url\":\"https:\/\/mundomagnoliophyta.com\/tienda\/\",\"name\":\"Tienda Vivero Magnoliophyta\",\"description\":\"Tienda de Pachypodium, Echeveria Laui, Grusonii y Adenium\",\"publisher\":{\"@id\":\"https:\/\/mundomagnoliophyta.com\/tienda\/#organization\"},\"potentialAction\":[{\"@type\":\"SearchAction\",\"target\":{\"@type\":\"EntryPoint\",\"urlTemplate\":\"https:\/\/mundomagnoliophyta.com\/tienda\/?s={search_term_string}\"},\"query-input\":{\"@type\":\"PropertyValueSpecification\",\"valueRequired\":true,\"valueName\":\"search_term_string\"}}],\"inLanguage\":\"es\"},{\"@type\":\"Organization\",\"@id\":\"https:\/\/mundomagnoliophyta.com\/tienda\/#organization\",\"name\":\"Tienda Vivero Magnoliophyta\",\"url\":\"https:\/\/mundomagnoliophyta.com\/tienda\/\",\"logo\":{\"@type\":\"ImageObject\",\"inLanguage\":\"es\",\"@id\":\"https:\/\/mundomagnoliophyta.com\/tienda\/#\/schema\/logo\/image\/\",\"url\":\"https:\/\/mundomagnoliophyta.com\/tienda\/wp-content\/uploads\/2023\/07\/Logo-Magnoliophyta-web.png\",\"contentUrl\":\"https:\/\/mundomagnoliophyta.com\/tienda\/wp-content\/uploads\/2023\/07\/Logo-Magnoliophyta-web.png\",\"width\":331,\"height\":71,\"caption\":\"Tienda Vivero Magnoliophyta\"},\"image\":{\"@id\":\"https:\/\/mundomagnoliophyta.com\/tienda\/#\/schema\/logo\/image\/\"}}]}<\/script>\n<!-- \/ Yoast SEO plugin. -->","yoast_head_json":{"title":"Pachypodium Lamerei 11 Pulgadas - Tienda Vivero Magnoliophyta","description":"Compra aqu\u00ed Pachypodium Lamerei 11 Pulgadas. Descubre precios y diferentes tama\u00f1os de esta variedad de Pachypodium \u00fanica en el mundo.","robots":{"index":"noindex","follow":"nofollow"},"og_locale":"es_ES","og_type":"article","og_title":"Pachypodium Lamerei 11 Pulgadas - Tienda Vivero Magnoliophyta","og_description":"Compra aqu\u00ed Pachypodium Lamerei 11 Pulgadas. Descubre precios y diferentes tama\u00f1os de esta variedad de Pachypodium \u00fanica en el mundo.","og_url":"https:\/\/mundomagnoliophyta.com\/tienda\/pachypodium\/lamerei\/lamerei-11in-1pz\/","og_site_name":"Tienda Vivero Magnoliophyta","article_modified_time":"2023-07-29T12:29:35+00:00","og_image":[{"width":835,"height":620,"url":"https:\/\/mundomagnoliophyta.com\/tienda\/wp-content\/uploads\/2023\/07\/Pachypodium-Lamerei-11-pulgadas-1-11.jpg","type":"image\/jpeg"}],"twitter_card":"summary_large_image","twitter_misc":{"Tiempo de lectura":"3 minutos"},"schema":{"@context":"https:\/\/schema.org","@graph":[{"@type":"WebPage","@id":"https:\/\/mundomagnoliophyta.com\/tienda\/pachypodium\/lamerei\/lamerei-11in-1pz\/","url":"https:\/\/mundomagnoliophyta.com\/tienda\/pachypodium\/lamerei\/lamerei-11in-1pz\/","name":"Pachypodium Lamerei 11 Pulgadas - Tienda Vivero Magnoliophyta","isPartOf":{"@id":"https:\/\/mundomagnoliophyta.com\/tienda\/#website"},"primaryImageOfPage":{"@id":"https:\/\/mundomagnoliophyta.com\/tienda\/pachypodium\/lamerei\/lamerei-11in-1pz\/#primaryimage"},"image":{"@id":"https:\/\/mundomagnoliophyta.com\/tienda\/pachypodium\/lamerei\/lamerei-11in-1pz\/#primaryimage"},"thumbnailUrl":"https:\/\/mundomagnoliophyta.com\/tienda\/wp-content\/uploads\/2023\/07\/Pachypodium-Lamerei-11-pulgadas-1-11.jpg","datePublished":"2023-07-28T06:31:08+00:00","dateModified":"2023-07-29T12:29:35+00:00","description":"Compra aqu\u00ed Pachypodium Lamerei 11 Pulgadas. Descubre precios y diferentes tama\u00f1os de esta variedad de Pachypodium \u00fanica en el mundo.","breadcrumb":{"@id":"https:\/\/mundomagnoliophyta.com\/tienda\/pachypodium\/lamerei\/lamerei-11in-1pz\/#breadcrumb"},"inLanguage":"es","potentialAction":[{"@type":"ReadAction","target":["https:\/\/mundomagnoliophyta.com\/tienda\/pachypodium\/lamerei\/lamerei-11in-1pz\/"]}]},{"@type":"ImageObject","inLanguage":"es","@id":"https:\/\/mundomagnoliophyta.com\/tienda\/pachypodium\/lamerei\/lamerei-11in-1pz\/#primaryimage","url":"https:\/\/mundomagnoliophyta.com\/tienda\/wp-content\/uploads\/2023\/07\/Pachypodium-Lamerei-11-pulgadas-1-11.jpg","contentUrl":"https:\/\/mundomagnoliophyta.com\/tienda\/wp-content\/uploads\/2023\/07\/Pachypodium-Lamerei-11-pulgadas-1-11.jpg","width":835,"height":620},{"@type":"BreadcrumbList","@id":"https:\/\/mundomagnoliophyta.com\/tienda\/pachypodium\/lamerei\/lamerei-11in-1pz\/#breadcrumb","itemListElement":[{"@type":"ListItem","position":1,"name":"Portada","item":"https:\/\/mundomagnoliophyta.com\/tienda\/"},{"@type":"ListItem","position":2,"name":"Tienda","item":"https:\/\/mundomagnoliophyta.com\/tienda\/tienda\/"},{"@type":"ListItem","position":3,"name":"Pachypodium Lamerei 11 Pulgadas"}]},{"@type":"WebSite","@id":"https:\/\/mundomagnoliophyta.com\/tienda\/#website","url":"https:\/\/mundomagnoliophyta.com\/tienda\/","name":"Tienda Vivero Magnoliophyta","description":"Tienda de Pachypodium, Echeveria Laui, Grusonii y Adenium","publisher":{"@id":"https:\/\/mundomagnoliophyta.com\/tienda\/#organization"},"potentialAction":[{"@type":"SearchAction","target":{"@type":"EntryPoint","urlTemplate":"https:\/\/mundomagnoliophyta.com\/tienda\/?s={search_term_string}"},"query-input":{"@type":"PropertyValueSpecification","valueRequired":true,"valueName":"search_term_string"}}],"inLanguage":"es"},{"@type":"Organization","@id":"https:\/\/mundomagnoliophyta.com\/tienda\/#organization","name":"Tienda Vivero Magnoliophyta","url":"https:\/\/mundomagnoliophyta.com\/tienda\/","logo":{"@type":"ImageObject","inLanguage":"es","@id":"https:\/\/mundomagnoliophyta.com\/tienda\/#\/schema\/logo\/image\/","url":"https:\/\/mundomagnoliophyta.com\/tienda\/wp-content\/uploads\/2023\/07\/Logo-Magnoliophyta-web.png","contentUrl":"https:\/\/mundomagnoliophyta.com\/tienda\/wp-content\/uploads\/2023\/07\/Logo-Magnoliophyta-web.png","width":331,"height":71,"caption":"Tienda Vivero Magnoliophyta"},"image":{"@id":"https:\/\/mundomagnoliophyta.com\/tienda\/#\/schema\/logo\/image\/"}}]}},"_links":{"self":[{"href":"https:\/\/mundomagnoliophyta.com\/tienda\/wp-json\/wp\/v2\/product\/21","targetHints":{"allow":["GET"]}}],"collection":[{"href":"https:\/\/mundomagnoliophyta.com\/tienda\/wp-json\/wp\/v2\/product"}],"about":[{"href":"https:\/\/mundomagnoliophyta.com\/tienda\/wp-json\/wp\/v2\/types\/product"}],"wp:featuredmedia":[{"embeddable":true,"href":"https:\/\/mundomagnoliophyta.com\/tienda\/wp-json\/wp\/v2\/media\/65"}],"wp:attachment":[{"href":"https:\/\/mundomagnoliophyta.com\/tienda\/wp-json\/wp\/v2\/media?parent=21"}],"wp:term":[{"taxonomy":"product_brand","embeddable":true,"href":"https:\/\/mundomagnoliophyta.com\/tienda\/wp-json\/wp\/v2\/product_brand?post=21"},{"taxonomy":"product_cat","embeddable":true,"href":"https:\/\/mundomagnoliophyta.com\/tienda\/wp-json\/wp\/v2\/product_cat?post=21"},{"taxonomy":"product_tag","embeddable":true,"href":"https:\/\/mundomagnoliophyta.com\/tienda\/wp-json\/wp\/v2\/product_tag?post=21"}],"curies":[{"name":"wp","href":"https:\/\/api.w.org\/{rel}","templated":true}]}}