{"id":200,"date":"2023-07-28T06:35:56","date_gmt":"2023-07-28T06:35:56","guid":{"rendered":"https:\/\/mundomagnoliophyta.com\/tienda\/?post_type=product&#038;p=200"},"modified":"2023-07-29T06:04:20","modified_gmt":"2023-07-29T12:04:20","slug":"pachypodium-geayi-8-pulgadas-1-pieza","status":"publish","type":"product","link":"https:\/\/mundomagnoliophyta.com\/tienda\/pachypodium\/geayi\/geayi-8in-1pz\/","title":{"rendered":"Pachypodium Geayi 8 Pulgadas &#8211; 1 Pieza"},"content":{"rendered":"<p>El Pachypodium Geayi 8 Pulgadas (Cactus Africano, Cactus de Madagascar o Pachypodium de Flor Blanca) es un g\u00e9nero de plantas que pertenece a la familia Apocynaceae.<\/p>\n<p><strong>IMPORTANTE:<\/strong><\/p>\n<p><strong>\u00bfQu\u00e9 incluye?<\/strong> 1 Pieza de Pachypodium en presentaci\u00f3n de maceta de 8 Pulgadas.<\/p>\n<p><strong>\u00bfC\u00f3mo se env\u00eda?<\/strong> Este Pachypodium se env\u00eda a ra\u00edz desnuda. As\u00ed se logra disminuir el peso de maceta y tierra para reducir costos de env\u00edo.<\/p>\n<p>La planta se env\u00eda ya tratada, es decir, aplicamos fungicidas para proteger la ra\u00edz de la planta y que te llegue en \u00f3ptimas condiciones.<\/p>\n<p>Esta planta es caducifolia, quiere decir que de forma natural pierde su follaje en oto\u00f1o\/invierno. En primavera\/verano tiene follaje. Como cualquier otra planta, al momento de empacarla y enviarla, puede perder follaje, esto es normal cuando se env\u00edan por paqueter\u00eda. Eso no afecta a la planta en lo m\u00e1s m\u00ednimo. Tu planta no va a morir durante el tiempo de traslado. Hemos mantenido en tr\u00e1nsito a estas plantas hasta por 20 d\u00edas y no mueren. Son muy resistentes.<\/p>\n<h2>\u00bfQu\u00e9 hacer cuando recibo mi planta?<\/h2>\n<p>Si recibes tu planta a ra\u00edz desnuda, lo que vas a hacer una vez que recibes el paquete es lo siguiente:<br \/>\n1.- Abrir el paquete y sacar las plantas.<br \/>\n2.- Si recibes tus plantas a ra\u00edz desnuda entonces las vas a rociar con abundante agua hasta empaparlas. Si recibes tus plantas con maceta las vas a regar con abundante agua. Dejarlas reposar un par de horas bajo la sombra. Esto les ayuda a aclimatarse al nuevo ambiente del lugar donde te encuentras.<br \/>\n3.- Envasar tu planta. Nosotros utilizamos un sustrato preparado con las siguientes porciones de materiales: 50% Tierra negra, 25% Tepojal y 25% Tierra de hoja. Procura envasarla en una maceta proporcional a su tama\u00f1o. Puedes usar maceta de pl\u00e1stico o del material de tu preferencia.<br \/>\n4.- Regarla con abundante agua a diario para que se vaya rehidratando.<\/p>\n<p><strong>Sugerencias extras (independientemente si la recibes en maceta o a ra\u00edz desnuda):<\/strong><br \/>\nEn la primer semana en que hayas recibido tu planta sugerimos lo siguiente.<br \/>\n1.- Aplicar fungicida. Este es un preventivo. Lo vas a aplicar 1 vez por semana. Durante un periodo de 1 mes. Por lo tanto vas a aplicarlo 4 veces en todo el mes. Elige el fungicida de tu preferencia. Esto es simplemente por prevenci\u00f3n. No importa si no lo aplicas.<\/p>\n<p>2.- Aplicar enraizador. Este es para darle un impulso a tu planta. Lo vas a aplicar 1 vez cada 2 semanas. Durante un periodo de 1 mes. Por lo tanto vas a aplicarlo 2 veces en todo el mes. Elige el fungicida de tu preferencia. Esto es simplemente para impulsar a la planta. No importa si no lo aplicas.<\/p>\n<p>&nbsp;<\/p>\n<h2>Descripci\u00f3n del Producto.<\/h2>\n<p>El Pachypodium (Palma Africana o Palma de Madagascar) es un g\u00e9nero de plantas que pertenece a la familia Apocynaceae.<\/p>\n<p>Esta planta es originaria del pa\u00eds del continente<strong> Africano<\/strong>. Un lugar des\u00e9rtico en la gran mayor\u00eda de su extensi\u00f3n territorial. Donde la planta crece y\u00a0<strong>se adapta a los climas extremos<\/strong>\u00a0que el desierto propicia en sus diferentes \u00e9pocas del a\u00f1o.<\/p>\n<p>Somos productores, nos encontramos en el estado de Morelos, M\u00e9xico.<\/p>\n<p><strong>Nombre com\u00fan de esta planta:<\/strong><br \/>\nCactus de Madagascar.<br \/>\nCactus Africano.<br \/>\nPlanta de Madagascar.<br \/>\n\u00c1rbol de Madagascar.<br \/>\nPachy.<\/p>\n<h2>Caracter\u00edsticas del Pachypodium Geayi 8&#8243;.<\/h2>\n<p>Altura total (promedio): 45cm.<\/p>\n<p>Altura solo del tallo y el follaje (promedio): 30cm.<\/p>\n<p>Edad aproximada de este Pachypodium: 7 a\u00f1os.<\/p>\n<p>*La altura es promedio ya que cada planta es \u00fanica, puede haber ligeras variaciones en tama\u00f1o y presentaci\u00f3n visual.<\/p>\n<h2>\u00bfC\u00f3mo es la flor del Pachypodium Geayi 8&#8243;?<\/h2>\n<p>La flor del Pachypodium Geayi es una flor tipo estrella, es de color blanco con una textura tipo cera. Las flores se dan en racimos (ramilletes). En las siguientes im\u00e1genes puedes apreciar la hermosa flor.<\/p>\n<h2>Lugar ideal.<\/h2>\n<p>Para esta planta se recomiendan colocarla en un lugar donde reciba el sol ya sea de la ma\u00f1ana o de la tarde. Tambi\u00e9n es ideal colocarla en un domo. Ya que el calor y el sol es un elemento principal para un buen desarrollo y crecimiento de la planta.<\/p>\n<h2>Riego.<\/h2>\n<p>Al colocar la planta en estas condiciones, se recomienda regarla con agua 3 veces por semana. En temporadas de lluvia y de invierno, el riego puede disminuir a 2 veces por semana. Dependiendo c\u00f3mo se observe la humedad en la tierra de la planta.<\/p>\n<p>&nbsp;<\/p>\n<h2>Vida Adulta del Pachypodium Geayi 8&#8243;.<\/h2>\n<p>La vida adulta del Pachypodium Geayi 8 Pulgadas. <strong>\u00bfC\u00f3mo es?<\/strong><\/p>\n<p>Este es uno de los Pachypodium m\u00e1s<strong>\u00a0espectaculares.<\/strong> Son grandes ejemplares con c\u00e1udices (tallos) anchos y largos.<\/p>\n<p>Se convierte en un gran cactus que puede llegar a medir entre 6 y 8 metros de altura.<\/p>\n<p>Aproximadamente a la edad de 12 a\u00f1os el Pachypodium Geayi va a florecer. Produce ramilletes de flores blancas. Este ramillete de flores puede durar de 3 a 5 meses. La flor sale en la punta del tallo del Pachypodium, posteriormente el tallo (o tronco) se ramifica.<\/p>\n<p>Normalmente salen 2 ramas (a veces 3 ramas). Por eso es que despu\u00e9s de varias floraciones la planta se llega a convertir en un hermoso \u00e1rbol ramificado.<\/p>\n<p>Mira las fotograf\u00edas en seguida para que te des una idea de c\u00f3mo es la flor de Pachypodium Geayi y c\u00f3mo es su forma una vez que alcanza la vida adulta. Puede adornar cualquier espacio o jard\u00edn as\u00ed como hacer lucir cualquier colecci\u00f3n de Cactus.<\/p>\n<figure id=\"attachment_2690\" aria-describedby=\"caption-attachment-2690\" style=\"width: 800px\" class=\"wp-caption alignnone\"><a href=\"https:\/\/mundomagnoliophyta.com\/wp-content\/uploads\/2020\/08\/Pachypodium-Geayi-Adulto-vivero-magnoliophyta.jpg\"><img loading=\"lazy\" decoding=\"async\" class=\"size-full wp-image-2690\" src=\"https:\/\/mundomagnoliophyta.com\/wp-content\/uploads\/2020\/08\/Pachypodium-Geayi-Adulto-vivero-magnoliophyta.jpg\" alt=\"Pachypodium Geayi en vida adulta - Vivero Magnoliophyta\" width=\"800\" height=\"450\" \/><\/a><figcaption id=\"caption-attachment-2690\" class=\"wp-caption-text\">\u00bfC\u00f3mo crece el Pachypodium Geayi? Aqu\u00ed observamos algunos ejemplares de m\u00e1s de 15 a\u00f1os de edad.<\/figcaption><\/figure>\n<p>&nbsp;<\/p>\n<figure id=\"attachment_2692\" aria-describedby=\"caption-attachment-2692\" style=\"width: 800px\" class=\"wp-caption alignnone\"><a href=\"https:\/\/mundomagnoliophyta.com\/wp-content\/uploads\/2020\/08\/Venta-de-Pachypodium-Geayi-M\u00e9xico-Vivero-Magnoliophyta.jpg\"><img loading=\"lazy\" decoding=\"async\" class=\"size-full wp-image-2692\" src=\"https:\/\/mundomagnoliophyta.com\/wp-content\/uploads\/2020\/08\/Venta-de-Pachypodium-Geayi-M\u00e9xico-Vivero-Magnoliophyta.jpg\" alt=\"Ejemplares adultos de Pachypodium Geayi - Vivero Magnoliophyta\" width=\"800\" height=\"450\" \/><\/a><figcaption id=\"caption-attachment-2692\" class=\"wp-caption-text\">\u00bfC\u00f3mo ramifica el Pachypodium Geayi? Ejemplo de ramificaci\u00f3n de Pachypodium Geayi.<\/figcaption><\/figure>\n<h2>\u00bfTienes dudas?<\/h2>\n<p>[wpforms id=\u00bb3788&#8243; title=\u00bbfalse\u00bb description=\u00bbtrue\u00bb]<\/p>\n<p>&nbsp;<\/p>\n<p><strong>S\u00edguenos y descubre m\u00e1s productos nuevos.<\/strong><\/p>\n<p><a href=\"https:\/\/www.facebook.com\/mmagnoliophyta\/\">Facebook\u00a0<\/a>\u2013\u00a0<a href=\"https:\/\/www.instagram.com\/mmagnoliophyta\/\">Instagram\u00a0<\/a>\u2013\u00a0<a href=\"https:\/\/www.pinterest.com.mx\/mmagnoliophyta\/\">Pinterest<\/a>\u00a0\u2013\u00a0<a href=\"https:\/\/www.youtube.com\/channel\/UCKtWWE_lBszDJG5eNf_XrEg\">Youtube.<\/a><\/p>\n","protected":false},"excerpt":{"rendered":"<ul>\n<li style=\"color: #2e9b03;\">Compra segura y protegida con SSL.<\/li>\n<li style=\"color: #2e9b03;\">Paga en OXXO, con Tarjeta o Transferencia.<\/li>\n<li style=\"color: #2e9b03;\">Recibe el producto que esperas o te devolvemos tu dinero.<\/li>\n<li><strong>Escr\u00edbenos haciendo <a href=\"https:\/\/mundomagnoliophyta.com\/contacto\/\">clic aqu\u00ed si deseas comprar este producto<\/a>.<\/strong><\/li>\n<\/ul>\n","protected":false},"featured_media":215,"template":"","meta":[],"product_brand":[],"product_cat":[38],"product_tag":[19],"class_list":{"0":"post-200","1":"product","2":"type-product","3":"status-publish","4":"has-post-thumbnail","6":"product_cat-geayi","7":"product_tag-especies-de-pachypodium","9":"first","10":"outofstock","11":"sold-individually","12":"shipping-taxable","13":"purchasable","14":"product-type-simple"},"yoast_head":"<!-- This site is optimized with the Yoast SEO plugin v25.4 - https:\/\/yoast.com\/wordpress\/plugins\/seo\/ -->\n<title>Pachypodium Geayi 8 Pulgadas - 1 Pieza - Compra aqu\u00ed.<\/title>\n<meta name=\"description\" content=\"Venta de Pachypodium Geayi 8 Pulgadas. Descubre diferentes precios y tama\u00f1os. Compra esta Planta Africana. Entra aqu\u00ed ahora!\" \/>\n<meta name=\"robots\" content=\"noindex, nofollow\" \/>\n<meta property=\"og:locale\" content=\"es_ES\" \/>\n<meta property=\"og:type\" content=\"article\" \/>\n<meta property=\"og:title\" content=\"Pachypodium Geayi 8 Pulgadas - 1 Pieza - Compra aqu\u00ed.\" \/>\n<meta property=\"og:description\" content=\"Venta de Pachypodium Geayi 8 Pulgadas. Descubre diferentes precios y tama\u00f1os. Compra esta Planta Africana. Entra aqu\u00ed ahora!\" \/>\n<meta property=\"og:url\" content=\"https:\/\/mundomagnoliophyta.com\/tienda\/pachypodium\/geayi\/geayi-8in-1pz\/\" \/>\n<meta property=\"og:site_name\" content=\"Tienda Vivero Magnoliophyta\" \/>\n<meta property=\"article:modified_time\" content=\"2023-07-29T12:04:20+00:00\" \/>\n<meta property=\"og:image\" content=\"https:\/\/mundomagnoliophyta.com\/tienda\/wp-content\/uploads\/2023\/07\/Pachypodium-Geayi-Vivero-Magnoliophyta-Web-11.jpg\" \/>\n\t<meta property=\"og:image:width\" content=\"2084\" \/>\n\t<meta property=\"og:image:height\" content=\"1545\" \/>\n\t<meta property=\"og:image:type\" content=\"image\/jpeg\" \/>\n<meta name=\"twitter:card\" content=\"summary_large_image\" \/>\n<meta name=\"twitter:label1\" content=\"Tiempo de lectura\" \/>\n\t<meta name=\"twitter:data1\" content=\"5 minutos\" \/>\n<script type=\"application\/ld+json\" class=\"yoast-schema-graph\">{\"@context\":\"https:\/\/schema.org\",\"@graph\":[{\"@type\":\"WebPage\",\"@id\":\"https:\/\/mundomagnoliophyta.com\/tienda\/pachypodium\/geayi\/geayi-8in-1pz\/\",\"url\":\"https:\/\/mundomagnoliophyta.com\/tienda\/pachypodium\/geayi\/geayi-8in-1pz\/\",\"name\":\"Pachypodium Geayi 8 Pulgadas - 1 Pieza - Compra aqu\u00ed.\",\"isPartOf\":{\"@id\":\"https:\/\/mundomagnoliophyta.com\/tienda\/#website\"},\"primaryImageOfPage\":{\"@id\":\"https:\/\/mundomagnoliophyta.com\/tienda\/pachypodium\/geayi\/geayi-8in-1pz\/#primaryimage\"},\"image\":{\"@id\":\"https:\/\/mundomagnoliophyta.com\/tienda\/pachypodium\/geayi\/geayi-8in-1pz\/#primaryimage\"},\"thumbnailUrl\":\"https:\/\/mundomagnoliophyta.com\/tienda\/wp-content\/uploads\/2023\/07\/Pachypodium-Geayi-Vivero-Magnoliophyta-Web-11.jpg\",\"datePublished\":\"2023-07-28T06:35:56+00:00\",\"dateModified\":\"2023-07-29T12:04:20+00:00\",\"description\":\"Venta de Pachypodium Geayi 8 Pulgadas. Descubre diferentes precios y tama\u00f1os. Compra esta Planta Africana. Entra aqu\u00ed ahora!\",\"breadcrumb\":{\"@id\":\"https:\/\/mundomagnoliophyta.com\/tienda\/pachypodium\/geayi\/geayi-8in-1pz\/#breadcrumb\"},\"inLanguage\":\"es\",\"potentialAction\":[{\"@type\":\"ReadAction\",\"target\":[\"https:\/\/mundomagnoliophyta.com\/tienda\/pachypodium\/geayi\/geayi-8in-1pz\/\"]}]},{\"@type\":\"ImageObject\",\"inLanguage\":\"es\",\"@id\":\"https:\/\/mundomagnoliophyta.com\/tienda\/pachypodium\/geayi\/geayi-8in-1pz\/#primaryimage\",\"url\":\"https:\/\/mundomagnoliophyta.com\/tienda\/wp-content\/uploads\/2023\/07\/Pachypodium-Geayi-Vivero-Magnoliophyta-Web-11.jpg\",\"contentUrl\":\"https:\/\/mundomagnoliophyta.com\/tienda\/wp-content\/uploads\/2023\/07\/Pachypodium-Geayi-Vivero-Magnoliophyta-Web-11.jpg\",\"width\":2084,\"height\":1545},{\"@type\":\"BreadcrumbList\",\"@id\":\"https:\/\/mundomagnoliophyta.com\/tienda\/pachypodium\/geayi\/geayi-8in-1pz\/#breadcrumb\",\"itemListElement\":[{\"@type\":\"ListItem\",\"position\":1,\"name\":\"Portada\",\"item\":\"https:\/\/mundomagnoliophyta.com\/tienda\/\"},{\"@type\":\"ListItem\",\"position\":2,\"name\":\"Tienda\",\"item\":\"https:\/\/mundomagnoliophyta.com\/tienda\/tienda\/\"},{\"@type\":\"ListItem\",\"position\":3,\"name\":\"Pachypodium Geayi 8 Pulgadas &#8211; 1 Pieza\"}]},{\"@type\":\"WebSite\",\"@id\":\"https:\/\/mundomagnoliophyta.com\/tienda\/#website\",\"url\":\"https:\/\/mundomagnoliophyta.com\/tienda\/\",\"name\":\"Tienda Vivero Magnoliophyta\",\"description\":\"Tienda de Pachypodium, Echeveria Laui, Grusonii y Adenium\",\"publisher\":{\"@id\":\"https:\/\/mundomagnoliophyta.com\/tienda\/#organization\"},\"potentialAction\":[{\"@type\":\"SearchAction\",\"target\":{\"@type\":\"EntryPoint\",\"urlTemplate\":\"https:\/\/mundomagnoliophyta.com\/tienda\/?s={search_term_string}\"},\"query-input\":{\"@type\":\"PropertyValueSpecification\",\"valueRequired\":true,\"valueName\":\"search_term_string\"}}],\"inLanguage\":\"es\"},{\"@type\":\"Organization\",\"@id\":\"https:\/\/mundomagnoliophyta.com\/tienda\/#organization\",\"name\":\"Tienda Vivero Magnoliophyta\",\"url\":\"https:\/\/mundomagnoliophyta.com\/tienda\/\",\"logo\":{\"@type\":\"ImageObject\",\"inLanguage\":\"es\",\"@id\":\"https:\/\/mundomagnoliophyta.com\/tienda\/#\/schema\/logo\/image\/\",\"url\":\"https:\/\/mundomagnoliophyta.com\/tienda\/wp-content\/uploads\/2023\/07\/Logo-Magnoliophyta-web.png\",\"contentUrl\":\"https:\/\/mundomagnoliophyta.com\/tienda\/wp-content\/uploads\/2023\/07\/Logo-Magnoliophyta-web.png\",\"width\":331,\"height\":71,\"caption\":\"Tienda Vivero Magnoliophyta\"},\"image\":{\"@id\":\"https:\/\/mundomagnoliophyta.com\/tienda\/#\/schema\/logo\/image\/\"}}]}<\/script>\n<!-- \/ Yoast SEO plugin. -->","yoast_head_json":{"title":"Pachypodium Geayi 8 Pulgadas - 1 Pieza - Compra aqu\u00ed.","description":"Venta de Pachypodium Geayi 8 Pulgadas. Descubre diferentes precios y tama\u00f1os. Compra esta Planta Africana. Entra aqu\u00ed ahora!","robots":{"index":"noindex","follow":"nofollow"},"og_locale":"es_ES","og_type":"article","og_title":"Pachypodium Geayi 8 Pulgadas - 1 Pieza - Compra aqu\u00ed.","og_description":"Venta de Pachypodium Geayi 8 Pulgadas. Descubre diferentes precios y tama\u00f1os. Compra esta Planta Africana. Entra aqu\u00ed ahora!","og_url":"https:\/\/mundomagnoliophyta.com\/tienda\/pachypodium\/geayi\/geayi-8in-1pz\/","og_site_name":"Tienda Vivero Magnoliophyta","article_modified_time":"2023-07-29T12:04:20+00:00","og_image":[{"width":2084,"height":1545,"url":"https:\/\/mundomagnoliophyta.com\/tienda\/wp-content\/uploads\/2023\/07\/Pachypodium-Geayi-Vivero-Magnoliophyta-Web-11.jpg","type":"image\/jpeg"}],"twitter_card":"summary_large_image","twitter_misc":{"Tiempo de lectura":"5 minutos"},"schema":{"@context":"https:\/\/schema.org","@graph":[{"@type":"WebPage","@id":"https:\/\/mundomagnoliophyta.com\/tienda\/pachypodium\/geayi\/geayi-8in-1pz\/","url":"https:\/\/mundomagnoliophyta.com\/tienda\/pachypodium\/geayi\/geayi-8in-1pz\/","name":"Pachypodium Geayi 8 Pulgadas - 1 Pieza - Compra aqu\u00ed.","isPartOf":{"@id":"https:\/\/mundomagnoliophyta.com\/tienda\/#website"},"primaryImageOfPage":{"@id":"https:\/\/mundomagnoliophyta.com\/tienda\/pachypodium\/geayi\/geayi-8in-1pz\/#primaryimage"},"image":{"@id":"https:\/\/mundomagnoliophyta.com\/tienda\/pachypodium\/geayi\/geayi-8in-1pz\/#primaryimage"},"thumbnailUrl":"https:\/\/mundomagnoliophyta.com\/tienda\/wp-content\/uploads\/2023\/07\/Pachypodium-Geayi-Vivero-Magnoliophyta-Web-11.jpg","datePublished":"2023-07-28T06:35:56+00:00","dateModified":"2023-07-29T12:04:20+00:00","description":"Venta de Pachypodium Geayi 8 Pulgadas. Descubre diferentes precios y tama\u00f1os. Compra esta Planta Africana. Entra aqu\u00ed ahora!","breadcrumb":{"@id":"https:\/\/mundomagnoliophyta.com\/tienda\/pachypodium\/geayi\/geayi-8in-1pz\/#breadcrumb"},"inLanguage":"es","potentialAction":[{"@type":"ReadAction","target":["https:\/\/mundomagnoliophyta.com\/tienda\/pachypodium\/geayi\/geayi-8in-1pz\/"]}]},{"@type":"ImageObject","inLanguage":"es","@id":"https:\/\/mundomagnoliophyta.com\/tienda\/pachypodium\/geayi\/geayi-8in-1pz\/#primaryimage","url":"https:\/\/mundomagnoliophyta.com\/tienda\/wp-content\/uploads\/2023\/07\/Pachypodium-Geayi-Vivero-Magnoliophyta-Web-11.jpg","contentUrl":"https:\/\/mundomagnoliophyta.com\/tienda\/wp-content\/uploads\/2023\/07\/Pachypodium-Geayi-Vivero-Magnoliophyta-Web-11.jpg","width":2084,"height":1545},{"@type":"BreadcrumbList","@id":"https:\/\/mundomagnoliophyta.com\/tienda\/pachypodium\/geayi\/geayi-8in-1pz\/#breadcrumb","itemListElement":[{"@type":"ListItem","position":1,"name":"Portada","item":"https:\/\/mundomagnoliophyta.com\/tienda\/"},{"@type":"ListItem","position":2,"name":"Tienda","item":"https:\/\/mundomagnoliophyta.com\/tienda\/tienda\/"},{"@type":"ListItem","position":3,"name":"Pachypodium Geayi 8 Pulgadas &#8211; 1 Pieza"}]},{"@type":"WebSite","@id":"https:\/\/mundomagnoliophyta.com\/tienda\/#website","url":"https:\/\/mundomagnoliophyta.com\/tienda\/","name":"Tienda Vivero Magnoliophyta","description":"Tienda de Pachypodium, Echeveria Laui, Grusonii y Adenium","publisher":{"@id":"https:\/\/mundomagnoliophyta.com\/tienda\/#organization"},"potentialAction":[{"@type":"SearchAction","target":{"@type":"EntryPoint","urlTemplate":"https:\/\/mundomagnoliophyta.com\/tienda\/?s={search_term_string}"},"query-input":{"@type":"PropertyValueSpecification","valueRequired":true,"valueName":"search_term_string"}}],"inLanguage":"es"},{"@type":"Organization","@id":"https:\/\/mundomagnoliophyta.com\/tienda\/#organization","name":"Tienda Vivero Magnoliophyta","url":"https:\/\/mundomagnoliophyta.com\/tienda\/","logo":{"@type":"ImageObject","inLanguage":"es","@id":"https:\/\/mundomagnoliophyta.com\/tienda\/#\/schema\/logo\/image\/","url":"https:\/\/mundomagnoliophyta.com\/tienda\/wp-content\/uploads\/2023\/07\/Logo-Magnoliophyta-web.png","contentUrl":"https:\/\/mundomagnoliophyta.com\/tienda\/wp-content\/uploads\/2023\/07\/Logo-Magnoliophyta-web.png","width":331,"height":71,"caption":"Tienda Vivero Magnoliophyta"},"image":{"@id":"https:\/\/mundomagnoliophyta.com\/tienda\/#\/schema\/logo\/image\/"}}]}},"_links":{"self":[{"href":"https:\/\/mundomagnoliophyta.com\/tienda\/wp-json\/wp\/v2\/product\/200","targetHints":{"allow":["GET"]}}],"collection":[{"href":"https:\/\/mundomagnoliophyta.com\/tienda\/wp-json\/wp\/v2\/product"}],"about":[{"href":"https:\/\/mundomagnoliophyta.com\/tienda\/wp-json\/wp\/v2\/types\/product"}],"wp:featuredmedia":[{"embeddable":true,"href":"https:\/\/mundomagnoliophyta.com\/tienda\/wp-json\/wp\/v2\/media\/215"}],"wp:attachment":[{"href":"https:\/\/mundomagnoliophyta.com\/tienda\/wp-json\/wp\/v2\/media?parent=200"}],"wp:term":[{"taxonomy":"product_brand","embeddable":true,"href":"https:\/\/mundomagnoliophyta.com\/tienda\/wp-json\/wp\/v2\/product_brand?post=200"},{"taxonomy":"product_cat","embeddable":true,"href":"https:\/\/mundomagnoliophyta.com\/tienda\/wp-json\/wp\/v2\/product_cat?post=200"},{"taxonomy":"product_tag","embeddable":true,"href":"https:\/\/mundomagnoliophyta.com\/tienda\/wp-json\/wp\/v2\/product_tag?post=200"}],"curies":[{"name":"wp","href":"https:\/\/api.w.org\/{rel}","templated":true}]}}