{"id":133,"date":"2023-07-28T06:34:05","date_gmt":"2023-07-28T06:34:05","guid":{"rendered":"https:\/\/mundomagnoliophyta.com\/tienda\/?post_type=product&#038;p=133"},"modified":"2023-07-29T06:10:00","modified_gmt":"2023-07-29T12:10:00","slug":"semillas-de-pachypodium-rutenbergianum-30-piezas","status":"publish","type":"product","link":"https:\/\/mundomagnoliophyta.com\/tienda\/pachypodium\/rutenbergianum\/semillas-sofiense-30pz\/","title":{"rendered":"Semillas de Pachypodium Rutenbergianum &#8211; 30 Piezas"},"content":{"rendered":"<p>Venta de semillas de Pachypodium Rutenbergianum. Compra y germina tus propios ejemplares de esta fant\u00e1stica variedad de Palma de Madagascar.<\/p>\n<p>Este <strong>Pachypodium es originario del continente Africano<\/strong>. Un lugar des\u00e9rtico en la gran mayor\u00eda de su extensi\u00f3n territorial. Donde la planta crece y se adapta a los climas extremos que el desierto propicia en sus diferentes \u00e9pocas del a\u00f1o.<\/p>\n<p><strong>Lectura recomendada:<\/strong> <a href=\"https:\/\/mundomagnoliophyta.com\/datos-curiosos-del-pachypodium-rutenbergianum\/\">3 datos curiosos del Pachypodium Rutenbergianum.<\/a><\/p>\n<p>&nbsp;<\/p>\n<h2>Caracter\u00edsticas las Semillas de Pachypodium Rutenbergianum 30 piezas.<\/h2>\n<p>Ancho de la semilla (promedio): 5mm.<\/p>\n<p>Largo de la semilla (promedio): 10mm.<\/p>\n<p>*Estas medidas son promedio, hay variaciones importantes en cada semilla. Aunque son de la misma variedad hay semillas m\u00e1s peque\u00f1as y hay semillas m\u00e1s grandes. Estas medidas no se deben tomar como medidas estrictas de las semillas que vas a recibir. Las medidas aqu\u00ed mostradas son ilustrativas y se colocan para que tengas una mejor referencia de cu\u00e1l es el aspecto y forma de las semillas. Cada semilla es \u00fanica y diferente.<\/p>\n<p>&nbsp;<\/p>\n<h2>Lugar ideal para germinar.<\/h2>\n<p>Bajo un domo o en alg\u00fan lugar donde se sienta calor.<\/p>\n<p>&nbsp;<\/p>\n<h2>Sustrato para germinar.<\/h2>\n<p>Nosotros utilizamos tierra de hoja bien colada.<\/p>\n<h2>Riego.<\/h2>\n<p>Se recomienda que el riego del sustrato sea constante. El sustrato debe estar siempre h\u00famedo para lograr que las semillas germinen.<\/p>\n<h2>\u00bfC\u00f3mo germinar Semillas de Pachypodium?<\/h2>\n<p>Te compartimos este art\u00edculo para que tengas una mejor idea de c\u00f3mo germinar Pachypodium. <a href=\"https:\/\/mundomagnoliophyta.com\/como-germina-el-pachypodium-lamerei\/\">Ver art\u00edculo aqu\u00ed.<\/a><\/p>\n<h2>\u00bfC\u00f3mo es el Pachypodium Rutenbergianum en vida adulta?<\/h2>\n<p>Este es uno de los Pachypodium m\u00e1s imponentes y espectaculares. Son grandes ejemplares con c\u00e1udices (tallos) anchos y largos.<\/p>\n<p>Se convierte en un gran \u00e1rbol que puede llegar a medir entre 6 y 8 metros de altura.<\/p>\n<p>Aproximadamente a la edad de 7 a\u00f1os el Pachypodium Rutenbergianum va a florecer. Produce ramilletes de flores blancas. Este ramillete de flores puede durar de 3 a 5 meses. La flor sale en la punta del tallo del Pachypodium, posteriormente el tallo (o tronco) se ramifica.<\/p>\n<p>Normalmente salen 2 ramas (a veces 3 ramas). Por eso es que despu\u00e9s de varias floraciones la planta se llega a convertir en un \u00e1rbol ramificado.<\/p>\n<p>Mira la fotograf\u00eda en seguida para que te des una idea de c\u00f3mo es la flor de Pachypodium Rutenbergianum y c\u00f3mo es su forma una vez que alcanza la vida adulta.<\/p>\n<p>&nbsp;<\/p>\n<figure id=\"attachment_2022\" aria-describedby=\"caption-attachment-2022\" style=\"width: 960px\" class=\"wp-caption alignnone\"><a href=\"https:\/\/mundomagnoliophyta.com\/wp-content\/uploads\/2020\/03\/Flor-del-Pachypodium-Rutenbergianum-Vivero-Magnoliophyta.jpg\"><img loading=\"lazy\" decoding=\"async\" class=\"wp-image-2022 size-full\" src=\"https:\/\/mundomagnoliophyta.com\/wp-content\/uploads\/2020\/03\/Flor-del-Pachypodium-Rutenbergianum-Vivero-Magnoliophyta.jpg\" alt=\"C\u00f3mo es la flor del Pachypodium Rutenbergianum - Vivero Magnoliophyta\" width=\"960\" height=\"960\" \/><\/a><figcaption id=\"caption-attachment-2022\" class=\"wp-caption-text\">Flores de Pachypodium Rutenbergianum.<\/figcaption><\/figure>\n<figure id=\"attachment_2287\" aria-describedby=\"caption-attachment-2287\" style=\"width: 800px\" class=\"wp-caption alignnone\"><a href=\"https:\/\/mundomagnoliophyta.com\/wp-content\/uploads\/2020\/05\/Flores-de-Pachypodium-Rutenbergianum-Vivero-Magnoliophyta.jpg\"><img loading=\"lazy\" decoding=\"async\" class=\"wp-image-2287 size-full\" src=\"https:\/\/mundomagnoliophyta.com\/wp-content\/uploads\/2020\/05\/Flores-de-Pachypodium-Rutenbergianum-Vivero-Magnoliophyta.jpg\" alt=\"Flores de Pachypodium Rutenbergianum.\" width=\"800\" height=\"450\" \/><\/a><figcaption id=\"caption-attachment-2287\" class=\"wp-caption-text\">Flores y ramificaci\u00f3n del Pachypodium Rutenbergianum.<\/figcaption><\/figure>\n<figure id=\"attachment_2288\" aria-describedby=\"caption-attachment-2288\" style=\"width: 800px\" class=\"wp-caption alignnone\"><a href=\"https:\/\/mundomagnoliophyta.com\/wp-content\/uploads\/2020\/05\/Pachypodium-Rutenbergianum-Arboles-adultos-Vivero-Magnoliophyta.jpg\"><img loading=\"lazy\" decoding=\"async\" class=\"wp-image-2288 size-full\" src=\"https:\/\/mundomagnoliophyta.com\/wp-content\/uploads\/2020\/05\/Pachypodium-Rutenbergianum-Arboles-adultos-Vivero-Magnoliophyta.jpg\" alt=\"Pachypodium Rutenbergianum Adulto - Vivero Magnoliophyta.\" width=\"800\" height=\"450\" \/><\/a><figcaption id=\"caption-attachment-2288\" class=\"wp-caption-text\">\u00bfC\u00f3mo crece el Pachypodium Rutenbergianum? Aqu\u00ed se observan plantas madre de aproximadamente 15 a\u00f1os de edad con una altura promedio de 3 metros.<\/figcaption><\/figure>\n<h2>Video.<\/h2>\n<p>Mira el siguiente video donde mostramos las caracter\u00edsticas m\u00e1s especiales del Pachypodium Rutenbergianum.<\/p>\n<p>&nbsp;<\/p>\n<blockquote class=\"embedly-card\">\n<h4><a href=\"https:\/\/youtu.be\/PvWtjLYCnYU\">Pachypodium Rutenbergianum &#8211; Gu\u00eda de introducci\u00f3n a esta Planta Africana de Colecci\u00f3n.<\/a><\/h4>\n<p>\u00bfC\u00f3mo es la flor? \u00bfCu\u00e1nto crece? \u00bfC\u00f3mo es? Descubre estas y otras respuestas en este video donde explicamos detalles importantes acerca de la variedad de Pac&#8230;<\/p><\/blockquote>\n<p><script async src=\"\/\/cdn.embedly.com\/widgets\/platform.js\" charset=\"UTF-8\"><\/script><\/p>\n<h2>\u00bfTienes dudas?<\/h2>\n<p>[wpforms id=\u00bb3788&#8243; title=\u00bbfalse\u00bb description=\u00bbtrue\u00bb]<\/p>\n<p><strong>S\u00edguenos y descubre m\u00e1s productos nuevos.<\/strong><\/p>\n<p><a href=\"https:\/\/www.facebook.com\/mmagnoliophyta\/\">Facebook\u00a0<\/a>\u2013\u00a0<a href=\"https:\/\/www.instagram.com\/mmagnoliophyta\/\">Instagram\u00a0<\/a>\u2013\u00a0<a href=\"https:\/\/www.pinterest.com.mx\/mmagnoliophyta\/\">Pinterest<\/a>\u00a0\u2013\u00a0<a href=\"https:\/\/www.youtube.com\/channel\/UCKtWWE_lBszDJG5eNf_XrEg\">Youtube.<\/a><\/p>\n","protected":false},"excerpt":{"rendered":"<ul>\n<li style=\"color: #2e9b03;\">Compra segura y protegida con SSL.<\/li>\n<li style=\"color: #2e9b03;\">Paga en OXXO, con Tarjeta o Transferencia.<\/li>\n<li style=\"color: #2e9b03;\">Recibe el producto que esperas o te devolvemos tu dinero.<\/li>\n<\/ul>\n","protected":false},"featured_media":206,"template":"","meta":[],"product_brand":[],"product_cat":[36,35],"product_tag":[20,21],"class_list":{"0":"post-133","1":"product","2":"type-product","3":"status-publish","4":"has-post-thumbnail","6":"product_cat-rutenbergianum","7":"product_cat-semillas","8":"product_tag-cactus","9":"product_tag-plantas","11":"first","12":"instock","13":"sale","14":"shipping-taxable","15":"purchasable","16":"product-type-simple"},"yoast_head":"<!-- This site is optimized with the Yoast SEO plugin v25.4 - https:\/\/yoast.com\/wordpress\/plugins\/seo\/ -->\n<title>Semillas de Pachypodium Rutenbergianum - 30 Piezas .<\/title>\n<meta name=\"description\" content=\"Venta de Semillas de Pachypodium Rutenbergianum. Descubre precios y caracter\u00edsticas. Compra estas semillas para germinar. Ver ahora.\" \/>\n<meta name=\"robots\" content=\"index, follow, max-snippet:-1, max-image-preview:large, max-video-preview:-1\" \/>\n<link rel=\"canonical\" href=\"https:\/\/mundomagnoliophyta.com\/tienda\/pachypodium\/rutenbergianum\/semillas-sofiense-30pz\/\" \/>\n<meta property=\"og:locale\" content=\"es_ES\" \/>\n<meta property=\"og:type\" content=\"article\" \/>\n<meta property=\"og:title\" content=\"Semillas de Pachypodium Rutenbergianum - 30 Piezas .\" \/>\n<meta property=\"og:description\" content=\"Venta de Semillas de Pachypodium Rutenbergianum. Descubre precios y caracter\u00edsticas. Compra estas semillas para germinar. Ver ahora.\" \/>\n<meta property=\"og:url\" content=\"https:\/\/mundomagnoliophyta.com\/tienda\/pachypodium\/rutenbergianum\/semillas-sofiense-30pz\/\" \/>\n<meta property=\"og:site_name\" content=\"Tienda Vivero Magnoliophyta\" \/>\n<meta property=\"article:modified_time\" content=\"2023-07-29T12:10:00+00:00\" \/>\n<meta property=\"og:image\" content=\"https:\/\/mundomagnoliophyta.com\/tienda\/wp-content\/uploads\/2023\/07\/Semillas-de-Pachypodium-Rutenbergianum-Sofiense-Vivero-Magnoliophyta-fondo-blanco-Web-11.jpg\" \/>\n\t<meta property=\"og:image:width\" content=\"2084\" \/>\n\t<meta property=\"og:image:height\" content=\"1545\" \/>\n\t<meta property=\"og:image:type\" content=\"image\/jpeg\" \/>\n<meta name=\"twitter:card\" content=\"summary_large_image\" \/>\n<meta name=\"twitter:label1\" content=\"Tiempo de lectura\" \/>\n\t<meta name=\"twitter:data1\" content=\"3 minutos\" \/>\n<script type=\"application\/ld+json\" class=\"yoast-schema-graph\">{\"@context\":\"https:\/\/schema.org\",\"@graph\":[{\"@type\":\"WebPage\",\"@id\":\"https:\/\/mundomagnoliophyta.com\/tienda\/pachypodium\/rutenbergianum\/semillas-sofiense-30pz\/\",\"url\":\"https:\/\/mundomagnoliophyta.com\/tienda\/pachypodium\/rutenbergianum\/semillas-sofiense-30pz\/\",\"name\":\"Semillas de Pachypodium Rutenbergianum - 30 Piezas .\",\"isPartOf\":{\"@id\":\"https:\/\/mundomagnoliophyta.com\/tienda\/#website\"},\"primaryImageOfPage\":{\"@id\":\"https:\/\/mundomagnoliophyta.com\/tienda\/pachypodium\/rutenbergianum\/semillas-sofiense-30pz\/#primaryimage\"},\"image\":{\"@id\":\"https:\/\/mundomagnoliophyta.com\/tienda\/pachypodium\/rutenbergianum\/semillas-sofiense-30pz\/#primaryimage\"},\"thumbnailUrl\":\"https:\/\/mundomagnoliophyta.com\/tienda\/wp-content\/uploads\/2023\/07\/Semillas-de-Pachypodium-Rutenbergianum-Sofiense-Vivero-Magnoliophyta-fondo-blanco-Web-11.jpg\",\"datePublished\":\"2023-07-28T06:34:05+00:00\",\"dateModified\":\"2023-07-29T12:10:00+00:00\",\"description\":\"Venta de Semillas de Pachypodium Rutenbergianum. Descubre precios y caracter\u00edsticas. Compra estas semillas para germinar. Ver ahora.\",\"breadcrumb\":{\"@id\":\"https:\/\/mundomagnoliophyta.com\/tienda\/pachypodium\/rutenbergianum\/semillas-sofiense-30pz\/#breadcrumb\"},\"inLanguage\":\"es\",\"potentialAction\":[{\"@type\":\"ReadAction\",\"target\":[\"https:\/\/mundomagnoliophyta.com\/tienda\/pachypodium\/rutenbergianum\/semillas-sofiense-30pz\/\"]}]},{\"@type\":\"ImageObject\",\"inLanguage\":\"es\",\"@id\":\"https:\/\/mundomagnoliophyta.com\/tienda\/pachypodium\/rutenbergianum\/semillas-sofiense-30pz\/#primaryimage\",\"url\":\"https:\/\/mundomagnoliophyta.com\/tienda\/wp-content\/uploads\/2023\/07\/Semillas-de-Pachypodium-Rutenbergianum-Sofiense-Vivero-Magnoliophyta-fondo-blanco-Web-11.jpg\",\"contentUrl\":\"https:\/\/mundomagnoliophyta.com\/tienda\/wp-content\/uploads\/2023\/07\/Semillas-de-Pachypodium-Rutenbergianum-Sofiense-Vivero-Magnoliophyta-fondo-blanco-Web-11.jpg\",\"width\":2084,\"height\":1545},{\"@type\":\"BreadcrumbList\",\"@id\":\"https:\/\/mundomagnoliophyta.com\/tienda\/pachypodium\/rutenbergianum\/semillas-sofiense-30pz\/#breadcrumb\",\"itemListElement\":[{\"@type\":\"ListItem\",\"position\":1,\"name\":\"Portada\",\"item\":\"https:\/\/mundomagnoliophyta.com\/tienda\/\"},{\"@type\":\"ListItem\",\"position\":2,\"name\":\"Tienda\",\"item\":\"https:\/\/mundomagnoliophyta.com\/tienda\/tienda\/\"},{\"@type\":\"ListItem\",\"position\":3,\"name\":\"Semillas de Pachypodium Rutenbergianum &#8211; 30 Piezas\"}]},{\"@type\":\"WebSite\",\"@id\":\"https:\/\/mundomagnoliophyta.com\/tienda\/#website\",\"url\":\"https:\/\/mundomagnoliophyta.com\/tienda\/\",\"name\":\"Tienda Vivero Magnoliophyta\",\"description\":\"Tienda de Pachypodium, Echeveria Laui, Grusonii y Adenium\",\"publisher\":{\"@id\":\"https:\/\/mundomagnoliophyta.com\/tienda\/#organization\"},\"potentialAction\":[{\"@type\":\"SearchAction\",\"target\":{\"@type\":\"EntryPoint\",\"urlTemplate\":\"https:\/\/mundomagnoliophyta.com\/tienda\/?s={search_term_string}\"},\"query-input\":{\"@type\":\"PropertyValueSpecification\",\"valueRequired\":true,\"valueName\":\"search_term_string\"}}],\"inLanguage\":\"es\"},{\"@type\":\"Organization\",\"@id\":\"https:\/\/mundomagnoliophyta.com\/tienda\/#organization\",\"name\":\"Tienda Vivero Magnoliophyta\",\"url\":\"https:\/\/mundomagnoliophyta.com\/tienda\/\",\"logo\":{\"@type\":\"ImageObject\",\"inLanguage\":\"es\",\"@id\":\"https:\/\/mundomagnoliophyta.com\/tienda\/#\/schema\/logo\/image\/\",\"url\":\"https:\/\/mundomagnoliophyta.com\/tienda\/wp-content\/uploads\/2023\/07\/Logo-Magnoliophyta-web.png\",\"contentUrl\":\"https:\/\/mundomagnoliophyta.com\/tienda\/wp-content\/uploads\/2023\/07\/Logo-Magnoliophyta-web.png\",\"width\":331,\"height\":71,\"caption\":\"Tienda Vivero Magnoliophyta\"},\"image\":{\"@id\":\"https:\/\/mundomagnoliophyta.com\/tienda\/#\/schema\/logo\/image\/\"}}]}<\/script>\n<!-- \/ Yoast SEO plugin. -->","yoast_head_json":{"title":"Semillas de Pachypodium Rutenbergianum - 30 Piezas .","description":"Venta de Semillas de Pachypodium Rutenbergianum. Descubre precios y caracter\u00edsticas. Compra estas semillas para germinar. Ver ahora.","robots":{"index":"index","follow":"follow","max-snippet":"max-snippet:-1","max-image-preview":"max-image-preview:large","max-video-preview":"max-video-preview:-1"},"canonical":"https:\/\/mundomagnoliophyta.com\/tienda\/pachypodium\/rutenbergianum\/semillas-sofiense-30pz\/","og_locale":"es_ES","og_type":"article","og_title":"Semillas de Pachypodium Rutenbergianum - 30 Piezas .","og_description":"Venta de Semillas de Pachypodium Rutenbergianum. Descubre precios y caracter\u00edsticas. Compra estas semillas para germinar. Ver ahora.","og_url":"https:\/\/mundomagnoliophyta.com\/tienda\/pachypodium\/rutenbergianum\/semillas-sofiense-30pz\/","og_site_name":"Tienda Vivero Magnoliophyta","article_modified_time":"2023-07-29T12:10:00+00:00","og_image":[{"width":2084,"height":1545,"url":"https:\/\/mundomagnoliophyta.com\/tienda\/wp-content\/uploads\/2023\/07\/Semillas-de-Pachypodium-Rutenbergianum-Sofiense-Vivero-Magnoliophyta-fondo-blanco-Web-11.jpg","type":"image\/jpeg"}],"twitter_card":"summary_large_image","twitter_misc":{"Tiempo de lectura":"3 minutos"},"schema":{"@context":"https:\/\/schema.org","@graph":[{"@type":"WebPage","@id":"https:\/\/mundomagnoliophyta.com\/tienda\/pachypodium\/rutenbergianum\/semillas-sofiense-30pz\/","url":"https:\/\/mundomagnoliophyta.com\/tienda\/pachypodium\/rutenbergianum\/semillas-sofiense-30pz\/","name":"Semillas de Pachypodium Rutenbergianum - 30 Piezas .","isPartOf":{"@id":"https:\/\/mundomagnoliophyta.com\/tienda\/#website"},"primaryImageOfPage":{"@id":"https:\/\/mundomagnoliophyta.com\/tienda\/pachypodium\/rutenbergianum\/semillas-sofiense-30pz\/#primaryimage"},"image":{"@id":"https:\/\/mundomagnoliophyta.com\/tienda\/pachypodium\/rutenbergianum\/semillas-sofiense-30pz\/#primaryimage"},"thumbnailUrl":"https:\/\/mundomagnoliophyta.com\/tienda\/wp-content\/uploads\/2023\/07\/Semillas-de-Pachypodium-Rutenbergianum-Sofiense-Vivero-Magnoliophyta-fondo-blanco-Web-11.jpg","datePublished":"2023-07-28T06:34:05+00:00","dateModified":"2023-07-29T12:10:00+00:00","description":"Venta de Semillas de Pachypodium Rutenbergianum. Descubre precios y caracter\u00edsticas. Compra estas semillas para germinar. Ver ahora.","breadcrumb":{"@id":"https:\/\/mundomagnoliophyta.com\/tienda\/pachypodium\/rutenbergianum\/semillas-sofiense-30pz\/#breadcrumb"},"inLanguage":"es","potentialAction":[{"@type":"ReadAction","target":["https:\/\/mundomagnoliophyta.com\/tienda\/pachypodium\/rutenbergianum\/semillas-sofiense-30pz\/"]}]},{"@type":"ImageObject","inLanguage":"es","@id":"https:\/\/mundomagnoliophyta.com\/tienda\/pachypodium\/rutenbergianum\/semillas-sofiense-30pz\/#primaryimage","url":"https:\/\/mundomagnoliophyta.com\/tienda\/wp-content\/uploads\/2023\/07\/Semillas-de-Pachypodium-Rutenbergianum-Sofiense-Vivero-Magnoliophyta-fondo-blanco-Web-11.jpg","contentUrl":"https:\/\/mundomagnoliophyta.com\/tienda\/wp-content\/uploads\/2023\/07\/Semillas-de-Pachypodium-Rutenbergianum-Sofiense-Vivero-Magnoliophyta-fondo-blanco-Web-11.jpg","width":2084,"height":1545},{"@type":"BreadcrumbList","@id":"https:\/\/mundomagnoliophyta.com\/tienda\/pachypodium\/rutenbergianum\/semillas-sofiense-30pz\/#breadcrumb","itemListElement":[{"@type":"ListItem","position":1,"name":"Portada","item":"https:\/\/mundomagnoliophyta.com\/tienda\/"},{"@type":"ListItem","position":2,"name":"Tienda","item":"https:\/\/mundomagnoliophyta.com\/tienda\/tienda\/"},{"@type":"ListItem","position":3,"name":"Semillas de Pachypodium Rutenbergianum &#8211; 30 Piezas"}]},{"@type":"WebSite","@id":"https:\/\/mundomagnoliophyta.com\/tienda\/#website","url":"https:\/\/mundomagnoliophyta.com\/tienda\/","name":"Tienda Vivero Magnoliophyta","description":"Tienda de Pachypodium, Echeveria Laui, Grusonii y Adenium","publisher":{"@id":"https:\/\/mundomagnoliophyta.com\/tienda\/#organization"},"potentialAction":[{"@type":"SearchAction","target":{"@type":"EntryPoint","urlTemplate":"https:\/\/mundomagnoliophyta.com\/tienda\/?s={search_term_string}"},"query-input":{"@type":"PropertyValueSpecification","valueRequired":true,"valueName":"search_term_string"}}],"inLanguage":"es"},{"@type":"Organization","@id":"https:\/\/mundomagnoliophyta.com\/tienda\/#organization","name":"Tienda Vivero Magnoliophyta","url":"https:\/\/mundomagnoliophyta.com\/tienda\/","logo":{"@type":"ImageObject","inLanguage":"es","@id":"https:\/\/mundomagnoliophyta.com\/tienda\/#\/schema\/logo\/image\/","url":"https:\/\/mundomagnoliophyta.com\/tienda\/wp-content\/uploads\/2023\/07\/Logo-Magnoliophyta-web.png","contentUrl":"https:\/\/mundomagnoliophyta.com\/tienda\/wp-content\/uploads\/2023\/07\/Logo-Magnoliophyta-web.png","width":331,"height":71,"caption":"Tienda Vivero Magnoliophyta"},"image":{"@id":"https:\/\/mundomagnoliophyta.com\/tienda\/#\/schema\/logo\/image\/"}}]}},"_links":{"self":[{"href":"https:\/\/mundomagnoliophyta.com\/tienda\/wp-json\/wp\/v2\/product\/133","targetHints":{"allow":["GET"]}}],"collection":[{"href":"https:\/\/mundomagnoliophyta.com\/tienda\/wp-json\/wp\/v2\/product"}],"about":[{"href":"https:\/\/mundomagnoliophyta.com\/tienda\/wp-json\/wp\/v2\/types\/product"}],"wp:featuredmedia":[{"embeddable":true,"href":"https:\/\/mundomagnoliophyta.com\/tienda\/wp-json\/wp\/v2\/media\/206"}],"wp:attachment":[{"href":"https:\/\/mundomagnoliophyta.com\/tienda\/wp-json\/wp\/v2\/media?parent=133"}],"wp:term":[{"taxonomy":"product_brand","embeddable":true,"href":"https:\/\/mundomagnoliophyta.com\/tienda\/wp-json\/wp\/v2\/product_brand?post=133"},{"taxonomy":"product_cat","embeddable":true,"href":"https:\/\/mundomagnoliophyta.com\/tienda\/wp-json\/wp\/v2\/product_cat?post=133"},{"taxonomy":"product_tag","embeddable":true,"href":"https:\/\/mundomagnoliophyta.com\/tienda\/wp-json\/wp\/v2\/product_tag?post=133"}],"curies":[{"name":"wp","href":"https:\/\/api.w.org\/{rel}","templated":true}]}}